{"id":156917,"date":"2022-01-28T21:48:19","date_gmt":"2022-01-29T00:48:19","guid":{"rendered":"https:\/\/palafito1326.com\/?post_type=product&#038;p=156917"},"modified":"2023-10-20T15:59:49","modified_gmt":"2023-10-20T18:59:49","slug":"ceviche-mestizo","status":"publish","type":"product","link":"https:\/\/palafito1326.com\/en\/producto\/ceviche-mestizo\/","title":{"rendered":"Ceviche Mestizo"},"content":{"rendered":"","protected":false},"excerpt":{"rendered":"<p>Ceviche de salm\u00f3n, salicornias, camar\u00f3n, en emulsi\u00f3n c\u00edtrica de zapallo camote y terminado con apanados de merluza sure\u00f1a.<\/p>\n","protected":false},"featured_media":166018,"template":"","meta":[],"product_brand":[],"product_cat":[141],"product_tag":[],"class_list":{"0":"post-156917","1":"product","2":"type-product","3":"status-publish","4":"has-post-thumbnail","6":"product_cat-para-comenzar","7":"wpcafe_location-castro","9":"first","10":"instock","11":"shipping-taxable","12":"purchasable","13":"product-type-simple"},"yoast_head":"<!-- This site is optimized with the Yoast SEO plugin v27.2 - https:\/\/yoast.com\/product\/yoast-seo-wordpress\/ -->\n<title>Ceviche Mestizo - Palafito 1326<\/title>\n<meta name=\"robots\" content=\"index, follow, max-snippet:-1, max-image-preview:large, max-video-preview:-1\" \/>\n<link rel=\"canonical\" href=\"https:\/\/palafito1326.com\/en\/producto\/ceviche-mestizo\/\" \/>\n<meta property=\"og:locale\" content=\"en_US\" \/>\n<meta property=\"og:type\" content=\"article\" \/>\n<meta property=\"og:title\" content=\"Ceviche Mestizo - Palafito 1326\" \/>\n<meta property=\"og:description\" content=\"Ceviche de salm\u00f3n, salicornias, camar\u00f3n, en emulsi\u00f3n c\u00edtrica de zapallo camote y terminado con apanados de merluza sure\u00f1a.\" \/>\n<meta property=\"og:url\" content=\"https:\/\/palafito1326.com\/en\/producto\/ceviche-mestizo\/\" \/>\n<meta property=\"og:site_name\" content=\"Palafito 1326\" \/>\n<meta property=\"article:modified_time\" content=\"2023-10-20T18:59:49+00:00\" \/>\n<meta property=\"og:image\" content=\"https:\/\/palafito1326.com\/wp-content\/uploads\/2022\/01\/IMG_2707-2-min.jpg\" \/>\n\t<meta property=\"og:image:width\" content=\"1440\" \/>\n\t<meta property=\"og:image:height\" content=\"960\" \/>\n\t<meta property=\"og:image:type\" content=\"image\/jpeg\" \/>\n<meta name=\"twitter:card\" content=\"summary_large_image\" \/>\n<script type=\"application\/ld+json\" class=\"yoast-schema-graph\">{\"@context\":\"https:\/\/schema.org\",\"@graph\":[{\"@type\":\"WebPage\",\"@id\":\"https:\/\/palafito1326.com\/en\/producto\/ceviche-mestizo\/\",\"url\":\"https:\/\/palafito1326.com\/en\/producto\/ceviche-mestizo\/\",\"name\":\"Ceviche Mestizo - Palafito 1326\",\"isPartOf\":{\"@id\":\"https:\/\/palafito1326.com\/en\/#website\"},\"primaryImageOfPage\":{\"@id\":\"https:\/\/palafito1326.com\/en\/producto\/ceviche-mestizo\/#primaryimage\"},\"image\":{\"@id\":\"https:\/\/palafito1326.com\/en\/producto\/ceviche-mestizo\/#primaryimage\"},\"thumbnailUrl\":\"https:\/\/palafito1326.com\/wp-content\/uploads\/2022\/01\/IMG_2707-2-min.jpg\",\"datePublished\":\"2022-01-29T00:48:19+00:00\",\"dateModified\":\"2023-10-20T18:59:49+00:00\",\"breadcrumb\":{\"@id\":\"https:\/\/palafito1326.com\/en\/producto\/ceviche-mestizo\/#breadcrumb\"},\"inLanguage\":\"en-US\",\"potentialAction\":[{\"@type\":\"ReadAction\",\"target\":[\"https:\/\/palafito1326.com\/en\/producto\/ceviche-mestizo\/\"]}]},{\"@type\":\"ImageObject\",\"inLanguage\":\"en-US\",\"@id\":\"https:\/\/palafito1326.com\/en\/producto\/ceviche-mestizo\/#primaryimage\",\"url\":\"https:\/\/palafito1326.com\/wp-content\/uploads\/2022\/01\/IMG_2707-2-min.jpg\",\"contentUrl\":\"https:\/\/palafito1326.com\/wp-content\/uploads\/2022\/01\/IMG_2707-2-min.jpg\",\"width\":1440,\"height\":960},{\"@type\":\"BreadcrumbList\",\"@id\":\"https:\/\/palafito1326.com\/en\/producto\/ceviche-mestizo\/#breadcrumb\",\"itemListElement\":[{\"@type\":\"ListItem\",\"position\":1,\"name\":\"Portada\",\"item\":\"https:\/\/palafito1326.com\/en\/\"},{\"@type\":\"ListItem\",\"position\":2,\"name\":\"Ceviche Mestizo\"}]},{\"@type\":\"WebSite\",\"@id\":\"https:\/\/palafito1326.com\/en\/#website\",\"url\":\"https:\/\/palafito1326.com\/en\/\",\"name\":\"Palafito 1326\",\"description\":\"Boutique Hotel\",\"publisher\":{\"@id\":\"https:\/\/palafito1326.com\/en\/#organization\"},\"potentialAction\":[{\"@type\":\"SearchAction\",\"target\":{\"@type\":\"EntryPoint\",\"urlTemplate\":\"https:\/\/palafito1326.com\/en\/?s={search_term_string}\"},\"query-input\":{\"@type\":\"PropertyValueSpecification\",\"valueRequired\":true,\"valueName\":\"search_term_string\"}}],\"inLanguage\":\"en-US\"},{\"@type\":\"Organization\",\"@id\":\"https:\/\/palafito1326.com\/en\/#organization\",\"name\":\"Palafito 1326 Hotel Boutique\",\"url\":\"https:\/\/palafito1326.com\/en\/\",\"logo\":{\"@type\":\"ImageObject\",\"inLanguage\":\"en-US\",\"@id\":\"https:\/\/palafito1326.com\/en\/#\/schema\/logo\/image\/\",\"url\":\"https:\/\/palafito1326.com\/wp-content\/uploads\/2020\/10\/Palafito-1326-c.svg\",\"contentUrl\":\"https:\/\/palafito1326.com\/wp-content\/uploads\/2020\/10\/Palafito-1326-c.svg\",\"width\":202,\"height\":48,\"caption\":\"Palafito 1326 Hotel Boutique\"},\"image\":{\"@id\":\"https:\/\/palafito1326.com\/en\/#\/schema\/logo\/image\/\"}}]}<\/script>\n<!-- \/ Yoast SEO plugin. -->","yoast_head_json":{"title":"Ceviche Mestizo - Palafito 1326","robots":{"index":"index","follow":"follow","max-snippet":"max-snippet:-1","max-image-preview":"max-image-preview:large","max-video-preview":"max-video-preview:-1"},"canonical":"https:\/\/palafito1326.com\/en\/producto\/ceviche-mestizo\/","og_locale":"en_US","og_type":"article","og_title":"Ceviche Mestizo - Palafito 1326","og_description":"Ceviche de salm\u00f3n, salicornias, camar\u00f3n, en emulsi\u00f3n c\u00edtrica de zapallo camote y terminado con apanados de merluza sure\u00f1a.","og_url":"https:\/\/palafito1326.com\/en\/producto\/ceviche-mestizo\/","og_site_name":"Palafito 1326","article_modified_time":"2023-10-20T18:59:49+00:00","og_image":[{"width":1440,"height":960,"url":"https:\/\/palafito1326.com\/wp-content\/uploads\/2022\/01\/IMG_2707-2-min.jpg","type":"image\/jpeg"}],"twitter_card":"summary_large_image","schema":{"@context":"https:\/\/schema.org","@graph":[{"@type":"WebPage","@id":"https:\/\/palafito1326.com\/en\/producto\/ceviche-mestizo\/","url":"https:\/\/palafito1326.com\/en\/producto\/ceviche-mestizo\/","name":"Ceviche Mestizo - Palafito 1326","isPartOf":{"@id":"https:\/\/palafito1326.com\/en\/#website"},"primaryImageOfPage":{"@id":"https:\/\/palafito1326.com\/en\/producto\/ceviche-mestizo\/#primaryimage"},"image":{"@id":"https:\/\/palafito1326.com\/en\/producto\/ceviche-mestizo\/#primaryimage"},"thumbnailUrl":"https:\/\/palafito1326.com\/wp-content\/uploads\/2022\/01\/IMG_2707-2-min.jpg","datePublished":"2022-01-29T00:48:19+00:00","dateModified":"2023-10-20T18:59:49+00:00","breadcrumb":{"@id":"https:\/\/palafito1326.com\/en\/producto\/ceviche-mestizo\/#breadcrumb"},"inLanguage":"en-US","potentialAction":[{"@type":"ReadAction","target":["https:\/\/palafito1326.com\/en\/producto\/ceviche-mestizo\/"]}]},{"@type":"ImageObject","inLanguage":"en-US","@id":"https:\/\/palafito1326.com\/en\/producto\/ceviche-mestizo\/#primaryimage","url":"https:\/\/palafito1326.com\/wp-content\/uploads\/2022\/01\/IMG_2707-2-min.jpg","contentUrl":"https:\/\/palafito1326.com\/wp-content\/uploads\/2022\/01\/IMG_2707-2-min.jpg","width":1440,"height":960},{"@type":"BreadcrumbList","@id":"https:\/\/palafito1326.com\/en\/producto\/ceviche-mestizo\/#breadcrumb","itemListElement":[{"@type":"ListItem","position":1,"name":"Portada","item":"https:\/\/palafito1326.com\/en\/"},{"@type":"ListItem","position":2,"name":"Ceviche Mestizo"}]},{"@type":"WebSite","@id":"https:\/\/palafito1326.com\/en\/#website","url":"https:\/\/palafito1326.com\/en\/","name":"Palafito 1326","description":"Boutique Hotel","publisher":{"@id":"https:\/\/palafito1326.com\/en\/#organization"},"potentialAction":[{"@type":"SearchAction","target":{"@type":"EntryPoint","urlTemplate":"https:\/\/palafito1326.com\/en\/?s={search_term_string}"},"query-input":{"@type":"PropertyValueSpecification","valueRequired":true,"valueName":"search_term_string"}}],"inLanguage":"en-US"},{"@type":"Organization","@id":"https:\/\/palafito1326.com\/en\/#organization","name":"Palafito 1326 Hotel Boutique","url":"https:\/\/palafito1326.com\/en\/","logo":{"@type":"ImageObject","inLanguage":"en-US","@id":"https:\/\/palafito1326.com\/en\/#\/schema\/logo\/image\/","url":"https:\/\/palafito1326.com\/wp-content\/uploads\/2020\/10\/Palafito-1326-c.svg","contentUrl":"https:\/\/palafito1326.com\/wp-content\/uploads\/2020\/10\/Palafito-1326-c.svg","width":202,"height":48,"caption":"Palafito 1326 Hotel Boutique"},"image":{"@id":"https:\/\/palafito1326.com\/en\/#\/schema\/logo\/image\/"}}]}},"_links":{"self":[{"href":"https:\/\/palafito1326.com\/en\/wp-json\/wp\/v2\/product\/156917","targetHints":{"allow":["GET"]}}],"collection":[{"href":"https:\/\/palafito1326.com\/en\/wp-json\/wp\/v2\/product"}],"about":[{"href":"https:\/\/palafito1326.com\/en\/wp-json\/wp\/v2\/types\/product"}],"version-history":[{"count":6,"href":"https:\/\/palafito1326.com\/en\/wp-json\/wp\/v2\/product\/156917\/revisions"}],"predecessor-version":[{"id":162209,"href":"https:\/\/palafito1326.com\/en\/wp-json\/wp\/v2\/product\/156917\/revisions\/162209"}],"wp:featuredmedia":[{"embeddable":true,"href":"https:\/\/palafito1326.com\/en\/wp-json\/wp\/v2\/media\/166018"}],"wp:attachment":[{"href":"https:\/\/palafito1326.com\/en\/wp-json\/wp\/v2\/media?parent=156917"}],"wp:term":[{"taxonomy":"product_brand","embeddable":true,"href":"https:\/\/palafito1326.com\/en\/wp-json\/wp\/v2\/product_brand?post=156917"},{"taxonomy":"product_cat","embeddable":true,"href":"https:\/\/palafito1326.com\/en\/wp-json\/wp\/v2\/product_cat?post=156917"},{"taxonomy":"product_tag","embeddable":true,"href":"https:\/\/palafito1326.com\/en\/wp-json\/wp\/v2\/product_tag?post=156917"}],"curies":[{"name":"wp","href":"https:\/\/api.w.org\/{rel}","templated":true}]}}