{"id":1380,"date":"2018-07-19T13:15:33","date_gmt":"2018-07-19T17:15:33","guid":{"rendered":"https:\/\/palafito1326.com\/contacto-hotel-boutique-castro-chiloe\/"},"modified":"2021-03-17T17:27:39","modified_gmt":"2021-03-17T20:27:39","slug":"contact-hotel-boutique-castro-chiloe-chili","status":"publish","type":"page","link":"https:\/\/palafito1326.com\/fr\/contact-hotel-boutique-castro-chiloe-chili\/","title":{"rendered":"Contact"},"content":{"rendered":"\t\t<div data-elementor-type=\"wp-post\" data-elementor-id=\"1380\" class=\"elementor elementor-1380 elementor-175\">\n\t\t\t\t\t\t<section class=\"elementor-section elementor-top-section elementor-element elementor-element-f4792c9 elementor-section-boxed elementor-section-height-default elementor-section-height-default\" data-id=\"f4792c9\" data-element_type=\"section\" data-e-type=\"section\">\n\t\t\t\t\t\t<div class=\"elementor-container elementor-column-gap-default\">\n\t\t\t\t\t<div class=\"elementor-column elementor-col-33 elementor-top-column elementor-element elementor-element-498c077\" data-id=\"498c077\" data-element_type=\"column\" data-e-type=\"column\">\n\t\t\t<div class=\"elementor-widget-wrap elementor-element-populated\">\n\t\t\t\t\t\t<div class=\"elementor-element elementor-element-703a616 elementor-icon-list--layout-inline elementor-align-start elementor-list-item-link-full_width elementor-widget elementor-widget-icon-list\" data-id=\"703a616\" data-element_type=\"widget\" data-e-type=\"widget\" data-widget_type=\"icon-list.default\">\n\t\t\t\t<div class=\"elementor-widget-container\">\n\t\t\t\t\t\t\t<ul class=\"elementor-icon-list-items elementor-inline-items\">\n\t\t\t\t\t\t\t<li class=\"elementor-icon-list-item elementor-inline-item\">\n\t\t\t\t\t\t\t\t\t\t\t<a href=\"https:\/\/goo.gl\/maps\/vSTKX5HBsdscjsEs7\" target=\"_blank\">\n\n\t\t\t\t\t\t\t\t\t\t\t\t<span class=\"elementor-icon-list-icon\">\n\t\t\t\t\t\t\t<i aria-hidden=\"true\" class=\"fas fa-map-marker-alt\"><\/i>\t\t\t\t\t\t<\/span>\n\t\t\t\t\t\t\t\t\t\t<span class=\"elementor-icon-list-text\">Rue Ernesto Riquelme #1326<\/span>\n\t\t\t\t\t\t\t\t\t\t\t<\/a>\n\t\t\t\t\t\t\t\t\t<\/li>\n\t\t\t\t\t\t<\/ul>\n\t\t\t\t\t\t<\/div>\n\t\t\t\t<\/div>\n\t\t\t\t\t<\/div>\n\t\t<\/div>\n\t\t\t\t<div class=\"elementor-column elementor-col-33 elementor-top-column elementor-element elementor-element-7d9f94e\" data-id=\"7d9f94e\" data-element_type=\"column\" data-e-type=\"column\">\n\t\t\t<div class=\"elementor-widget-wrap elementor-element-populated\">\n\t\t\t\t\t\t<div class=\"elementor-element elementor-element-f7690ec elementor-icon-list--layout-inline elementor-align-start elementor-list-item-link-full_width elementor-widget elementor-widget-icon-list\" data-id=\"f7690ec\" data-element_type=\"widget\" data-e-type=\"widget\" data-widget_type=\"icon-list.default\">\n\t\t\t\t<div class=\"elementor-widget-container\">\n\t\t\t\t\t\t\t<ul class=\"elementor-icon-list-items elementor-inline-items\">\n\t\t\t\t\t\t\t<li class=\"elementor-icon-list-item elementor-inline-item\">\n\t\t\t\t\t\t\t\t\t\t\t<a href=\"tel:+56652530053\" target=\"_blank\">\n\n\t\t\t\t\t\t\t\t\t\t\t\t<span class=\"elementor-icon-list-icon\">\n\t\t\t\t\t\t\t<i aria-hidden=\"true\" class=\"fas fa-mobile-alt\"><\/i>\t\t\t\t\t\t<\/span>\n\t\t\t\t\t\t\t\t\t\t<span class=\"elementor-icon-list-text\">+56 65 253 0053<\/span>\n\t\t\t\t\t\t\t\t\t\t\t<\/a>\n\t\t\t\t\t\t\t\t\t<\/li>\n\t\t\t\t\t\t<\/ul>\n\t\t\t\t\t\t<\/div>\n\t\t\t\t<\/div>\n\t\t\t\t\t<\/div>\n\t\t<\/div>\n\t\t\t\t<div class=\"elementor-column elementor-col-33 elementor-top-column elementor-element elementor-element-230ff72\" data-id=\"230ff72\" data-element_type=\"column\" data-e-type=\"column\">\n\t\t\t<div class=\"elementor-widget-wrap elementor-element-populated\">\n\t\t\t\t\t\t<div class=\"elementor-element elementor-element-2a54445 elementor-icon-list--layout-inline elementor-list-item-link-full_width elementor-widget elementor-widget-icon-list\" data-id=\"2a54445\" data-element_type=\"widget\" data-e-type=\"widget\" data-widget_type=\"icon-list.default\">\n\t\t\t\t<div class=\"elementor-widget-container\">\n\t\t\t\t\t\t\t<ul class=\"elementor-icon-list-items elementor-inline-items\">\n\t\t\t\t\t\t\t<li class=\"elementor-icon-list-item elementor-inline-item\">\n\t\t\t\t\t\t\t\t\t\t\t<a href=\"mailto:info@palafito1326.com\" target=\"_blank\">\n\n\t\t\t\t\t\t\t\t\t\t\t\t<span class=\"elementor-icon-list-icon\">\n\t\t\t\t\t\t\t<i aria-hidden=\"true\" class=\"fas fa-at\"><\/i>\t\t\t\t\t\t<\/span>\n\t\t\t\t\t\t\t\t\t\t<span class=\"elementor-icon-list-text\">info@palafito1326.com<\/span>\n\t\t\t\t\t\t\t\t\t\t\t<\/a>\n\t\t\t\t\t\t\t\t\t<\/li>\n\t\t\t\t\t\t<\/ul>\n\t\t\t\t\t\t<\/div>\n\t\t\t\t<\/div>\n\t\t\t\t\t<\/div>\n\t\t<\/div>\n\t\t\t\t\t<\/div>\n\t\t<\/section>\n\t\t\t\t<section class=\"elementor-section elementor-top-section elementor-element elementor-element-0cae2cd elementor-section-boxed elementor-section-height-default elementor-section-height-default\" data-id=\"0cae2cd\" data-element_type=\"section\" data-e-type=\"section\">\n\t\t\t\t\t\t<div class=\"elementor-container elementor-column-gap-default\">\n\t\t\t\t\t<div class=\"elementor-column elementor-col-50 elementor-top-column elementor-element elementor-element-c4eb51c\" data-id=\"c4eb51c\" data-element_type=\"column\" data-e-type=\"column\">\n\t\t\t<div class=\"elementor-widget-wrap elementor-element-populated\">\n\t\t\t\t\t\t<div class=\"elementor-element elementor-element-a33f357 elementor-widget elementor-widget-heading\" data-id=\"a33f357\" data-element_type=\"widget\" data-e-type=\"widget\" data-widget_type=\"heading.default\">\n\t\t\t\t<div class=\"elementor-widget-container\">\n\t\t\t\t\t<h2 class=\"elementor-heading-title elementor-size-default\">Comment se rendre \u00e0 l'h\u00f4tel<\/h2>\t\t\t\t<\/div>\n\t\t\t\t<\/div>\n\t\t\t\t<div class=\"elementor-element elementor-element-3a1052b elementor-widget elementor-widget-image\" data-id=\"3a1052b\" data-element_type=\"widget\" data-e-type=\"widget\" data-widget_type=\"image.default\">\n\t\t\t\t<div class=\"elementor-widget-container\">\n\t\t\t\t\t\t\t\t\t\t\t\t\t\t\t<img decoding=\"async\" width=\"56\" height=\"12\" src=\"https:\/\/palafito1326.com\/wp-content\/uploads\/2018\/07\/divider_line_big.svg\" class=\"attachment-full size-full wp-image-47\" alt=\"\" \/>\t\t\t\t\t\t\t\t\t\t\t\t\t\t\t<\/div>\n\t\t\t\t<\/div>\n\t\t\t\t<div class=\"elementor-element elementor-element-fdd15aa elementor-widget elementor-widget-text-editor\" data-id=\"fdd15aa\" data-element_type=\"widget\" data-e-type=\"widget\" data-widget_type=\"text-editor.default\">\n\t\t\t\t<div class=\"elementor-widget-container\">\n\t\t\t\t\t\t\t\t\t<h5>Depuis le terminal de Castro<\/h5><p>Depuis les 2 terminaux de bus situ\u00e9s dans le centre de Castro, vous pourrez acc\u00e9der au chemin qui m\u00e8ne au belv\u00e9d\u00e8re <strong>&#8220;Palafitos de Gamboa&#8221;<\/strong> ou emprunter le mini-bus pour vous rendre dans les villes de Gamboa ou de Nercon. Vous pouvez \u00e9galement prendre un taxi ou un &#8220;colectivo&#8221; qui est un taxi partag\u00e9.<\/p><h5>Depuis l&#8217;a\u00e9roport<\/h5><p><strong>L&#8217;a\u00e9roport de Mocupulli-Dalcahue<\/strong>, qui dessert la ville de Castro, est \u00e0 environ 20 minutes. Vous pouvez prendre un bus, un transfert ou un taxi.<\/p><h5>Transferts priv\u00e9s<\/h5><p><strong>Palafito 1326<\/strong>, a un transfert \u00e0 l&#8217;a\u00e9roport et doit \u00eatre pay\u00e9 au moment de la r\u00e9servation pour assurer la disponibilit\u00e9.<\/p>\t\t\t\t\t\t\t\t<\/div>\n\t\t\t\t<\/div>\n\t\t\t\t\t<\/div>\n\t\t<\/div>\n\t\t\t\t<div class=\"elementor-column elementor-col-50 elementor-top-column elementor-element elementor-element-c153643\" data-id=\"c153643\" data-element_type=\"column\" data-e-type=\"column\">\n\t\t\t<div class=\"elementor-widget-wrap elementor-element-populated\">\n\t\t\t\t\t\t<div class=\"elementor-element elementor-element-4dfdfbe elementor-widget elementor-widget-heading\" data-id=\"4dfdfbe\" data-element_type=\"widget\" data-e-type=\"widget\" data-widget_type=\"heading.default\">\n\t\t\t\t<div class=\"elementor-widget-container\">\n\t\t\t\t\t<h2 class=\"elementor-heading-title elementor-size-default\">Nous contacter<\/h2>\t\t\t\t<\/div>\n\t\t\t\t<\/div>\n\t\t\t\t<div class=\"elementor-element elementor-element-1c77e5b elementor-widget elementor-widget-image\" data-id=\"1c77e5b\" data-element_type=\"widget\" data-e-type=\"widget\" data-widget_type=\"image.default\">\n\t\t\t\t<div class=\"elementor-widget-container\">\n\t\t\t\t\t\t\t\t\t\t\t\t\t\t\t<img decoding=\"async\" width=\"56\" height=\"12\" src=\"https:\/\/palafito1326.com\/wp-content\/uploads\/2018\/07\/divider_line_big.svg\" class=\"attachment-full size-full wp-image-47\" alt=\"\" \/>\t\t\t\t\t\t\t\t\t\t\t\t\t\t\t<\/div>\n\t\t\t\t<\/div>\n\t\t\t\t<div class=\"elementor-element elementor-element-c9729f7 elementor-widget elementor-widget-shortcode\" data-id=\"c9729f7\" data-element_type=\"widget\" data-e-type=\"widget\" data-widget_type=\"shortcode.default\">\n\t\t\t\t<div class=\"elementor-widget-container\">\n\t\t\t\t\t\t\t<div class=\"elementor-shortcode\">\n<div class=\"wpcf7 no-js\" id=\"wpcf7-f150610-o1\" lang=\"es-ES\" dir=\"ltr\" data-wpcf7-id=\"150610\">\n<div class=\"screen-reader-response\"><p role=\"status\" aria-live=\"polite\" aria-atomic=\"true\"><\/p> <ul><\/ul><\/div>\n<form action=\"\/fr\/wp-json\/wp\/v2\/pages\/1380#wpcf7-f150610-o1\" method=\"post\" class=\"wpcf7-form init\" aria-label=\"Formulario de contacto\" novalidate=\"novalidate\" data-status=\"init\">\n<fieldset class=\"hidden-fields-container\"><input type=\"hidden\" name=\"_wpcf7\" value=\"150610\" \/><input type=\"hidden\" name=\"_wpcf7_version\" value=\"6.1.5\" \/><input type=\"hidden\" name=\"_wpcf7_locale\" value=\"es_ES\" \/><input type=\"hidden\" name=\"_wpcf7_unit_tag\" value=\"wpcf7-f150610-o1\" \/><input type=\"hidden\" name=\"_wpcf7_container_post\" value=\"0\" \/><input type=\"hidden\" name=\"_wpcf7_posted_data_hash\" value=\"\" \/><input type=\"hidden\" name=\"_wpcf7_recaptcha_response\" value=\"\" \/>\n<\/fieldset>\n<p><label> Pr\u00e9nom<br \/>\n<span class=\"wpcf7-form-control-wrap\" data-name=\"your-name\"><input size=\"40\" maxlength=\"400\" class=\"wpcf7-form-control wpcf7-text wpcf7-validates-as-required\" aria-required=\"true\" aria-invalid=\"false\" value=\"\" type=\"text\" name=\"your-name\" \/><\/span> <\/label>\n<\/p>\n<p><label> Adresse e-mail<br \/>\n<span class=\"wpcf7-form-control-wrap\" data-name=\"your-email\"><input size=\"40\" maxlength=\"400\" class=\"wpcf7-form-control wpcf7-email wpcf7-validates-as-required wpcf7-text wpcf7-validates-as-email\" aria-required=\"true\" aria-invalid=\"false\" value=\"\" type=\"email\" name=\"your-email\" \/><\/span> <\/label>\n<\/p>\n<p><label> Assujettir<br \/>\n<span class=\"wpcf7-form-control-wrap\" data-name=\"your-subject\"><input size=\"40\" maxlength=\"400\" class=\"wpcf7-form-control wpcf7-text wpcf7-validates-as-required\" aria-required=\"true\" aria-invalid=\"false\" value=\"\" type=\"text\" name=\"your-subject\" \/><\/span> <\/label>\n<\/p>\n<p><label> Commentaires<br \/>\n<span class=\"wpcf7-form-control-wrap\" data-name=\"your-message\"><textarea cols=\"40\" rows=\"10\" maxlength=\"2000\" class=\"wpcf7-form-control wpcf7-textarea\" aria-invalid=\"false\" name=\"your-message\"><\/textarea><\/span> <\/label>\n<\/p>\n<p><input class=\"wpcf7-form-control wpcf7-submit has-spinner\" type=\"submit\" value=\"Envoyer\" \/>\n<\/p><div class=\"wpcf7-response-output\" aria-hidden=\"true\"><\/div>\n<\/form>\n<\/div>\n<\/div>\n\t\t\t\t\t\t<\/div>\n\t\t\t\t<\/div>\n\t\t\t\t\t<\/div>\n\t\t<\/div>\n\t\t\t\t\t<\/div>\n\t\t<\/section>\n\t\t\t\t<section class=\"elementor-section elementor-top-section elementor-element elementor-element-fa9ae77 elementor-section-full_width elementor-section-height-default elementor-section-height-default\" data-id=\"fa9ae77\" data-element_type=\"section\" data-e-type=\"section\">\n\t\t\t\t\t\t<div class=\"elementor-container elementor-column-gap-no\">\n\t\t\t\t\t<div class=\"elementor-column elementor-col-100 elementor-top-column elementor-element elementor-element-f5de0dd\" data-id=\"f5de0dd\" data-element_type=\"column\" data-e-type=\"column\">\n\t\t\t<div class=\"elementor-widget-wrap elementor-element-populated\">\n\t\t\t\t\t\t<div class=\"elementor-element elementor-element-3d20a2d elementor-widget elementor-widget-heading\" data-id=\"3d20a2d\" data-element_type=\"widget\" data-e-type=\"widget\" data-widget_type=\"heading.default\">\n\t\t\t\t<div class=\"elementor-widget-container\">\n\t\t\t\t\t<h2 class=\"elementor-heading-title elementor-size-large\">H\u00f4tel boutique \u00e0 Castro, Chilo\u00e9: Emplacement<\/h2>\t\t\t\t<\/div>\n\t\t\t\t<\/div>\n\t\t\t\t<div class=\"elementor-element elementor-element-8cca6d0 elementor-widget elementor-widget-text-editor\" data-id=\"8cca6d0\" data-element_type=\"widget\" data-e-type=\"widget\" data-widget_type=\"text-editor.default\">\n\t\t\t\t<div class=\"elementor-widget-container\">\n\t\t\t\t\t\t\t\t\t<div class=\"header\"><p style=\"text-align: center;\">Nous sommes situ\u00e9s au centre des <strong>Palafitos de Gamboa<\/strong> traditionnels, b\u00e2timents typiques en bois sur pilotis qui bordent la c\u00f4te. Notre adresse est la suivante: Ernesto Riquelme 1326, Castro, Chilo\u00e9, Chili.<\/p><\/div>\t\t\t\t\t\t\t\t<\/div>\n\t\t\t\t<\/div>\n\t\t\t\t<div class=\"elementor-element elementor-element-552d9ab elementor-widget elementor-widget-google_maps\" data-id=\"552d9ab\" data-element_type=\"widget\" data-e-type=\"widget\" data-widget_type=\"google_maps.default\">\n\t\t\t\t<div class=\"elementor-widget-container\">\n\t\t\t\t\t\t\t<div class=\"elementor-custom-embed\">\n\t\t\t<iframe loading=\"lazy\"\n\t\t\t\t\tsrc=\"https:\/\/maps.google.com\/maps?q=Ernesto%20Riquelme%201326%2C%20Castro%2C%20Los%20Lagos&#038;t=m&#038;z=10&#038;output=embed&#038;iwloc=near\"\n\t\t\t\t\ttitle=\"Ernesto Riquelme 1326, Castro, Los Lagos\"\n\t\t\t\t\taria-label=\"Ernesto Riquelme 1326, Castro, Los Lagos\"\n\t\t\t><\/iframe>\n\t\t<\/div>\n\t\t\t\t\t\t<\/div>\n\t\t\t\t<\/div>\n\t\t\t\t\t<\/div>\n\t\t<\/div>\n\t\t\t\t\t<\/div>\n\t\t<\/section>\n\t\t\t\t<\/div>\n\t\t","protected":false},"excerpt":{"rendered":"<p>Rue Ernesto Riquelme #1326 +56 65 253 0053 info@palafito1326.com Comment se rendre \u00e0 l&#8217;h\u00f4tel Depuis le terminal de Castro Depuis les 2 terminaux de bus situ\u00e9s dans le centre de Castro, vous pourrez acc\u00e9der au chemin qui m\u00e8ne au belv\u00e9d\u00e8re &#8220;Palafitos de Gamboa&#8221; ou emprunter le mini-bus pour vous rendre dans les villes de Gamboa &hellip; <a href=\"https:\/\/palafito1326.com\/fr\/contact-hotel-boutique-castro-chiloe-chili\/\" class=\"more-link\">Continuer la lecture<span class=\"screen-reader-text\"> &#8220;Contact&#8221;<\/span><\/a><\/p>\n","protected":false},"author":1,"featured_media":150584,"parent":0,"menu_order":0,"comment_status":"closed","ping_status":"closed","template":"template-full-width-page.php","meta":{"footnotes":""},"class_list":["post-1380","page","type-page","status-publish","has-post-thumbnail","hentry"],"yoast_head":"<!-- This site is optimized with the Yoast SEO plugin v27.2 - https:\/\/yoast.com\/product\/yoast-seo-wordpress\/ -->\n<title>Contact et emplacement Boutique Hotel \u00e0 Castro, Chili - Palafito 1326<\/title>\n<meta name=\"description\" content=\"Cherchez-vous des t\u00e9l\u00e9phones, WhatsApp, email ou l&#039;emplacement de Hotel Palafito 1326? Entrez dans notre section Contact pour plus d&#039;informations.\" \/>\n<meta name=\"robots\" content=\"index, follow, max-snippet:-1, max-image-preview:large, max-video-preview:-1\" \/>\n<link rel=\"canonical\" href=\"https:\/\/palafito1326.com\/fr\/contact-hotel-boutique-castro-chiloe-chili\/\" \/>\n<meta property=\"og:locale\" content=\"fr_FR\" \/>\n<meta property=\"og:type\" content=\"article\" \/>\n<meta property=\"og:title\" content=\"Contact et emplacement Boutique Hotel \u00e0 Castro, Chili - Palafito 1326\" \/>\n<meta property=\"og:description\" content=\"Cherchez-vous des t\u00e9l\u00e9phones, WhatsApp, email ou l&#039;emplacement de Hotel Palafito 1326? Entrez dans notre section Contact pour plus d&#039;informations.\" \/>\n<meta property=\"og:url\" content=\"https:\/\/palafito1326.com\/fr\/contact-hotel-boutique-castro-chiloe-chili\/\" \/>\n<meta property=\"og:site_name\" content=\"Palafito 1326\" \/>\n<meta property=\"article:modified_time\" content=\"2021-03-17T20:27:39+00:00\" \/>\n<meta property=\"og:image\" content=\"https:\/\/palafito1326.com\/wp-content\/uploads\/2021\/03\/palafito-1326-recepcion.jpg\" \/>\n\t<meta property=\"og:image:width\" content=\"1440\" \/>\n\t<meta property=\"og:image:height\" content=\"608\" \/>\n\t<meta property=\"og:image:type\" content=\"image\/jpeg\" \/>\n<meta name=\"twitter:card\" content=\"summary_large_image\" \/>\n<meta name=\"twitter:label1\" content=\"Dur\u00e9e de lecture estim\u00e9e\" \/>\n\t<meta name=\"twitter:data1\" content=\"2 minutes\" \/>\n<script type=\"application\/ld+json\" class=\"yoast-schema-graph\">{\"@context\":\"https:\/\/schema.org\",\"@graph\":[{\"@type\":\"WebPage\",\"@id\":\"https:\/\/palafito1326.com\/fr\/contact-hotel-boutique-castro-chiloe-chili\/\",\"url\":\"https:\/\/palafito1326.com\/fr\/contact-hotel-boutique-castro-chiloe-chili\/\",\"name\":\"Contact et emplacement Boutique Hotel \u00e0 Castro, Chili - Palafito 1326\",\"isPartOf\":{\"@id\":\"https:\/\/palafito1326.com\/fr\/#website\"},\"primaryImageOfPage\":{\"@id\":\"https:\/\/palafito1326.com\/fr\/contact-hotel-boutique-castro-chiloe-chili\/#primaryimage\"},\"image\":{\"@id\":\"https:\/\/palafito1326.com\/fr\/contact-hotel-boutique-castro-chiloe-chili\/#primaryimage\"},\"thumbnailUrl\":\"https:\/\/palafito1326.com\/wp-content\/uploads\/2021\/03\/palafito-1326-recepcion.jpg\",\"datePublished\":\"2018-07-19T17:15:33+00:00\",\"dateModified\":\"2021-03-17T20:27:39+00:00\",\"description\":\"Cherchez-vous des t\u00e9l\u00e9phones, WhatsApp, email ou l'emplacement de Hotel Palafito 1326? Entrez dans notre section Contact pour plus d'informations.\",\"breadcrumb\":{\"@id\":\"https:\/\/palafito1326.com\/fr\/contact-hotel-boutique-castro-chiloe-chili\/#breadcrumb\"},\"inLanguage\":\"fr-FR\",\"potentialAction\":[{\"@type\":\"ReadAction\",\"target\":[\"https:\/\/palafito1326.com\/fr\/contact-hotel-boutique-castro-chiloe-chili\/\"]}]},{\"@type\":\"ImageObject\",\"inLanguage\":\"fr-FR\",\"@id\":\"https:\/\/palafito1326.com\/fr\/contact-hotel-boutique-castro-chiloe-chili\/#primaryimage\",\"url\":\"https:\/\/palafito1326.com\/wp-content\/uploads\/2021\/03\/palafito-1326-recepcion.jpg\",\"contentUrl\":\"https:\/\/palafito1326.com\/wp-content\/uploads\/2021\/03\/palafito-1326-recepcion.jpg\",\"width\":1440,\"height\":608,\"caption\":\"Palafito 1326 Hotel Boutique Castro Chilo\u00e9 Patagonia Chile\"},{\"@type\":\"BreadcrumbList\",\"@id\":\"https:\/\/palafito1326.com\/fr\/contact-hotel-boutique-castro-chiloe-chili\/#breadcrumb\",\"itemListElement\":[{\"@type\":\"ListItem\",\"position\":1,\"name\":\"Portada\",\"item\":\"https:\/\/palafito1326.com\/fr\/\"},{\"@type\":\"ListItem\",\"position\":2,\"name\":\"Contact\"}]},{\"@type\":\"WebSite\",\"@id\":\"https:\/\/palafito1326.com\/fr\/#website\",\"url\":\"https:\/\/palafito1326.com\/fr\/\",\"name\":\"Palafito 1326\",\"description\":\"Boutique Hotel\",\"publisher\":{\"@id\":\"https:\/\/palafito1326.com\/fr\/#organization\"},\"potentialAction\":[{\"@type\":\"SearchAction\",\"target\":{\"@type\":\"EntryPoint\",\"urlTemplate\":\"https:\/\/palafito1326.com\/fr\/?s={search_term_string}\"},\"query-input\":{\"@type\":\"PropertyValueSpecification\",\"valueRequired\":true,\"valueName\":\"search_term_string\"}}],\"inLanguage\":\"fr-FR\"},{\"@type\":\"Organization\",\"@id\":\"https:\/\/palafito1326.com\/fr\/#organization\",\"name\":\"Palafito 1326 Hotel Boutique\",\"url\":\"https:\/\/palafito1326.com\/fr\/\",\"logo\":{\"@type\":\"ImageObject\",\"inLanguage\":\"fr-FR\",\"@id\":\"https:\/\/palafito1326.com\/fr\/#\/schema\/logo\/image\/\",\"url\":\"https:\/\/palafito1326.com\/wp-content\/uploads\/2020\/10\/Palafito-1326-c.svg\",\"contentUrl\":\"https:\/\/palafito1326.com\/wp-content\/uploads\/2020\/10\/Palafito-1326-c.svg\",\"width\":202,\"height\":48,\"caption\":\"Palafito 1326 Hotel Boutique\"},\"image\":{\"@id\":\"https:\/\/palafito1326.com\/fr\/#\/schema\/logo\/image\/\"}}]}<\/script>\n<!-- \/ Yoast SEO plugin. -->","yoast_head_json":{"title":"Contact et emplacement Boutique Hotel \u00e0 Castro, Chili - Palafito 1326","description":"Cherchez-vous des t\u00e9l\u00e9phones, WhatsApp, email ou l'emplacement de Hotel Palafito 1326? Entrez dans notre section Contact pour plus d'informations.","robots":{"index":"index","follow":"follow","max-snippet":"max-snippet:-1","max-image-preview":"max-image-preview:large","max-video-preview":"max-video-preview:-1"},"canonical":"https:\/\/palafito1326.com\/fr\/contact-hotel-boutique-castro-chiloe-chili\/","og_locale":"fr_FR","og_type":"article","og_title":"Contact et emplacement Boutique Hotel \u00e0 Castro, Chili - Palafito 1326","og_description":"Cherchez-vous des t\u00e9l\u00e9phones, WhatsApp, email ou l'emplacement de Hotel Palafito 1326? Entrez dans notre section Contact pour plus d'informations.","og_url":"https:\/\/palafito1326.com\/fr\/contact-hotel-boutique-castro-chiloe-chili\/","og_site_name":"Palafito 1326","article_modified_time":"2021-03-17T20:27:39+00:00","og_image":[{"width":1440,"height":608,"url":"https:\/\/palafito1326.com\/wp-content\/uploads\/2021\/03\/palafito-1326-recepcion.jpg","type":"image\/jpeg"}],"twitter_card":"summary_large_image","twitter_misc":{"Dur\u00e9e de lecture estim\u00e9e":"2 minutes"},"schema":{"@context":"https:\/\/schema.org","@graph":[{"@type":"WebPage","@id":"https:\/\/palafito1326.com\/fr\/contact-hotel-boutique-castro-chiloe-chili\/","url":"https:\/\/palafito1326.com\/fr\/contact-hotel-boutique-castro-chiloe-chili\/","name":"Contact et emplacement Boutique Hotel \u00e0 Castro, Chili - Palafito 1326","isPartOf":{"@id":"https:\/\/palafito1326.com\/fr\/#website"},"primaryImageOfPage":{"@id":"https:\/\/palafito1326.com\/fr\/contact-hotel-boutique-castro-chiloe-chili\/#primaryimage"},"image":{"@id":"https:\/\/palafito1326.com\/fr\/contact-hotel-boutique-castro-chiloe-chili\/#primaryimage"},"thumbnailUrl":"https:\/\/palafito1326.com\/wp-content\/uploads\/2021\/03\/palafito-1326-recepcion.jpg","datePublished":"2018-07-19T17:15:33+00:00","dateModified":"2021-03-17T20:27:39+00:00","description":"Cherchez-vous des t\u00e9l\u00e9phones, WhatsApp, email ou l'emplacement de Hotel Palafito 1326? Entrez dans notre section Contact pour plus d'informations.","breadcrumb":{"@id":"https:\/\/palafito1326.com\/fr\/contact-hotel-boutique-castro-chiloe-chili\/#breadcrumb"},"inLanguage":"fr-FR","potentialAction":[{"@type":"ReadAction","target":["https:\/\/palafito1326.com\/fr\/contact-hotel-boutique-castro-chiloe-chili\/"]}]},{"@type":"ImageObject","inLanguage":"fr-FR","@id":"https:\/\/palafito1326.com\/fr\/contact-hotel-boutique-castro-chiloe-chili\/#primaryimage","url":"https:\/\/palafito1326.com\/wp-content\/uploads\/2021\/03\/palafito-1326-recepcion.jpg","contentUrl":"https:\/\/palafito1326.com\/wp-content\/uploads\/2021\/03\/palafito-1326-recepcion.jpg","width":1440,"height":608,"caption":"Palafito 1326 Hotel Boutique Castro Chilo\u00e9 Patagonia Chile"},{"@type":"BreadcrumbList","@id":"https:\/\/palafito1326.com\/fr\/contact-hotel-boutique-castro-chiloe-chili\/#breadcrumb","itemListElement":[{"@type":"ListItem","position":1,"name":"Portada","item":"https:\/\/palafito1326.com\/fr\/"},{"@type":"ListItem","position":2,"name":"Contact"}]},{"@type":"WebSite","@id":"https:\/\/palafito1326.com\/fr\/#website","url":"https:\/\/palafito1326.com\/fr\/","name":"Palafito 1326","description":"Boutique Hotel","publisher":{"@id":"https:\/\/palafito1326.com\/fr\/#organization"},"potentialAction":[{"@type":"SearchAction","target":{"@type":"EntryPoint","urlTemplate":"https:\/\/palafito1326.com\/fr\/?s={search_term_string}"},"query-input":{"@type":"PropertyValueSpecification","valueRequired":true,"valueName":"search_term_string"}}],"inLanguage":"fr-FR"},{"@type":"Organization","@id":"https:\/\/palafito1326.com\/fr\/#organization","name":"Palafito 1326 Hotel Boutique","url":"https:\/\/palafito1326.com\/fr\/","logo":{"@type":"ImageObject","inLanguage":"fr-FR","@id":"https:\/\/palafito1326.com\/fr\/#\/schema\/logo\/image\/","url":"https:\/\/palafito1326.com\/wp-content\/uploads\/2020\/10\/Palafito-1326-c.svg","contentUrl":"https:\/\/palafito1326.com\/wp-content\/uploads\/2020\/10\/Palafito-1326-c.svg","width":202,"height":48,"caption":"Palafito 1326 Hotel Boutique"},"image":{"@id":"https:\/\/palafito1326.com\/fr\/#\/schema\/logo\/image\/"}}]}},"_links":{"self":[{"href":"https:\/\/palafito1326.com\/fr\/wp-json\/wp\/v2\/pages\/1380","targetHints":{"allow":["GET"]}}],"collection":[{"href":"https:\/\/palafito1326.com\/fr\/wp-json\/wp\/v2\/pages"}],"about":[{"href":"https:\/\/palafito1326.com\/fr\/wp-json\/wp\/v2\/types\/page"}],"author":[{"embeddable":true,"href":"https:\/\/palafito1326.com\/fr\/wp-json\/wp\/v2\/users\/1"}],"replies":[{"embeddable":true,"href":"https:\/\/palafito1326.com\/fr\/wp-json\/wp\/v2\/comments?post=1380"}],"version-history":[{"count":29,"href":"https:\/\/palafito1326.com\/fr\/wp-json\/wp\/v2\/pages\/1380\/revisions"}],"predecessor-version":[{"id":150613,"href":"https:\/\/palafito1326.com\/fr\/wp-json\/wp\/v2\/pages\/1380\/revisions\/150613"}],"wp:featuredmedia":[{"embeddable":true,"href":"https:\/\/palafito1326.com\/fr\/wp-json\/wp\/v2\/media\/150584"}],"wp:attachment":[{"href":"https:\/\/palafito1326.com\/fr\/wp-json\/wp\/v2\/media?parent=1380"}],"curies":[{"name":"wp","href":"https:\/\/api.w.org\/{rel}","templated":true}]}}