{"id":1470,"date":"2020-11-05T00:46:43","date_gmt":"2020-11-05T03:46:43","guid":{"rendered":"https:\/\/palafito1326.com\/protocolo-covid-19-castro-chiloe\/"},"modified":"2021-03-31T17:51:12","modified_gmt":"2021-03-31T20:51:12","slug":"info-covid-19-castro-ile-de-chiloe-chili","status":"publish","type":"page","link":"https:\/\/palafito1326.com\/fr\/info-covid-19-castro-ile-de-chiloe-chili\/","title":{"rendered":"Info COVID-19 &#8211; Castro, \u00cele de Chilo\u00e9"},"content":{"rendered":"\t\t<div data-elementor-type=\"wp-page\" data-elementor-id=\"1470\" class=\"elementor elementor-1470\">\n\t\t\t\t\t\t<section class=\"elementor-section elementor-top-section elementor-element elementor-element-3ac30ce elementor-section-boxed elementor-section-height-default elementor-section-height-default\" data-id=\"3ac30ce\" data-element_type=\"section\" data-e-type=\"section\">\n\t\t\t\t\t\t<div class=\"elementor-container elementor-column-gap-default\">\n\t\t\t\t\t<div class=\"elementor-column elementor-col-100 elementor-top-column elementor-element elementor-element-8b736e3\" data-id=\"8b736e3\" data-element_type=\"column\" data-e-type=\"column\">\n\t\t\t<div class=\"elementor-widget-wrap elementor-element-populated\">\n\t\t\t\t\t\t<div class=\"elementor-element elementor-element-10185b4 elementor-widget elementor-widget-spacer\" data-id=\"10185b4\" data-element_type=\"widget\" data-e-type=\"widget\" data-widget_type=\"spacer.default\">\n\t\t\t\t<div class=\"elementor-widget-container\">\n\t\t\t\t\t\t\t<div class=\"elementor-spacer\">\n\t\t\t<div class=\"elementor-spacer-inner\"><\/div>\n\t\t<\/div>\n\t\t\t\t\t\t<\/div>\n\t\t\t\t<\/div>\n\t\t\t\t\t<\/div>\n\t\t<\/div>\n\t\t\t\t\t<\/div>\n\t\t<\/section>\n\t\t\t\t<section class=\"elementor-section elementor-top-section elementor-element elementor-element-d2d4249 elementor-section-boxed elementor-section-height-default elementor-section-height-default\" data-id=\"d2d4249\" data-element_type=\"section\" data-e-type=\"section\">\n\t\t\t\t\t\t<div class=\"elementor-container elementor-column-gap-default\">\n\t\t\t\t\t<div class=\"elementor-column elementor-col-100 elementor-top-column elementor-element elementor-element-1818955\" data-id=\"1818955\" data-element_type=\"column\" data-e-type=\"column\">\n\t\t\t<div class=\"elementor-widget-wrap elementor-element-populated\">\n\t\t\t\t\t\t<div class=\"elementor-element elementor-element-6e5b874 elementor-widget elementor-widget-text-editor\" data-id=\"6e5b874\" data-element_type=\"widget\" data-e-type=\"widget\" data-widget_type=\"text-editor.default\">\n\t\t\t\t<div class=\"elementor-widget-container\">\n\t\t\t\t\t\t\t\t\t<div class=\"bg-theme\"><div class=\"filter zerogrid\"><div class=\"row\"><p align=\"center\"><span style=\"font-family: Nunito; font-size: 14pt;\">La s\u00e9curit\u00e9 et le bien-\u00eatre de nos clients sont la principale priorit\u00e9 de notre <strong>H\u00f4tel Palafito 1326<\/strong> et ainsi, en r\u00e9ponse au d\u00e9veloppement de la <strong>Pand\u00e9mie COVID-19<\/strong>, nous avons cr\u00e9\u00e9 des protocoles pour se conformer aux recommandations de l&#8217;OMS et de nos autorit\u00e9s sanitaires.<\/span><\/p><\/div><\/div><\/div>\t\t\t\t\t\t\t\t<\/div>\n\t\t\t\t<\/div>\n\t\t\t\t\t<\/div>\n\t\t<\/div>\n\t\t\t\t\t<\/div>\n\t\t<\/section>\n\t\t\t\t<section class=\"elementor-section elementor-top-section elementor-element elementor-element-9d981d7 elementor-section-boxed elementor-section-height-default elementor-section-height-default\" data-id=\"9d981d7\" data-element_type=\"section\" data-e-type=\"section\">\n\t\t\t\t\t\t<div class=\"elementor-container elementor-column-gap-default\">\n\t\t\t\t\t<div class=\"elementor-column elementor-col-50 elementor-top-column elementor-element elementor-element-c346c28\" data-id=\"c346c28\" data-element_type=\"column\" data-e-type=\"column\">\n\t\t\t<div class=\"elementor-widget-wrap elementor-element-populated\">\n\t\t\t\t\t\t<div class=\"elementor-element elementor-element-626aea6 elementor-position-top elementor-widget elementor-widget-image-box\" data-id=\"626aea6\" data-element_type=\"widget\" data-e-type=\"widget\" data-widget_type=\"image-box.default\">\n\t\t\t\t<div class=\"elementor-widget-container\">\n\t\t\t\t\t<div class=\"elementor-image-box-wrapper\"><figure class=\"elementor-image-box-img\"><img fetchpriority=\"high\" decoding=\"async\" width=\"924\" height=\"616\" src=\"https:\/\/palafito1326.com\/wp-content\/uploads\/2018\/07\/Habitacion-doble-con-vista-lateral.jpg\" class=\"attachment-full size-full wp-image-511\" alt=\"\" srcset=\"https:\/\/palafito1326.com\/wp-content\/uploads\/2018\/07\/Habitacion-doble-con-vista-lateral.jpg 924w, https:\/\/palafito1326.com\/wp-content\/uploads\/2018\/07\/Habitacion-doble-con-vista-lateral-300x200.jpg 300w, https:\/\/palafito1326.com\/wp-content\/uploads\/2018\/07\/Habitacion-doble-con-vista-lateral-768x512.jpg 768w, https:\/\/palafito1326.com\/wp-content\/uploads\/2018\/07\/Habitacion-doble-con-vista-lateral-840x560.jpg 840w, https:\/\/palafito1326.com\/wp-content\/uploads\/2018\/07\/Habitacion-doble-con-vista-lateral-600x400.jpg 600w\" sizes=\"(max-width: 924px) 100vw, 924px\" \/><\/figure><div class=\"elementor-image-box-content\"><h2 class=\"elementor-image-box-title\">Nuestras Habitaciones\u200b<\/h2><p class=\"elementor-image-box-description\">- Estricto protocolo de sanitizaci\u00f3n y limpieza con amonio-cuaternario\u200b.<br>\n\n- Contamos con un equipo profesional port\u00e1til de Tecnolog\u00eda Hospitalaria que desinfecta por radiaci\u00f3n Ultravioleta - C. Este equipo desinfecta sin contacto el 99,9% de los virus y bacterias y est\u00e1 certificado por la USACH.<br>\n\n- El Hotel cuenta adem\u00e1s con un Nebulizador port\u00e1til que contiene un qu\u00edmico diluido en amonio cuaternario.(desinfectante hospitalario).<br>\n\n- Ambos equipos se aplican diaria y reiteradamente en todas las habitaciones y \u00e1reas comunes del Hotel, para dar la tranquilidad a nuestros pasajeros en relaci\u00f3n a esta pandemia.<\/p><\/div><\/div>\t\t\t\t<\/div>\n\t\t\t\t<\/div>\n\t\t\t\t\t<\/div>\n\t\t<\/div>\n\t\t\t\t<div class=\"elementor-column elementor-col-50 elementor-top-column elementor-element elementor-element-69d8f21\" data-id=\"69d8f21\" data-element_type=\"column\" data-e-type=\"column\">\n\t\t\t<div class=\"elementor-widget-wrap elementor-element-populated\">\n\t\t\t\t\t\t<div class=\"elementor-element elementor-element-3d601d2 elementor-position-top elementor-widget elementor-widget-image-box\" data-id=\"3d601d2\" data-element_type=\"widget\" data-e-type=\"widget\" data-widget_type=\"image-box.default\">\n\t\t\t\t<div class=\"elementor-widget-container\">\n\t\t\t\t\t<div class=\"elementor-image-box-wrapper\"><figure class=\"elementor-image-box-img\"><img decoding=\"async\" width=\"1000\" height=\"667\" src=\"https:\/\/palafito1326.com\/wp-content\/uploads\/2020\/11\/palafito1326-comedor.jpg\" class=\"attachment-full size-full wp-image-741\" alt=\"Palafito 1326 - Hotel Boutique\" srcset=\"https:\/\/palafito1326.com\/wp-content\/uploads\/2020\/11\/palafito1326-comedor.jpg 1000w, https:\/\/palafito1326.com\/wp-content\/uploads\/2020\/11\/palafito1326-comedor-300x200.jpg 300w, https:\/\/palafito1326.com\/wp-content\/uploads\/2020\/11\/palafito1326-comedor-768x512.jpg 768w, https:\/\/palafito1326.com\/wp-content\/uploads\/2020\/11\/palafito1326-comedor-840x560.jpg 840w, https:\/\/palafito1326.com\/wp-content\/uploads\/2020\/11\/palafito1326-comedor-600x400.jpg 600w\" sizes=\"(max-width: 1000px) 100vw, 1000px\" \/><\/figure><div class=\"elementor-image-box-content\"><h2 class=\"elementor-image-box-title\">Nuestros Pasajeros\u200b<\/h2><p class=\"elementor-image-box-description\">- Uso de pediluvio al ingreso al hotel para sanitizar el calzado.<br>\n\n- Sector de desinfecci\u00f3n de maletas y equipajes.<br>\n\n- Control obligatorio de temperatura al ingreso al hotel.<br>\n\n- Firma de declaraci\u00f3n jurada de salud al ingresar al hotel.<br>\n\n- Barrera acr\u00edlica de separaci\u00f3n con colaboradores en recepci\u00f3n.<br>\n\n- Entrega de llaves sanitizadas.<br>\n\n- Uso obligatorio de mascarillas en \u00e1reas comunes y de tr\u00e1nsito en el hotel.<br>\n\n- Dispensadores de alcohol-gel ubicados en diferentes puntos del hotel.<br>\n\n- Cubrir boca y nariz con el codo doblado al toser y\/\u00f3 estornudar.<\/p><\/div><\/div>\t\t\t\t<\/div>\n\t\t\t\t<\/div>\n\t\t\t\t\t<\/div>\n\t\t<\/div>\n\t\t\t\t\t<\/div>\n\t\t<\/section>\n\t\t\t\t<section class=\"elementor-section elementor-top-section elementor-element elementor-element-ce3dfcc elementor-section-boxed elementor-section-height-default elementor-section-height-default\" data-id=\"ce3dfcc\" data-element_type=\"section\" data-e-type=\"section\">\n\t\t\t\t\t\t<div class=\"elementor-container elementor-column-gap-default\">\n\t\t\t\t\t<div class=\"elementor-column elementor-col-50 elementor-top-column elementor-element elementor-element-41a566a\" data-id=\"41a566a\" data-element_type=\"column\" data-e-type=\"column\">\n\t\t\t<div class=\"elementor-widget-wrap elementor-element-populated\">\n\t\t\t\t\t\t<div class=\"elementor-element elementor-element-4891df8 elementor-position-top elementor-widget elementor-widget-image-box\" data-id=\"4891df8\" data-element_type=\"widget\" data-e-type=\"widget\" data-widget_type=\"image-box.default\">\n\t\t\t\t<div class=\"elementor-widget-container\">\n\t\t\t\t\t<div class=\"elementor-image-box-wrapper\"><figure class=\"elementor-image-box-img\"><img decoding=\"async\" width=\"960\" height=\"640\" src=\"https:\/\/palafito1326.com\/wp-content\/uploads\/2020\/10\/Cafeteria-de-Castro-Chiloe-e1603837018504.jpg\" class=\"attachment-full size-full wp-image-550\" alt=\"Palafito 1326 Cafeter\u00eda de Castro Chilo\u00e9 Hotel Boutique Chile\" \/><\/figure><div class=\"elementor-image-box-content\"><h2 class=\"elementor-image-box-title\">\u00c1reas Comunes\u200b<\/h2><p class=\"elementor-image-box-description\">- Dispensadores de alcohol-gel disponible en varios puntos del hotel.<br>\n\n<b>Comedor<\/b><br>\n\n- Desayuno en 2 turnos, 8:30 y 9.30 hrs.A.M.<br>\n\n- Mesa individuales para 2 o 3 personas (grupos familiares).<br>\n\n- Mesa principal dividida por barrera de acr\u00edlico con alimentaci\u00f3n individual y porcionada en cada ubicaci\u00f3n.<br>\n\n<b>Cafeter\u00eda<\/b><br>\n\n- Asistentes deben tomarse la temperatura, portar mascarillas y acceder por pediluvio sanitario.<br>\n\n- Mesas y sillones a 1,5 mts. y barreras de separacion de acr\u00edlico si corresponde.<br>\n\n- Desinfecci\u00f3n cada 2 horas de superficies de contacto.<\/p><\/div><\/div>\t\t\t\t<\/div>\n\t\t\t\t<\/div>\n\t\t\t\t\t<\/div>\n\t\t<\/div>\n\t\t\t\t<div class=\"elementor-column elementor-col-50 elementor-top-column elementor-element elementor-element-158ca71\" data-id=\"158ca71\" data-element_type=\"column\" data-e-type=\"column\">\n\t\t\t<div class=\"elementor-widget-wrap elementor-element-populated\">\n\t\t\t\t\t\t<div class=\"elementor-element elementor-element-86767e2 elementor-position-top elementor-widget elementor-widget-image-box\" data-id=\"86767e2\" data-element_type=\"widget\" data-e-type=\"widget\" data-widget_type=\"image-box.default\">\n\t\t\t\t<div class=\"elementor-widget-container\">\n\t\t\t\t\t<div class=\"elementor-image-box-wrapper\"><figure class=\"elementor-image-box-img\"><img loading=\"lazy\" decoding=\"async\" width=\"960\" height=\"640\" src=\"https:\/\/palafito1326.com\/wp-content\/uploads\/2020\/10\/Cafeteria-en-Castro-Chiloe-e1603837040217.jpg\" class=\"attachment-full size-full wp-image-554\" alt=\"Palafito 1326 Hotel Boutique | Castro, Chilo\u00e9, Chile\" \/><\/figure><div class=\"elementor-image-box-content\"><h2 class=\"elementor-image-box-title\">Nuestros Colaboradores\u200b<\/h2><p class=\"elementor-image-box-description\">- Control de temperatura al ingreso y salida del hotel.<br>\n\n- Declaraci\u00f3n jurada de salud diaria.<br>\n\n- Uso de mascarilla, guantes y elementos de protecci\u00f3n personal en todo el hotel.<br>\n\n- Sanitizaci\u00f3n del espacio de trabajo cada 1 hora y en cada cambio de turno.<br>\n\n- Uso de protectores desechables para el aseo de las habitaciones.<br>\n\n- Capacitaci\u00f3n permanente de protocolos de aseo y sanitizaci\u00f3n.<br>\n\n- Lavado diario de uniformes en el hotel.<\/p><\/div><\/div>\t\t\t\t<\/div>\n\t\t\t\t<\/div>\n\t\t\t\t\t<\/div>\n\t\t<\/div>\n\t\t\t\t\t<\/div>\n\t\t<\/section>\n\t\t\t\t<\/div>\n\t\t","protected":false},"excerpt":{"rendered":"<p>La s\u00e9curit\u00e9 et le bien-\u00eatre de nos clients sont la principale priorit\u00e9 de notre H\u00f4tel Palafito 1326 et ainsi, en r\u00e9ponse au d\u00e9veloppement de la Pand\u00e9mie COVID-19, nous avons cr\u00e9\u00e9 des protocoles pour se conformer aux recommandations de l&#8217;OMS et de nos autorit\u00e9s sanitaires. Nuestras Habitaciones\u200b &#8211; Estricto protocolo de sanitizaci\u00f3n y limpieza con amonio-cuaternario\u200b. &hellip; <a href=\"https:\/\/palafito1326.com\/fr\/info-covid-19-castro-ile-de-chiloe-chili\/\" class=\"more-link\">Continuer la lecture<span class=\"screen-reader-text\"> &#8220;Info COVID-19 &#8211; Castro, \u00cele de Chilo\u00e9&#8221;<\/span><\/a><\/p>\n","protected":false},"author":1,"featured_media":757,"parent":0,"menu_order":0,"comment_status":"closed","ping_status":"closed","template":"elementor_header_footer","meta":{"footnotes":""},"class_list":["post-1470","page","type-page","status-publish","has-post-thumbnail","hentry"],"yoast_head":"<!-- This site is optimized with the Yoast SEO plugin v27.2 - https:\/\/yoast.com\/product\/yoast-seo-wordpress\/ -->\n<title>Info COVID-19 | Palafito 1326 H\u00f4tel-boutique | Ile de Chilo\u00e9, Chili<\/title>\n<meta name=\"description\" content=\"D\u00e9couvrez notre protocole de s\u00e9curit\u00e9 COVID-19 \u00e0 Palafito 1326 Hotel Boutique de Castro, Chilo\u00e9, Chili. R\u00e9servez en toute s\u00e9curit\u00e9.\" \/>\n<meta name=\"robots\" content=\"index, follow, max-snippet:-1, max-image-preview:large, max-video-preview:-1\" \/>\n<link rel=\"canonical\" href=\"https:\/\/palafito1326.com\/fr\/info-covid-19-castro-ile-de-chiloe-chili\/\" \/>\n<meta property=\"og:locale\" content=\"fr_FR\" \/>\n<meta property=\"og:type\" content=\"article\" \/>\n<meta property=\"og:title\" content=\"Conoce aqu\u00ed nuestro protocolo de seguridad COVID-19\" \/>\n<meta property=\"og:description\" content=\"Incorporamos medidas de seguridad e higiene para protegernos.\" \/>\n<meta property=\"og:url\" content=\"https:\/\/palafito1326.com\/fr\/info-covid-19-castro-ile-de-chiloe-chili\/\" \/>\n<meta property=\"og:site_name\" content=\"Palafito 1326\" \/>\n<meta property=\"article:modified_time\" content=\"2021-03-31T20:51:12+00:00\" \/>\n<meta property=\"og:image\" content=\"https:\/\/palafito1326.com\/wp-content\/uploads\/2020\/10\/Palafito-1326-Hotel-Boutique-2.jpg\" \/>\n<meta name=\"twitter:card\" content=\"summary_large_image\" \/>\n<meta name=\"twitter:label1\" content=\"Dur\u00e9e de lecture estim\u00e9e\" \/>\n\t<meta name=\"twitter:data1\" content=\"3 minutes\" \/>\n<script type=\"application\/ld+json\" class=\"yoast-schema-graph\">{\"@context\":\"https:\/\/schema.org\",\"@graph\":[{\"@type\":\"WebPage\",\"@id\":\"https:\/\/palafito1326.com\/fr\/info-covid-19-castro-ile-de-chiloe-chili\/\",\"url\":\"https:\/\/palafito1326.com\/fr\/info-covid-19-castro-ile-de-chiloe-chili\/\",\"name\":\"Info COVID-19 | Palafito 1326 H\u00f4tel-boutique | Ile de Chilo\u00e9, Chili\",\"isPartOf\":{\"@id\":\"https:\/\/palafito1326.com\/fr\/#website\"},\"primaryImageOfPage\":{\"@id\":\"https:\/\/palafito1326.com\/fr\/info-covid-19-castro-ile-de-chiloe-chili\/#primaryimage\"},\"image\":{\"@id\":\"https:\/\/palafito1326.com\/fr\/info-covid-19-castro-ile-de-chiloe-chili\/#primaryimage\"},\"thumbnailUrl\":\"https:\/\/palafito1326.com\/wp-content\/uploads\/2020\/11\/palafito1326-banner1.jpg\",\"datePublished\":\"2020-11-05T03:46:43+00:00\",\"dateModified\":\"2021-03-31T20:51:12+00:00\",\"description\":\"D\u00e9couvrez notre protocole de s\u00e9curit\u00e9 COVID-19 \u00e0 Palafito 1326 Hotel Boutique de Castro, Chilo\u00e9, Chili. R\u00e9servez en toute s\u00e9curit\u00e9.\",\"breadcrumb\":{\"@id\":\"https:\/\/palafito1326.com\/fr\/info-covid-19-castro-ile-de-chiloe-chili\/#breadcrumb\"},\"inLanguage\":\"fr-FR\",\"potentialAction\":[{\"@type\":\"ReadAction\",\"target\":[\"https:\/\/palafito1326.com\/fr\/info-covid-19-castro-ile-de-chiloe-chili\/\"]}]},{\"@type\":\"ImageObject\",\"inLanguage\":\"fr-FR\",\"@id\":\"https:\/\/palafito1326.com\/fr\/info-covid-19-castro-ile-de-chiloe-chili\/#primaryimage\",\"url\":\"https:\/\/palafito1326.com\/wp-content\/uploads\/2020\/11\/palafito1326-banner1.jpg\",\"contentUrl\":\"https:\/\/palafito1326.com\/wp-content\/uploads\/2020\/11\/palafito1326-banner1.jpg\",\"width\":1440,\"height\":250,\"caption\":\"Palafito 1326 Hotel Boutique Castro Chilo\u00e9 Chile Reservas de Alojamiento Patagonia Chile\"},{\"@type\":\"BreadcrumbList\",\"@id\":\"https:\/\/palafito1326.com\/fr\/info-covid-19-castro-ile-de-chiloe-chili\/#breadcrumb\",\"itemListElement\":[{\"@type\":\"ListItem\",\"position\":1,\"name\":\"Portada\",\"item\":\"https:\/\/palafito1326.com\/fr\/\"},{\"@type\":\"ListItem\",\"position\":2,\"name\":\"Info COVID-19 &#8211; Castro, \u00cele de Chilo\u00e9\"}]},{\"@type\":\"WebSite\",\"@id\":\"https:\/\/palafito1326.com\/fr\/#website\",\"url\":\"https:\/\/palafito1326.com\/fr\/\",\"name\":\"Palafito 1326\",\"description\":\"Boutique Hotel\",\"publisher\":{\"@id\":\"https:\/\/palafito1326.com\/fr\/#organization\"},\"potentialAction\":[{\"@type\":\"SearchAction\",\"target\":{\"@type\":\"EntryPoint\",\"urlTemplate\":\"https:\/\/palafito1326.com\/fr\/?s={search_term_string}\"},\"query-input\":{\"@type\":\"PropertyValueSpecification\",\"valueRequired\":true,\"valueName\":\"search_term_string\"}}],\"inLanguage\":\"fr-FR\"},{\"@type\":\"Organization\",\"@id\":\"https:\/\/palafito1326.com\/fr\/#organization\",\"name\":\"Palafito 1326 Hotel Boutique\",\"url\":\"https:\/\/palafito1326.com\/fr\/\",\"logo\":{\"@type\":\"ImageObject\",\"inLanguage\":\"fr-FR\",\"@id\":\"https:\/\/palafito1326.com\/fr\/#\/schema\/logo\/image\/\",\"url\":\"https:\/\/palafito1326.com\/wp-content\/uploads\/2020\/10\/Palafito-1326-c.svg\",\"contentUrl\":\"https:\/\/palafito1326.com\/wp-content\/uploads\/2020\/10\/Palafito-1326-c.svg\",\"width\":202,\"height\":48,\"caption\":\"Palafito 1326 Hotel Boutique\"},\"image\":{\"@id\":\"https:\/\/palafito1326.com\/fr\/#\/schema\/logo\/image\/\"}}]}<\/script>\n<!-- \/ Yoast SEO plugin. -->","yoast_head_json":{"title":"Info COVID-19 | Palafito 1326 H\u00f4tel-boutique | Ile de Chilo\u00e9, Chili","description":"D\u00e9couvrez notre protocole de s\u00e9curit\u00e9 COVID-19 \u00e0 Palafito 1326 Hotel Boutique de Castro, Chilo\u00e9, Chili. R\u00e9servez en toute s\u00e9curit\u00e9.","robots":{"index":"index","follow":"follow","max-snippet":"max-snippet:-1","max-image-preview":"max-image-preview:large","max-video-preview":"max-video-preview:-1"},"canonical":"https:\/\/palafito1326.com\/fr\/info-covid-19-castro-ile-de-chiloe-chili\/","og_locale":"fr_FR","og_type":"article","og_title":"Conoce aqu\u00ed nuestro protocolo de seguridad COVID-19","og_description":"Incorporamos medidas de seguridad e higiene para protegernos.","og_url":"https:\/\/palafito1326.com\/fr\/info-covid-19-castro-ile-de-chiloe-chili\/","og_site_name":"Palafito 1326","article_modified_time":"2021-03-31T20:51:12+00:00","og_image":[{"url":"https:\/\/palafito1326.com\/wp-content\/uploads\/2020\/10\/Palafito-1326-Hotel-Boutique-2.jpg","type":"","width":"","height":""}],"twitter_card":"summary_large_image","twitter_misc":{"Dur\u00e9e de lecture estim\u00e9e":"3 minutes"},"schema":{"@context":"https:\/\/schema.org","@graph":[{"@type":"WebPage","@id":"https:\/\/palafito1326.com\/fr\/info-covid-19-castro-ile-de-chiloe-chili\/","url":"https:\/\/palafito1326.com\/fr\/info-covid-19-castro-ile-de-chiloe-chili\/","name":"Info COVID-19 | Palafito 1326 H\u00f4tel-boutique | Ile de Chilo\u00e9, Chili","isPartOf":{"@id":"https:\/\/palafito1326.com\/fr\/#website"},"primaryImageOfPage":{"@id":"https:\/\/palafito1326.com\/fr\/info-covid-19-castro-ile-de-chiloe-chili\/#primaryimage"},"image":{"@id":"https:\/\/palafito1326.com\/fr\/info-covid-19-castro-ile-de-chiloe-chili\/#primaryimage"},"thumbnailUrl":"https:\/\/palafito1326.com\/wp-content\/uploads\/2020\/11\/palafito1326-banner1.jpg","datePublished":"2020-11-05T03:46:43+00:00","dateModified":"2021-03-31T20:51:12+00:00","description":"D\u00e9couvrez notre protocole de s\u00e9curit\u00e9 COVID-19 \u00e0 Palafito 1326 Hotel Boutique de Castro, Chilo\u00e9, Chili. R\u00e9servez en toute s\u00e9curit\u00e9.","breadcrumb":{"@id":"https:\/\/palafito1326.com\/fr\/info-covid-19-castro-ile-de-chiloe-chili\/#breadcrumb"},"inLanguage":"fr-FR","potentialAction":[{"@type":"ReadAction","target":["https:\/\/palafito1326.com\/fr\/info-covid-19-castro-ile-de-chiloe-chili\/"]}]},{"@type":"ImageObject","inLanguage":"fr-FR","@id":"https:\/\/palafito1326.com\/fr\/info-covid-19-castro-ile-de-chiloe-chili\/#primaryimage","url":"https:\/\/palafito1326.com\/wp-content\/uploads\/2020\/11\/palafito1326-banner1.jpg","contentUrl":"https:\/\/palafito1326.com\/wp-content\/uploads\/2020\/11\/palafito1326-banner1.jpg","width":1440,"height":250,"caption":"Palafito 1326 Hotel Boutique Castro Chilo\u00e9 Chile Reservas de Alojamiento Patagonia Chile"},{"@type":"BreadcrumbList","@id":"https:\/\/palafito1326.com\/fr\/info-covid-19-castro-ile-de-chiloe-chili\/#breadcrumb","itemListElement":[{"@type":"ListItem","position":1,"name":"Portada","item":"https:\/\/palafito1326.com\/fr\/"},{"@type":"ListItem","position":2,"name":"Info COVID-19 &#8211; Castro, \u00cele de Chilo\u00e9"}]},{"@type":"WebSite","@id":"https:\/\/palafito1326.com\/fr\/#website","url":"https:\/\/palafito1326.com\/fr\/","name":"Palafito 1326","description":"Boutique Hotel","publisher":{"@id":"https:\/\/palafito1326.com\/fr\/#organization"},"potentialAction":[{"@type":"SearchAction","target":{"@type":"EntryPoint","urlTemplate":"https:\/\/palafito1326.com\/fr\/?s={search_term_string}"},"query-input":{"@type":"PropertyValueSpecification","valueRequired":true,"valueName":"search_term_string"}}],"inLanguage":"fr-FR"},{"@type":"Organization","@id":"https:\/\/palafito1326.com\/fr\/#organization","name":"Palafito 1326 Hotel Boutique","url":"https:\/\/palafito1326.com\/fr\/","logo":{"@type":"ImageObject","inLanguage":"fr-FR","@id":"https:\/\/palafito1326.com\/fr\/#\/schema\/logo\/image\/","url":"https:\/\/palafito1326.com\/wp-content\/uploads\/2020\/10\/Palafito-1326-c.svg","contentUrl":"https:\/\/palafito1326.com\/wp-content\/uploads\/2020\/10\/Palafito-1326-c.svg","width":202,"height":48,"caption":"Palafito 1326 Hotel Boutique"},"image":{"@id":"https:\/\/palafito1326.com\/fr\/#\/schema\/logo\/image\/"}}]}},"_links":{"self":[{"href":"https:\/\/palafito1326.com\/fr\/wp-json\/wp\/v2\/pages\/1470","targetHints":{"allow":["GET"]}}],"collection":[{"href":"https:\/\/palafito1326.com\/fr\/wp-json\/wp\/v2\/pages"}],"about":[{"href":"https:\/\/palafito1326.com\/fr\/wp-json\/wp\/v2\/types\/page"}],"author":[{"embeddable":true,"href":"https:\/\/palafito1326.com\/fr\/wp-json\/wp\/v2\/users\/1"}],"replies":[{"embeddable":true,"href":"https:\/\/palafito1326.com\/fr\/wp-json\/wp\/v2\/comments?post=1470"}],"version-history":[{"count":26,"href":"https:\/\/palafito1326.com\/fr\/wp-json\/wp\/v2\/pages\/1470\/revisions"}],"predecessor-version":[{"id":150657,"href":"https:\/\/palafito1326.com\/fr\/wp-json\/wp\/v2\/pages\/1470\/revisions\/150657"}],"wp:featuredmedia":[{"embeddable":true,"href":"https:\/\/palafito1326.com\/fr\/wp-json\/wp\/v2\/media\/757"}],"wp:attachment":[{"href":"https:\/\/palafito1326.com\/fr\/wp-json\/wp\/v2\/media?parent=1470"}],"curies":[{"name":"wp","href":"https:\/\/api.w.org\/{rel}","templated":true}]}}