{"id":1478,"date":"2020-11-05T00:24:51","date_gmt":"2020-11-05T04:24:51","guid":{"rendered":"https:\/\/palafito1326.com\/preguntas-frecuentes\/"},"modified":"2023-12-27T16:29:56","modified_gmt":"2023-12-27T19:29:56","slug":"preguntas-frecuentes","status":"publish","type":"page","link":"https:\/\/palafito1326.com\/fr\/preguntas-frecuentes\/","title":{"rendered":"FAQ&#8217;s"},"content":{"rendered":"\t\t<div data-elementor-type=\"wp-page\" data-elementor-id=\"1478\" class=\"elementor elementor-1478 elementor-596\">\n\t\t\t\t\t\t<section class=\"elementor-section elementor-top-section elementor-element elementor-element-4e49e51 elementor-section-boxed elementor-section-height-default elementor-section-height-default\" data-id=\"4e49e51\" data-element_type=\"section\" data-e-type=\"section\">\n\t\t\t\t\t\t<div class=\"elementor-container elementor-column-gap-default\">\n\t\t\t\t\t<div class=\"elementor-column elementor-col-100 elementor-top-column elementor-element elementor-element-5fe8f5c\" data-id=\"5fe8f5c\" data-element_type=\"column\" data-e-type=\"column\">\n\t\t\t<div class=\"elementor-widget-wrap elementor-element-populated\">\n\t\t\t\t\t\t<div class=\"elementor-element elementor-element-768110c elementor-widget elementor-widget-heading\" data-id=\"768110c\" data-element_type=\"widget\" data-e-type=\"widget\" data-widget_type=\"heading.default\">\n\t\t\t\t<div class=\"elementor-widget-container\">\n\t\t\t\t\t<h2 class=\"elementor-heading-title elementor-size-default\">Preguntas Frecuentes<\/h2>\t\t\t\t<\/div>\n\t\t\t\t<\/div>\n\t\t\t\t<div class=\"elementor-element elementor-element-5789dbd elementor-widget elementor-widget-text-editor\" data-id=\"5789dbd\" data-element_type=\"widget\" data-e-type=\"widget\" data-widget_type=\"text-editor.default\">\n\t\t\t\t<div class=\"elementor-widget-container\">\n\t\t\t\t\t\t\t\t\t<p>Bienvenido a nuestra secci\u00f3n de preguntas frecuentes (FAQ) del <strong>Palafito 1326 Hotel Boutique en Chilo\u00e9. <\/strong>Aqu\u00ed encontrar\u00e1s respuestas a las consultas m\u00e1s comunes que nuestros hu\u00e9spedes suelen hacer. Estamos comprometidos en brindarte toda la informaci\u00f3n necesaria para que tu experiencia en nuestro hotel boutique sea excepcional.<\/p>\t\t\t\t\t\t\t\t<\/div>\n\t\t\t\t<\/div>\n\t\t\t\t<div class=\"elementor-element elementor-element-a0d4cde elementor-widget elementor-widget-toggle\" data-id=\"a0d4cde\" data-element_type=\"widget\" data-e-type=\"widget\" data-widget_type=\"toggle.default\">\n\t\t\t\t<div class=\"elementor-widget-container\">\n\t\t\t\t\t\t\t<div class=\"elementor-toggle\">\n\t\t\t\t\t\t\t<div class=\"elementor-toggle-item\">\n\t\t\t\t\t<div id=\"elementor-tab-title-1681\" class=\"elementor-tab-title\" data-tab=\"1\" role=\"button\" aria-controls=\"elementor-tab-content-1681\" aria-expanded=\"false\">\n\t\t\t\t\t\t\t\t\t\t\t\t<span class=\"elementor-toggle-icon elementor-toggle-icon-left\" aria-hidden=\"true\">\n\t\t\t\t\t\t\t\t\t\t\t\t\t\t\t<span class=\"elementor-toggle-icon-closed\"><i class=\"fas fa-caret-right\"><\/i><\/span>\n\t\t\t\t\t\t\t\t<span class=\"elementor-toggle-icon-opened\"><i class=\"elementor-toggle-icon-opened fas fa-caret-up\"><\/i><\/span>\n\t\t\t\t\t\t\t\t\t\t\t\t\t<\/span>\n\t\t\t\t\t\t\t\t\t\t\t\t<a class=\"elementor-toggle-title\" tabindex=\"0\">\u00bfCual es el horario de check-in y check-out en el hotel?<\/a>\n\t\t\t\t\t<\/div>\n\n\t\t\t\t\t<div id=\"elementor-tab-content-1681\" class=\"elementor-tab-content elementor-clearfix\" data-tab=\"1\" role=\"region\" aria-labelledby=\"elementor-tab-title-1681\"><p>El horario de <strong>check-in es desde las 14:00 horas<\/strong>, y el <strong>check-out es a m\u00e1s tardar las 12:00 horas<\/strong>.<\/p><\/div>\n\t\t\t\t<\/div>\n\t\t\t\t\t\t\t<div class=\"elementor-toggle-item\">\n\t\t\t\t\t<div id=\"elementor-tab-title-1682\" class=\"elementor-tab-title\" data-tab=\"2\" role=\"button\" aria-controls=\"elementor-tab-content-1682\" aria-expanded=\"false\">\n\t\t\t\t\t\t\t\t\t\t\t\t<span class=\"elementor-toggle-icon elementor-toggle-icon-left\" aria-hidden=\"true\">\n\t\t\t\t\t\t\t\t\t\t\t\t\t\t\t<span class=\"elementor-toggle-icon-closed\"><i class=\"fas fa-caret-right\"><\/i><\/span>\n\t\t\t\t\t\t\t\t<span class=\"elementor-toggle-icon-opened\"><i class=\"elementor-toggle-icon-opened fas fa-caret-up\"><\/i><\/span>\n\t\t\t\t\t\t\t\t\t\t\t\t\t<\/span>\n\t\t\t\t\t\t\t\t\t\t\t\t<a class=\"elementor-toggle-title\" tabindex=\"0\">\u00bfEl hotel tiene desayuno incluido?<\/a>\n\t\t\t\t\t<\/div>\n\n\t\t\t\t\t<div id=\"elementor-tab-content-1682\" class=\"elementor-tab-content elementor-clearfix\" data-tab=\"2\" role=\"region\" aria-labelledby=\"elementor-tab-title-1682\"><p>El <strong>desayuno buffet esta incluido<\/strong> en la tarifa de la habitaci\u00f3n, servido en comedor com\u00fan con vistas al mar.<\/p><\/div>\n\t\t\t\t<\/div>\n\t\t\t\t\t\t\t<div class=\"elementor-toggle-item\">\n\t\t\t\t\t<div id=\"elementor-tab-title-1683\" class=\"elementor-tab-title\" data-tab=\"3\" role=\"button\" aria-controls=\"elementor-tab-content-1683\" aria-expanded=\"false\">\n\t\t\t\t\t\t\t\t\t\t\t\t<span class=\"elementor-toggle-icon elementor-toggle-icon-left\" aria-hidden=\"true\">\n\t\t\t\t\t\t\t\t\t\t\t\t\t\t\t<span class=\"elementor-toggle-icon-closed\"><i class=\"fas fa-caret-right\"><\/i><\/span>\n\t\t\t\t\t\t\t\t<span class=\"elementor-toggle-icon-opened\"><i class=\"elementor-toggle-icon-opened fas fa-caret-up\"><\/i><\/span>\n\t\t\t\t\t\t\t\t\t\t\t\t\t<\/span>\n\t\t\t\t\t\t\t\t\t\t\t\t<a class=\"elementor-toggle-title\" tabindex=\"0\">\u00bfEl hotel tiene parking?<\/a>\n\t\t\t\t\t<\/div>\n\n\t\t\t\t\t<div id=\"elementor-tab-content-1683\" class=\"elementor-tab-content elementor-clearfix\" data-tab=\"3\" role=\"region\" aria-labelledby=\"elementor-tab-title-1683\"><p>El hotel tiene parking privado, con cargo adicional a su estad\u00eda de CLP 10.000 por d\u00eda. Durante el check-in deben solicitarlo para informarles la ubicaci\u00f3n.<\/p><\/div>\n\t\t\t\t<\/div>\n\t\t\t\t\t\t\t<div class=\"elementor-toggle-item\">\n\t\t\t\t\t<div id=\"elementor-tab-title-1684\" class=\"elementor-tab-title\" data-tab=\"4\" role=\"button\" aria-controls=\"elementor-tab-content-1684\" aria-expanded=\"false\">\n\t\t\t\t\t\t\t\t\t\t\t\t<span class=\"elementor-toggle-icon elementor-toggle-icon-left\" aria-hidden=\"true\">\n\t\t\t\t\t\t\t\t\t\t\t\t\t\t\t<span class=\"elementor-toggle-icon-closed\"><i class=\"fas fa-caret-right\"><\/i><\/span>\n\t\t\t\t\t\t\t\t<span class=\"elementor-toggle-icon-opened\"><i class=\"elementor-toggle-icon-opened fas fa-caret-up\"><\/i><\/span>\n\t\t\t\t\t\t\t\t\t\t\t\t\t<\/span>\n\t\t\t\t\t\t\t\t\t\t\t\t<a class=\"elementor-toggle-title\" tabindex=\"0\">\u00bfLas habitaciones tienen TV?<\/a>\n\t\t\t\t\t<\/div>\n\n\t\t\t\t\t<div id=\"elementor-tab-content-1684\" class=\"elementor-tab-content elementor-clearfix\" data-tab=\"4\" role=\"region\" aria-labelledby=\"elementor-tab-title-1684\"><p><span lang=\"ES\">Para el mejor descanso y contemplaci\u00f3n de la naturaleza <strong>Palafito 1326\u00a0no\u00a0cuenta con televisi\u00f3n en sus instalaciones<\/strong>, as\u00ed como tampoco con servicio a la habitaci\u00f3n ni botones. <\/span><\/p><\/div>\n\t\t\t\t<\/div>\n\t\t\t\t\t\t\t<div class=\"elementor-toggle-item\">\n\t\t\t\t\t<div id=\"elementor-tab-title-1685\" class=\"elementor-tab-title\" data-tab=\"5\" role=\"button\" aria-controls=\"elementor-tab-content-1685\" aria-expanded=\"false\">\n\t\t\t\t\t\t\t\t\t\t\t\t<span class=\"elementor-toggle-icon elementor-toggle-icon-left\" aria-hidden=\"true\">\n\t\t\t\t\t\t\t\t\t\t\t\t\t\t\t<span class=\"elementor-toggle-icon-closed\"><i class=\"fas fa-caret-right\"><\/i><\/span>\n\t\t\t\t\t\t\t\t<span class=\"elementor-toggle-icon-opened\"><i class=\"elementor-toggle-icon-opened fas fa-caret-up\"><\/i><\/span>\n\t\t\t\t\t\t\t\t\t\t\t\t\t<\/span>\n\t\t\t\t\t\t\t\t\t\t\t\t<a class=\"elementor-toggle-title\" tabindex=\"0\">\u00bfSe puede fumar en la habitaci\u00f3n?<\/a>\n\t\t\t\t\t<\/div>\n\n\t\t\t\t\t<div id=\"elementor-tab-content-1685\" class=\"elementor-tab-content elementor-clearfix\" data-tab=\"5\" role=\"region\" aria-labelledby=\"elementor-tab-title-1685\"><p><strong>No esta permitido fumar<\/strong> en las habitaciones del hotel, solo se puede fumar en espacios abiertos como terrazas y balcones del palafito.<\/p><\/div>\n\t\t\t\t<\/div>\n\t\t\t\t\t\t\t<div class=\"elementor-toggle-item\">\n\t\t\t\t\t<div id=\"elementor-tab-title-1686\" class=\"elementor-tab-title\" data-tab=\"6\" role=\"button\" aria-controls=\"elementor-tab-content-1686\" aria-expanded=\"false\">\n\t\t\t\t\t\t\t\t\t\t\t\t<span class=\"elementor-toggle-icon elementor-toggle-icon-left\" aria-hidden=\"true\">\n\t\t\t\t\t\t\t\t\t\t\t\t\t\t\t<span class=\"elementor-toggle-icon-closed\"><i class=\"fas fa-caret-right\"><\/i><\/span>\n\t\t\t\t\t\t\t\t<span class=\"elementor-toggle-icon-opened\"><i class=\"elementor-toggle-icon-opened fas fa-caret-up\"><\/i><\/span>\n\t\t\t\t\t\t\t\t\t\t\t\t\t<\/span>\n\t\t\t\t\t\t\t\t\t\t\t\t<a class=\"elementor-toggle-title\" tabindex=\"0\"> \u00bfEst\u00e1 permitido llevar mascotas?<\/a>\n\t\t\t\t\t<\/div>\n\n\t\t\t\t\t<div id=\"elementor-tab-content-1686\" class=\"elementor-tab-content elementor-clearfix\" data-tab=\"6\" role=\"region\" aria-labelledby=\"elementor-tab-title-1686\"><p>Palafito 1326 <strong>no admite mascotas<\/strong>.<\/p><\/div>\n\t\t\t\t<\/div>\n\t\t\t\t\t\t\t<div class=\"elementor-toggle-item\">\n\t\t\t\t\t<div id=\"elementor-tab-title-1687\" class=\"elementor-tab-title\" data-tab=\"7\" role=\"button\" aria-controls=\"elementor-tab-content-1687\" aria-expanded=\"false\">\n\t\t\t\t\t\t\t\t\t\t\t\t<span class=\"elementor-toggle-icon elementor-toggle-icon-left\" aria-hidden=\"true\">\n\t\t\t\t\t\t\t\t\t\t\t\t\t\t\t<span class=\"elementor-toggle-icon-closed\"><i class=\"fas fa-caret-right\"><\/i><\/span>\n\t\t\t\t\t\t\t\t<span class=\"elementor-toggle-icon-opened\"><i class=\"elementor-toggle-icon-opened fas fa-caret-up\"><\/i><\/span>\n\t\t\t\t\t\t\t\t\t\t\t\t\t<\/span>\n\t\t\t\t\t\t\t\t\t\t\t\t<a class=\"elementor-toggle-title\" tabindex=\"0\">\u00bfEl hotel tiene servicio de lavander\u00eda?<\/a>\n\t\t\t\t\t<\/div>\n\n\t\t\t\t\t<div id=\"elementor-tab-content-1687\" class=\"elementor-tab-content elementor-clearfix\" data-tab=\"7\" role=\"region\" aria-labelledby=\"elementor-tab-title-1687\"><p><span lang=\"ES\">El hotel <strong>tiene servicio de lavander\u00eda<\/strong>, deben solicitarlo en recepci\u00f3n durante su estad\u00eda.<\/span><\/p><\/div>\n\t\t\t\t<\/div>\n\t\t\t\t\t\t\t<div class=\"elementor-toggle-item\">\n\t\t\t\t\t<div id=\"elementor-tab-title-1688\" class=\"elementor-tab-title\" data-tab=\"8\" role=\"button\" aria-controls=\"elementor-tab-content-1688\" aria-expanded=\"false\">\n\t\t\t\t\t\t\t\t\t\t\t\t<span class=\"elementor-toggle-icon elementor-toggle-icon-left\" aria-hidden=\"true\">\n\t\t\t\t\t\t\t\t\t\t\t\t\t\t\t<span class=\"elementor-toggle-icon-closed\"><i class=\"fas fa-caret-right\"><\/i><\/span>\n\t\t\t\t\t\t\t\t<span class=\"elementor-toggle-icon-opened\"><i class=\"elementor-toggle-icon-opened fas fa-caret-up\"><\/i><\/span>\n\t\t\t\t\t\t\t\t\t\t\t\t\t<\/span>\n\t\t\t\t\t\t\t\t\t\t\t\t<a class=\"elementor-toggle-title\" tabindex=\"0\">\u00bfPuedo dejar mis maletas en custodia, para retirarlos durante la tarde?<\/a>\n\t\t\t\t\t<\/div>\n\n\t\t\t\t\t<div id=\"elementor-tab-content-1688\" class=\"elementor-tab-content elementor-clearfix\" data-tab=\"8\" role=\"region\" aria-labelledby=\"elementor-tab-title-1688\"><p><span lang=\"ES\">Si. <strong>Palafito 1326 tiene custodia para sus maletas y equipajes<\/strong>, puede dejarlas en el hotel antes del check-in o despu\u00e9s del check-out y retirarlo durante el d\u00eda.<\/span><\/p><\/div>\n\t\t\t\t<\/div>\n\t\t\t\t\t\t\t<div class=\"elementor-toggle-item\">\n\t\t\t\t\t<div id=\"elementor-tab-title-1689\" class=\"elementor-tab-title\" data-tab=\"9\" role=\"button\" aria-controls=\"elementor-tab-content-1689\" aria-expanded=\"false\">\n\t\t\t\t\t\t\t\t\t\t\t\t<span class=\"elementor-toggle-icon elementor-toggle-icon-left\" aria-hidden=\"true\">\n\t\t\t\t\t\t\t\t\t\t\t\t\t\t\t<span class=\"elementor-toggle-icon-closed\"><i class=\"fas fa-caret-right\"><\/i><\/span>\n\t\t\t\t\t\t\t\t<span class=\"elementor-toggle-icon-opened\"><i class=\"elementor-toggle-icon-opened fas fa-caret-up\"><\/i><\/span>\n\t\t\t\t\t\t\t\t\t\t\t\t\t<\/span>\n\t\t\t\t\t\t\t\t\t\t\t\t<a class=\"elementor-toggle-title\" tabindex=\"0\">\u00bfC\u00f3mo llegar al hotel desde el Terminal de Buses de Castro?<\/a>\n\t\t\t\t\t<\/div>\n\n\t\t\t\t\t<div id=\"elementor-tab-content-1689\" class=\"elementor-tab-content elementor-clearfix\" data-tab=\"9\" role=\"region\" aria-labelledby=\"elementor-tab-title-1689\"><p>Desde los 2 <strong>terminales de buses<\/strong> en el centro de <strong>Castro<\/strong> puedes acceder caminando por el sendero que lleva a la plazuela-mirador <strong>&#8220;Palafitos de Gamboa&#8221;<\/strong> o tomando el <strong>mini bus<\/strong> de recorrido urbano con destino a Gamboa o Nerc\u00f3n. Tambi\u00e9n puedes tomar un taxi o un &#8220;colectivo&#8221; que es un taxi compartido.<\/p><\/div>\n\t\t\t\t<\/div>\n\t\t\t\t\t\t\t<div class=\"elementor-toggle-item\">\n\t\t\t\t\t<div id=\"elementor-tab-title-16810\" class=\"elementor-tab-title\" data-tab=\"10\" role=\"button\" aria-controls=\"elementor-tab-content-16810\" aria-expanded=\"false\">\n\t\t\t\t\t\t\t\t\t\t\t\t<span class=\"elementor-toggle-icon elementor-toggle-icon-left\" aria-hidden=\"true\">\n\t\t\t\t\t\t\t\t\t\t\t\t\t\t\t<span class=\"elementor-toggle-icon-closed\"><i class=\"fas fa-caret-right\"><\/i><\/span>\n\t\t\t\t\t\t\t\t<span class=\"elementor-toggle-icon-opened\"><i class=\"elementor-toggle-icon-opened fas fa-caret-up\"><\/i><\/span>\n\t\t\t\t\t\t\t\t\t\t\t\t\t<\/span>\n\t\t\t\t\t\t\t\t\t\t\t\t<a class=\"elementor-toggle-title\" tabindex=\"0\"> \u00bfC\u00f3mo llegar al hotel desde el Aeropuerto de Mocopulli de Chilo\u00e9?<\/a>\n\t\t\t\t\t<\/div>\n\n\t\t\t\t\t<div id=\"elementor-tab-content-16810\" class=\"elementor-tab-content elementor-clearfix\" data-tab=\"10\" role=\"region\" aria-labelledby=\"elementor-tab-title-16810\"><p>El <strong>aeropuerto de Mocupulli-Dalcahue<\/strong>, que sirve a la ciudad de Castro, est\u00e1 a 20 minutos aproximadamente de distancia del Palafito 1326 Hotel Boutique. Se puede tomar bus, transfer o taxi.<\/p><\/div>\n\t\t\t\t<\/div>\n\t\t\t\t\t\t\t\t<\/div>\n\t\t\t\t\t\t<\/div>\n\t\t\t\t<\/div>\n\t\t\t\t\t<\/div>\n\t\t<\/div>\n\t\t\t\t\t<\/div>\n\t\t<\/section>\n\t\t\t\t<section class=\"elementor-section elementor-top-section elementor-element elementor-element-ce2f064 elementor-section-boxed elementor-section-height-default elementor-section-height-default\" data-id=\"ce2f064\" data-element_type=\"section\" data-e-type=\"section\">\n\t\t\t\t\t\t<div class=\"elementor-container elementor-column-gap-default\">\n\t\t\t\t\t<div class=\"elementor-column elementor-col-100 elementor-top-column elementor-element elementor-element-63b6c7d\" data-id=\"63b6c7d\" data-element_type=\"column\" data-e-type=\"column\">\n\t\t\t<div class=\"elementor-widget-wrap elementor-element-populated\">\n\t\t\t\t\t\t<div class=\"elementor-element elementor-element-b259259 elementor-widget elementor-widget-text-editor\" data-id=\"b259259\" data-element_type=\"widget\" data-e-type=\"widget\" data-widget_type=\"text-editor.default\">\n\t\t\t\t<div class=\"elementor-widget-container\">\n\t\t\t\t\t\t\t\t\t<p class=\"sc-3d1bd0f7-0 diudxz\" data-testid=\"youchat-text\">Estamos aqu\u00ed para responder todas tus preguntas y asegurarnos de que tu estancia en el Palafito 1326 Hotel Boutique sea inolvidable. Si tienes alguna otra duda o consulta, no dudes en contactarnos.<\/p><p class=\"sc-3d1bd0f7-0 diudxz\" data-testid=\"youchat-text\"><strong>\u00a1Estamos ansiosos por recibirte y brindarte una experiencia \u00fanica en Chilo\u00e9!<\/strong><\/p>\t\t\t\t\t\t\t\t<\/div>\n\t\t\t\t<\/div>\n\t\t\t\t\t<\/div>\n\t\t<\/div>\n\t\t\t\t\t<\/div>\n\t\t<\/section>\n\t\t\t\t<\/div>\n\t\t","protected":false},"excerpt":{"rendered":"<p>Preguntas Frecuentes Bienvenido a nuestra secci\u00f3n de preguntas frecuentes (FAQ) del Palafito 1326 Hotel Boutique en Chilo\u00e9. Aqu\u00ed encontrar\u00e1s respuestas a las consultas m\u00e1s comunes que nuestros hu\u00e9spedes suelen hacer. Estamos comprometidos en brindarte toda la informaci\u00f3n necesaria para que tu experiencia en nuestro hotel boutique sea excepcional. \u00bfCual es el horario de check-in y &hellip; <a href=\"https:\/\/palafito1326.com\/fr\/preguntas-frecuentes\/\" class=\"more-link\">Continuer la lecture<span class=\"screen-reader-text\"> &#8220;FAQ&#8217;s&#8221;<\/span><\/a><\/p>\n","protected":false},"author":1,"featured_media":126946,"parent":0,"menu_order":0,"comment_status":"closed","ping_status":"closed","template":"template-full-width-grid-page.php","meta":{"footnotes":""},"class_list":["post-1478","page","type-page","status-publish","has-post-thumbnail","hentry"],"yoast_head":"<!-- This site is optimized with the Yoast SEO plugin v27.2 - https:\/\/yoast.com\/product\/yoast-seo-wordpress\/ -->\n<title>Visita nuestra secci\u00f3n de Preguntas Frecuentes | Palafito 1326 Hotel Boutique<\/title>\n<meta name=\"description\" content=\"Conoce todo a cerca de Palafito 1326 Hotel Boutique en Castro, Chillo\u00e9, Chile desde nuestra secci\u00f3n de Preguntas Frecuentes.\" \/>\n<meta name=\"robots\" content=\"index, follow, max-snippet:-1, max-image-preview:large, max-video-preview:-1\" \/>\n<link rel=\"canonical\" href=\"https:\/\/palafito1326.com\/fr\/preguntas-frecuentes\/\" \/>\n<meta property=\"og:locale\" content=\"fr_FR\" \/>\n<meta property=\"og:type\" content=\"article\" \/>\n<meta property=\"og:title\" content=\"Visita nuestra secci\u00f3n de Preguntas Frecuentes\" \/>\n<meta property=\"og:description\" content=\"Conoce m\u00e1s a cerca de Palafito 1326 Hotel Boutique en Chilo\u00e9\" \/>\n<meta property=\"og:url\" content=\"https:\/\/palafito1326.com\/fr\/preguntas-frecuentes\/\" \/>\n<meta property=\"og:site_name\" content=\"Palafito 1326\" \/>\n<meta property=\"article:modified_time\" content=\"2023-12-27T19:29:56+00:00\" \/>\n<meta property=\"og:image\" content=\"https:\/\/palafito1326.com\/wp-content\/uploads\/2021\/01\/reception-hotel.jpg\" \/>\n<meta name=\"twitter:card\" content=\"summary_large_image\" \/>\n<meta name=\"twitter:label1\" content=\"Dur\u00e9e de lecture estim\u00e9e\" \/>\n\t<meta name=\"twitter:data1\" content=\"2 minutes\" \/>\n<script type=\"application\/ld+json\" class=\"yoast-schema-graph\">{\"@context\":\"https:\/\/schema.org\",\"@graph\":[{\"@type\":\"WebPage\",\"@id\":\"https:\/\/palafito1326.com\/fr\/preguntas-frecuentes\/\",\"url\":\"https:\/\/palafito1326.com\/fr\/preguntas-frecuentes\/\",\"name\":\"Visita nuestra secci\u00f3n de Preguntas Frecuentes | Palafito 1326 Hotel Boutique\",\"isPartOf\":{\"@id\":\"https:\/\/palafito1326.com\/fr\/#website\"},\"primaryImageOfPage\":{\"@id\":\"https:\/\/palafito1326.com\/fr\/preguntas-frecuentes\/#primaryimage\"},\"image\":{\"@id\":\"https:\/\/palafito1326.com\/fr\/preguntas-frecuentes\/#primaryimage\"},\"thumbnailUrl\":\"https:\/\/palafito1326.com\/wp-content\/uploads\/2021\/02\/palafito-1326-chiloe.jpg\",\"datePublished\":\"2020-11-05T04:24:51+00:00\",\"dateModified\":\"2023-12-27T19:29:56+00:00\",\"description\":\"Conoce todo a cerca de Palafito 1326 Hotel Boutique en Castro, Chillo\u00e9, Chile desde nuestra secci\u00f3n de Preguntas Frecuentes.\",\"breadcrumb\":{\"@id\":\"https:\/\/palafito1326.com\/fr\/preguntas-frecuentes\/#breadcrumb\"},\"inLanguage\":\"fr-FR\",\"potentialAction\":[{\"@type\":\"ReadAction\",\"target\":[\"https:\/\/palafito1326.com\/fr\/preguntas-frecuentes\/\"]}]},{\"@type\":\"ImageObject\",\"inLanguage\":\"fr-FR\",\"@id\":\"https:\/\/palafito1326.com\/fr\/preguntas-frecuentes\/#primaryimage\",\"url\":\"https:\/\/palafito1326.com\/wp-content\/uploads\/2021\/02\/palafito-1326-chiloe.jpg\",\"contentUrl\":\"https:\/\/palafito1326.com\/wp-content\/uploads\/2021\/02\/palafito-1326-chiloe.jpg\",\"width\":1440,\"height\":810,\"caption\":\"Palafitos de Gamboa Castro Chiloe\"},{\"@type\":\"BreadcrumbList\",\"@id\":\"https:\/\/palafito1326.com\/fr\/preguntas-frecuentes\/#breadcrumb\",\"itemListElement\":[{\"@type\":\"ListItem\",\"position\":1,\"name\":\"Portada\",\"item\":\"https:\/\/palafito1326.com\/fr\/\"},{\"@type\":\"ListItem\",\"position\":2,\"name\":\"FAQ&#8217;s\"}]},{\"@type\":\"WebSite\",\"@id\":\"https:\/\/palafito1326.com\/fr\/#website\",\"url\":\"https:\/\/palafito1326.com\/fr\/\",\"name\":\"Palafito 1326\",\"description\":\"Boutique Hotel\",\"publisher\":{\"@id\":\"https:\/\/palafito1326.com\/fr\/#organization\"},\"potentialAction\":[{\"@type\":\"SearchAction\",\"target\":{\"@type\":\"EntryPoint\",\"urlTemplate\":\"https:\/\/palafito1326.com\/fr\/?s={search_term_string}\"},\"query-input\":{\"@type\":\"PropertyValueSpecification\",\"valueRequired\":true,\"valueName\":\"search_term_string\"}}],\"inLanguage\":\"fr-FR\"},{\"@type\":\"Organization\",\"@id\":\"https:\/\/palafito1326.com\/fr\/#organization\",\"name\":\"Palafito 1326 Hotel Boutique\",\"url\":\"https:\/\/palafito1326.com\/fr\/\",\"logo\":{\"@type\":\"ImageObject\",\"inLanguage\":\"fr-FR\",\"@id\":\"https:\/\/palafito1326.com\/fr\/#\/schema\/logo\/image\/\",\"url\":\"https:\/\/palafito1326.com\/wp-content\/uploads\/2020\/10\/Palafito-1326-c.svg\",\"contentUrl\":\"https:\/\/palafito1326.com\/wp-content\/uploads\/2020\/10\/Palafito-1326-c.svg\",\"width\":202,\"height\":48,\"caption\":\"Palafito 1326 Hotel Boutique\"},\"image\":{\"@id\":\"https:\/\/palafito1326.com\/fr\/#\/schema\/logo\/image\/\"}}]}<\/script>\n<!-- \/ Yoast SEO plugin. -->","yoast_head_json":{"title":"Visita nuestra secci\u00f3n de Preguntas Frecuentes | Palafito 1326 Hotel Boutique","description":"Conoce todo a cerca de Palafito 1326 Hotel Boutique en Castro, Chillo\u00e9, Chile desde nuestra secci\u00f3n de Preguntas Frecuentes.","robots":{"index":"index","follow":"follow","max-snippet":"max-snippet:-1","max-image-preview":"max-image-preview:large","max-video-preview":"max-video-preview:-1"},"canonical":"https:\/\/palafito1326.com\/fr\/preguntas-frecuentes\/","og_locale":"fr_FR","og_type":"article","og_title":"Visita nuestra secci\u00f3n de Preguntas Frecuentes","og_description":"Conoce m\u00e1s a cerca de Palafito 1326 Hotel Boutique en Chilo\u00e9","og_url":"https:\/\/palafito1326.com\/fr\/preguntas-frecuentes\/","og_site_name":"Palafito 1326","article_modified_time":"2023-12-27T19:29:56+00:00","og_image":[{"url":"https:\/\/palafito1326.com\/wp-content\/uploads\/2021\/01\/reception-hotel.jpg","type":"","width":"","height":""}],"twitter_card":"summary_large_image","twitter_misc":{"Dur\u00e9e de lecture estim\u00e9e":"2 minutes"},"schema":{"@context":"https:\/\/schema.org","@graph":[{"@type":"WebPage","@id":"https:\/\/palafito1326.com\/fr\/preguntas-frecuentes\/","url":"https:\/\/palafito1326.com\/fr\/preguntas-frecuentes\/","name":"Visita nuestra secci\u00f3n de Preguntas Frecuentes | Palafito 1326 Hotel Boutique","isPartOf":{"@id":"https:\/\/palafito1326.com\/fr\/#website"},"primaryImageOfPage":{"@id":"https:\/\/palafito1326.com\/fr\/preguntas-frecuentes\/#primaryimage"},"image":{"@id":"https:\/\/palafito1326.com\/fr\/preguntas-frecuentes\/#primaryimage"},"thumbnailUrl":"https:\/\/palafito1326.com\/wp-content\/uploads\/2021\/02\/palafito-1326-chiloe.jpg","datePublished":"2020-11-05T04:24:51+00:00","dateModified":"2023-12-27T19:29:56+00:00","description":"Conoce todo a cerca de Palafito 1326 Hotel Boutique en Castro, Chillo\u00e9, Chile desde nuestra secci\u00f3n de Preguntas Frecuentes.","breadcrumb":{"@id":"https:\/\/palafito1326.com\/fr\/preguntas-frecuentes\/#breadcrumb"},"inLanguage":"fr-FR","potentialAction":[{"@type":"ReadAction","target":["https:\/\/palafito1326.com\/fr\/preguntas-frecuentes\/"]}]},{"@type":"ImageObject","inLanguage":"fr-FR","@id":"https:\/\/palafito1326.com\/fr\/preguntas-frecuentes\/#primaryimage","url":"https:\/\/palafito1326.com\/wp-content\/uploads\/2021\/02\/palafito-1326-chiloe.jpg","contentUrl":"https:\/\/palafito1326.com\/wp-content\/uploads\/2021\/02\/palafito-1326-chiloe.jpg","width":1440,"height":810,"caption":"Palafitos de Gamboa Castro Chiloe"},{"@type":"BreadcrumbList","@id":"https:\/\/palafito1326.com\/fr\/preguntas-frecuentes\/#breadcrumb","itemListElement":[{"@type":"ListItem","position":1,"name":"Portada","item":"https:\/\/palafito1326.com\/fr\/"},{"@type":"ListItem","position":2,"name":"FAQ&#8217;s"}]},{"@type":"WebSite","@id":"https:\/\/palafito1326.com\/fr\/#website","url":"https:\/\/palafito1326.com\/fr\/","name":"Palafito 1326","description":"Boutique Hotel","publisher":{"@id":"https:\/\/palafito1326.com\/fr\/#organization"},"potentialAction":[{"@type":"SearchAction","target":{"@type":"EntryPoint","urlTemplate":"https:\/\/palafito1326.com\/fr\/?s={search_term_string}"},"query-input":{"@type":"PropertyValueSpecification","valueRequired":true,"valueName":"search_term_string"}}],"inLanguage":"fr-FR"},{"@type":"Organization","@id":"https:\/\/palafito1326.com\/fr\/#organization","name":"Palafito 1326 Hotel Boutique","url":"https:\/\/palafito1326.com\/fr\/","logo":{"@type":"ImageObject","inLanguage":"fr-FR","@id":"https:\/\/palafito1326.com\/fr\/#\/schema\/logo\/image\/","url":"https:\/\/palafito1326.com\/wp-content\/uploads\/2020\/10\/Palafito-1326-c.svg","contentUrl":"https:\/\/palafito1326.com\/wp-content\/uploads\/2020\/10\/Palafito-1326-c.svg","width":202,"height":48,"caption":"Palafito 1326 Hotel Boutique"},"image":{"@id":"https:\/\/palafito1326.com\/fr\/#\/schema\/logo\/image\/"}}]}},"_links":{"self":[{"href":"https:\/\/palafito1326.com\/fr\/wp-json\/wp\/v2\/pages\/1478","targetHints":{"allow":["GET"]}}],"collection":[{"href":"https:\/\/palafito1326.com\/fr\/wp-json\/wp\/v2\/pages"}],"about":[{"href":"https:\/\/palafito1326.com\/fr\/wp-json\/wp\/v2\/types\/page"}],"author":[{"embeddable":true,"href":"https:\/\/palafito1326.com\/fr\/wp-json\/wp\/v2\/users\/1"}],"replies":[{"embeddable":true,"href":"https:\/\/palafito1326.com\/fr\/wp-json\/wp\/v2\/comments?post=1478"}],"version-history":[{"count":32,"href":"https:\/\/palafito1326.com\/fr\/wp-json\/wp\/v2\/pages\/1478\/revisions"}],"predecessor-version":[{"id":166596,"href":"https:\/\/palafito1326.com\/fr\/wp-json\/wp\/v2\/pages\/1478\/revisions\/166596"}],"wp:featuredmedia":[{"embeddable":true,"href":"https:\/\/palafito1326.com\/fr\/wp-json\/wp\/v2\/media\/126946"}],"wp:attachment":[{"href":"https:\/\/palafito1326.com\/fr\/wp-json\/wp\/v2\/media?parent=1478"}],"curies":[{"name":"wp","href":"https:\/\/api.w.org\/{rel}","templated":true}]}}