{"id":1471,"date":"2020-11-05T00:46:43","date_gmt":"2020-11-05T04:46:43","guid":{"rendered":"https:\/\/palafito1326.com\/protocolo-covid-19-castro-chiloe\/"},"modified":"2021-03-09T14:22:30","modified_gmt":"2021-03-09T18:22:30","slug":"atualizacao-covid-19-castro-ilha-de-chiloe","status":"publish","type":"page","link":"https:\/\/palafito1326.com\/pt-br\/atualizacao-covid-19-castro-ilha-de-chiloe\/","title":{"rendered":"Atualiza\u00e7\u00e3o COVID-19"},"content":{"rendered":"\t\t<div data-elementor-type=\"wp-page\" data-elementor-id=\"1471\" class=\"elementor elementor-1471\">\n\t\t\t\t\t\t<section class=\"elementor-section elementor-top-section elementor-element elementor-element-502e417 elementor-section-boxed elementor-section-height-default elementor-section-height-default\" data-id=\"502e417\" data-element_type=\"section\" data-e-type=\"section\">\n\t\t\t\t\t\t<div class=\"elementor-container elementor-column-gap-default\">\n\t\t\t\t\t<div class=\"elementor-column elementor-col-100 elementor-top-column elementor-element elementor-element-9282a53\" data-id=\"9282a53\" data-element_type=\"column\" data-e-type=\"column\">\n\t\t\t<div class=\"elementor-widget-wrap elementor-element-populated\">\n\t\t\t\t\t\t<div class=\"elementor-element elementor-element-570e6b2 elementor-widget elementor-widget-text-editor\" data-id=\"570e6b2\" data-element_type=\"widget\" data-e-type=\"widget\" data-widget_type=\"text-editor.default\">\n\t\t\t\t<div class=\"elementor-widget-container\">\n\t\t\t\t\t\t\t\t\t<p><span style=\"font-family: Nunito; font-size: 14pt;\">A seguran\u00e7a e o bem-estar de nossos h\u00f3spedes s\u00e3o a principal prioridade em nosso <strong>Hotel Palafito 1326<\/strong> e, portanto, em resposta ao desenvolvimento da Pandemia COVID-19, criamos protocolos para atender as recomenda\u00e7\u00f5es da OMS e de nossas autoridades de sa\u00fade.<\/span><\/p>\t\t\t\t\t\t\t\t<\/div>\n\t\t\t\t<\/div>\n\t\t\t\t\t<\/div>\n\t\t<\/div>\n\t\t\t\t\t<\/div>\n\t\t<\/section>\n\t\t\t\t<section class=\"elementor-section elementor-top-section elementor-element elementor-element-e39ac74 elementor-section-boxed elementor-section-height-default elementor-section-height-default\" data-id=\"e39ac74\" data-element_type=\"section\" data-e-type=\"section\">\n\t\t\t\t\t\t<div class=\"elementor-container elementor-column-gap-default\">\n\t\t\t\t\t<div class=\"elementor-column elementor-col-50 elementor-top-column elementor-element elementor-element-8349d3d\" data-id=\"8349d3d\" data-element_type=\"column\" data-e-type=\"column\">\n\t\t\t<div class=\"elementor-widget-wrap elementor-element-populated\">\n\t\t\t\t\t\t<div class=\"elementor-element elementor-element-1f18079 elementor-position-top elementor-widget elementor-widget-image-box\" data-id=\"1f18079\" data-element_type=\"widget\" data-e-type=\"widget\" data-widget_type=\"image-box.default\">\n\t\t\t\t<div class=\"elementor-widget-container\">\n\t\t\t\t\t<div class=\"elementor-image-box-wrapper\"><figure class=\"elementor-image-box-img\"><img fetchpriority=\"high\" decoding=\"async\" width=\"960\" height=\"640\" src=\"https:\/\/palafito1326.com\/wp-content\/uploads\/2020\/10\/Cafeteria-en-Castro-Chiloe-e1603837040217.jpg\" class=\"attachment-full size-full wp-image-555\" alt=\"Palafito 1326 Hotel Boutique | Castro, Chilo\u00e9, Chile\" \/><\/figure><\/div>\t\t\t\t<\/div>\n\t\t\t\t<\/div>\n\t\t\t\t<div class=\"elementor-element elementor-element-eda6c05 elementor-widget elementor-widget-heading\" data-id=\"eda6c05\" data-element_type=\"widget\" data-e-type=\"widget\" data-widget_type=\"heading.default\">\n\t\t\t\t<div class=\"elementor-widget-container\">\n\t\t\t\t\t<h2 class=\"elementor-heading-title elementor-size-default\">Nossos Colaboradores<\/h2>\t\t\t\t<\/div>\n\t\t\t\t<\/div>\n\t\t\t\t<div class=\"elementor-element elementor-element-d62055a elementor-widget elementor-widget-text-editor\" data-id=\"d62055a\" data-element_type=\"widget\" data-e-type=\"widget\" data-widget_type=\"text-editor.default\">\n\t\t\t\t<div class=\"elementor-widget-container\">\n\t\t\t\t\t\t\t\t\t<p style=\"text-align: center;\"><span style=\"font-family: Nunito;\">&#8211; Controle de temperatura ao entrar e sair do hotel.<\/span><br \/><span style=\"font-family: Nunito;\">&#8211; Declara\u00e7\u00e3o de sa\u00fade di\u00e1ria.<\/span><br \/><span style=\"font-family: Nunito;\">&#8211; Uso de m\u00e1scara, luvas e itens de prote\u00e7\u00e3o individual em todo o hotel.<\/span><br \/><span style=\"font-family: Nunito;\">&#8211; Higieniza\u00e7\u00e3o da \u00e1rea de trabalho a cada 1 hora e a cada mudan\u00e7a de turno.<\/span><br \/><span style=\"font-family: Nunito;\">&#8211; Utiliza\u00e7\u00e3o de protetores descart\u00e1veis \u200b\u200bpara limpeza dos quartos.<\/span><br \/><span style=\"font-family: Nunito;\">&#8211; Treinamento permanente de protocolos de higiene e saneamento.<\/span><br \/><span style=\"font-family: Nunito;\">&#8211; Lavagem di\u00e1ria de uniformes no hotel.<\/span><\/p>\t\t\t\t\t\t\t\t<\/div>\n\t\t\t\t<\/div>\n\t\t\t\t\t<\/div>\n\t\t<\/div>\n\t\t\t\t<div class=\"elementor-column elementor-col-50 elementor-top-column elementor-element elementor-element-c6eb77d\" data-id=\"c6eb77d\" data-element_type=\"column\" data-e-type=\"column\">\n\t\t\t<div class=\"elementor-widget-wrap elementor-element-populated\">\n\t\t\t\t\t\t<div class=\"elementor-element elementor-element-2cd397f elementor-position-top elementor-widget elementor-widget-image-box\" data-id=\"2cd397f\" data-element_type=\"widget\" data-e-type=\"widget\" data-widget_type=\"image-box.default\">\n\t\t\t\t<div class=\"elementor-widget-container\">\n\t\t\t\t\t<div class=\"elementor-image-box-wrapper\"><figure class=\"elementor-image-box-img\"><img decoding=\"async\" width=\"1000\" height=\"667\" src=\"https:\/\/palafito1326.com\/wp-content\/uploads\/2020\/11\/palafito1326-comedor.jpg\" class=\"attachment-full size-full wp-image-742\" alt=\"Palafito 1326 - Hotel Boutique\" srcset=\"https:\/\/palafito1326.com\/wp-content\/uploads\/2020\/11\/palafito1326-comedor.jpg 1000w, https:\/\/palafito1326.com\/wp-content\/uploads\/2020\/11\/palafito1326-comedor-300x200.jpg 300w, https:\/\/palafito1326.com\/wp-content\/uploads\/2020\/11\/palafito1326-comedor-768x512.jpg 768w, https:\/\/palafito1326.com\/wp-content\/uploads\/2020\/11\/palafito1326-comedor-840x560.jpg 840w, https:\/\/palafito1326.com\/wp-content\/uploads\/2020\/11\/palafito1326-comedor-600x400.jpg 600w\" sizes=\"(max-width: 1000px) 100vw, 1000px\" \/><\/figure><\/div>\t\t\t\t<\/div>\n\t\t\t\t<\/div>\n\t\t\t\t<div class=\"elementor-element elementor-element-70b0cc9 elementor-widget elementor-widget-heading\" data-id=\"70b0cc9\" data-element_type=\"widget\" data-e-type=\"widget\" data-widget_type=\"heading.default\">\n\t\t\t\t<div class=\"elementor-widget-container\">\n\t\t\t\t\t<h2 class=\"elementor-heading-title elementor-size-default\">Nossos H\u00f3spedes<\/h2>\t\t\t\t<\/div>\n\t\t\t\t<\/div>\n\t\t\t\t<div class=\"elementor-element elementor-element-3d2b996 elementor-widget elementor-widget-text-editor\" data-id=\"3d2b996\" data-element_type=\"widget\" data-e-type=\"widget\" data-widget_type=\"text-editor.default\">\n\t\t\t\t<div class=\"elementor-widget-container\">\n\t\t\t\t\t\t\t\t\t<p style=\"text-align: center;\"><span style=\"font-family: Nunito;\">&#8211; Utiliza\u00e7\u00e3o do tapete sanitizante ao entrar no hotel para higieniza\u00e7\u00e3o de cal\u00e7ados.<\/span><br \/><span style=\"font-family: Nunito;\">&#8211; Setor de desinfec\u00e7\u00e3o de malas e bagagens.<\/span><br \/><span style=\"font-family: Nunito;\">&#8211; Controle de temperatura obrigat\u00f3rio ao entrar no hotel.<\/span><br \/><span style=\"font-family: Nunito;\">&#8211; Assinatura do termo de declara\u00e7\u00e3o de sa\u00fade ao entrar no hotel.<\/span><br \/><span style=\"font-family: Nunito;\">&#8211; Barreira de separa\u00e7\u00e3o acr\u00edlica com funcion\u00e1rios na recep\u00e7\u00e3o.<\/span><br \/><span style=\"font-family: Nunito;\">&#8211; Entrega de chaves higienizadas.<\/span><br \/><span style=\"font-family: Nunito;\">&#8211; Uso obrigat\u00f3rio de m\u00e1scaras nas \u00e1reas comuns e de tr\u00e2nsito do hotel.<\/span><br \/><span style=\"font-family: Nunito;\">&#8211; Usar dispensores de \u00e1lcool gel localizados em diferentes partes do hotel.<\/span><br \/><span style=\"font-family: Nunito;\">&#8211; Cubra a boca e o nariz com o cotovelo dobrado ao tossir e \/ ou espirrar.<\/span><\/p>\t\t\t\t\t\t\t\t<\/div>\n\t\t\t\t<\/div>\n\t\t\t\t\t<\/div>\n\t\t<\/div>\n\t\t\t\t\t<\/div>\n\t\t<\/section>\n\t\t\t\t<section class=\"elementor-section elementor-top-section elementor-element elementor-element-25c6ef8 elementor-section-boxed elementor-section-height-default elementor-section-height-default\" data-id=\"25c6ef8\" data-element_type=\"section\" data-e-type=\"section\">\n\t\t\t\t\t\t<div class=\"elementor-container elementor-column-gap-default\">\n\t\t\t\t\t<div class=\"elementor-column elementor-col-50 elementor-top-column elementor-element elementor-element-762eece\" data-id=\"762eece\" data-element_type=\"column\" data-e-type=\"column\">\n\t\t\t<div class=\"elementor-widget-wrap elementor-element-populated\">\n\t\t\t\t\t\t<div class=\"elementor-element elementor-element-7f8b1cf elementor-position-top elementor-widget elementor-widget-image-box\" data-id=\"7f8b1cf\" data-element_type=\"widget\" data-e-type=\"widget\" data-widget_type=\"image-box.default\">\n\t\t\t\t<div class=\"elementor-widget-container\">\n\t\t\t\t\t<div class=\"elementor-image-box-wrapper\"><figure class=\"elementor-image-box-img\"><img decoding=\"async\" width=\"924\" height=\"616\" src=\"https:\/\/palafito1326.com\/wp-content\/uploads\/2018\/07\/Habitacion-doble-con-vista-lateral.jpg\" class=\"attachment-full size-full wp-image-512\" alt=\"\" srcset=\"https:\/\/palafito1326.com\/wp-content\/uploads\/2018\/07\/Habitacion-doble-con-vista-lateral.jpg 924w, https:\/\/palafito1326.com\/wp-content\/uploads\/2018\/07\/Habitacion-doble-con-vista-lateral-300x200.jpg 300w, https:\/\/palafito1326.com\/wp-content\/uploads\/2018\/07\/Habitacion-doble-con-vista-lateral-768x512.jpg 768w, https:\/\/palafito1326.com\/wp-content\/uploads\/2018\/07\/Habitacion-doble-con-vista-lateral-840x560.jpg 840w, https:\/\/palafito1326.com\/wp-content\/uploads\/2018\/07\/Habitacion-doble-con-vista-lateral-600x400.jpg 600w\" sizes=\"(max-width: 924px) 100vw, 924px\" \/><\/figure><\/div>\t\t\t\t<\/div>\n\t\t\t\t<\/div>\n\t\t\t\t<div class=\"elementor-element elementor-element-ade0f30 elementor-widget elementor-widget-heading\" data-id=\"ade0f30\" data-element_type=\"widget\" data-e-type=\"widget\" data-widget_type=\"heading.default\">\n\t\t\t\t<div class=\"elementor-widget-container\">\n\t\t\t\t\t<h2 class=\"elementor-heading-title elementor-size-default\">Nossos quartos<\/h2>\t\t\t\t<\/div>\n\t\t\t\t<\/div>\n\t\t\t\t<div class=\"elementor-element elementor-element-bd680a8 elementor-widget elementor-widget-text-editor\" data-id=\"bd680a8\" data-element_type=\"widget\" data-e-type=\"widget\" data-widget_type=\"text-editor.default\">\n\t\t\t\t<div class=\"elementor-widget-container\">\n\t\t\t\t\t\t\t\t\t<p style=\"text-align: center;\"><span style=\"font-family: Nunito;\">&#8211; Protocolo estrito de higieniza\u00e7\u00e3o e limpeza com am\u00f4nio quatern\u00e1rio.<\/span><br \/><span style=\"font-family: Nunito;\">&#8211; Temos um equipamento profissional de Tecnologia Hospitalar port\u00e1til que desinfeta por radia\u00e7\u00e3o ultravioleta &#8211; C. Este equipamento desinfeta 99,9% dos v\u00edrus e bact\u00e9rias sem contato, e \u00e9 certificado pelo USACH.<\/span><br \/><span style=\"font-family: Nunito;\">&#8211; O Hotel tamb\u00e9m possui nebulizador port\u00e1til que cont\u00e9m um produto qu\u00edmico dilu\u00eddo em am\u00f4nio quatern\u00e1rio (desinfetante hospitalar).<\/span><br \/><span style=\"font-family: Nunito;\">&#8211; Ambos equipamentos s\u00e3o aplicados di\u00e1ria e repetidamente em todos os quartos e \u00e1reas comuns do Hotel, para dar tranquilidade aos nossos h\u00f3spedes em rela\u00e7\u00e3o a esta pandemia.<\/span><\/p>\t\t\t\t\t\t\t\t<\/div>\n\t\t\t\t<\/div>\n\t\t\t\t\t<\/div>\n\t\t<\/div>\n\t\t\t\t<div class=\"elementor-column elementor-col-50 elementor-top-column elementor-element elementor-element-05f3c65\" data-id=\"05f3c65\" data-element_type=\"column\" data-e-type=\"column\">\n\t\t\t<div class=\"elementor-widget-wrap elementor-element-populated\">\n\t\t\t\t\t\t<div class=\"elementor-element elementor-element-6a64d62 elementor-position-top elementor-widget elementor-widget-image-box\" data-id=\"6a64d62\" data-element_type=\"widget\" data-e-type=\"widget\" data-widget_type=\"image-box.default\">\n\t\t\t\t<div class=\"elementor-widget-container\">\n\t\t\t\t\t<div class=\"elementor-image-box-wrapper\"><figure class=\"elementor-image-box-img\"><img loading=\"lazy\" decoding=\"async\" width=\"960\" height=\"640\" src=\"https:\/\/palafito1326.com\/wp-content\/uploads\/2020\/10\/Cafeteria-de-Castro-Chiloe-e1603837018504.jpg\" class=\"attachment-full size-full wp-image-551\" alt=\"Palafito 1326 Cafeter\u00eda de Castro Chilo\u00e9 Hotel Boutique Chile\" \/><\/figure><\/div>\t\t\t\t<\/div>\n\t\t\t\t<\/div>\n\t\t\t\t<div class=\"elementor-element elementor-element-ee928bd elementor-widget elementor-widget-heading\" data-id=\"ee928bd\" data-element_type=\"widget\" data-e-type=\"widget\" data-widget_type=\"heading.default\">\n\t\t\t\t<div class=\"elementor-widget-container\">\n\t\t\t\t\t<h2 class=\"elementor-heading-title elementor-size-default\">\u00c1reas comuns<\/h2>\t\t\t\t<\/div>\n\t\t\t\t<\/div>\n\t\t\t\t<div class=\"elementor-element elementor-element-131283f elementor-widget elementor-widget-text-editor\" data-id=\"131283f\" data-element_type=\"widget\" data-e-type=\"widget\" data-widget_type=\"text-editor.default\">\n\t\t\t\t<div class=\"elementor-widget-container\">\n\t\t\t\t\t\t\t\t\t<p style=\"text-align: center;\"><span style=\"font-family: Nunito;\">&#8211; Dispenser de \u00e1lcool gel dispon\u00edveis em v\u00e1rios pontos do hotel.<\/span><br \/><span style=\"font-family: Nunito;\"><strong>Restaurante<\/strong><\/span><br \/><span style=\"font-family: Nunito;\">&#8211; Caf\u00e9 da manh\u00e3 em 2 turnos, 8h30 e 9h30.<\/span><br \/><span style=\"font-family: Nunito;\">&#8211; Mesa individual para 2 ou 3 pessoas (grupos familiares).<\/span><br \/><span style=\"font-family: Nunito;\">&#8211; Mesa principal dividida por barreira acr\u00edlica com alimenta\u00e7\u00e3o individual e porcionada em cada local.<\/span><br \/><span style=\"font-family: Nunito;\"><strong>Cafeteria<\/strong><\/span><br \/><span style=\"font-family: Nunito;\">&#8211; Os participantes devem medir a temperatura, usar m\u00e1scaras e acessar o tapete sanitizante.<\/span><br \/><span style=\"font-family: Nunito;\">&#8211; Mesas e poltronas a 1,5 metros, e barreiras de separa\u00e7\u00e3o de acr\u00edlico, se aplic\u00e1vel.<\/span><br \/><span style=\"font-family: Nunito;\">&#8211; Desinfec\u00e7\u00e3o a cada 2 horas das superf\u00edcies de contato.<\/span><\/p>\t\t\t\t\t\t\t\t<\/div>\n\t\t\t\t<\/div>\n\t\t\t\t\t<\/div>\n\t\t<\/div>\n\t\t\t\t\t<\/div>\n\t\t<\/section>\n\t\t\t\t<\/div>\n\t\t","protected":false},"excerpt":{"rendered":"<p>A seguran\u00e7a e o bem-estar de nossos h\u00f3spedes s\u00e3o a principal prioridade em nosso Hotel Palafito 1326 e, portanto, em resposta ao desenvolvimento da Pandemia COVID-19, criamos protocolos para atender as recomenda\u00e7\u00f5es da OMS e de nossas autoridades de sa\u00fade. Nossos Colaboradores &#8211; Controle de temperatura ao entrar e sair do hotel.&#8211; Declara\u00e7\u00e3o de sa\u00fade &hellip; <a href=\"https:\/\/palafito1326.com\/pt-br\/atualizacao-covid-19-castro-ilha-de-chiloe\/\" class=\"more-link\">Continue reading<span class=\"screen-reader-text\"> &#8220;Atualiza\u00e7\u00e3o COVID-19&#8221;<\/span><\/a><\/p>\n","protected":false},"author":1,"featured_media":758,"parent":0,"menu_order":0,"comment_status":"closed","ping_status":"closed","template":"elementor_header_footer","meta":{"footnotes":""},"class_list":["post-1471","page","type-page","status-publish","has-post-thumbnail","hentry"],"yoast_head":"<!-- This site is optimized with the Yoast SEO plugin v27.2 - https:\/\/yoast.com\/product\/yoast-seo-wordpress\/ -->\n<title>Atualiza\u00e7\u00e3o COVID-19 - Palafito 1326<\/title>\n<meta name=\"description\" content=\"Saiba mais sobre nosso Protocolo de Seguran\u00e7a no COVID-19 no Palafito 1326 Hotel Boutique de Castro, Chilo\u00e9, Chile. Reserva segura.\" \/>\n<meta name=\"robots\" content=\"index, follow, max-snippet:-1, max-image-preview:large, max-video-preview:-1\" \/>\n<link rel=\"canonical\" href=\"https:\/\/palafito1326.com\/pt-br\/atualizacao-covid-19-castro-ilha-de-chiloe\/\" \/>\n<meta property=\"og:locale\" content=\"pt_BR\" \/>\n<meta property=\"og:type\" content=\"article\" \/>\n<meta property=\"og:title\" content=\"Atualiza\u00e7\u00e3o COVID-19 - Palafito 1326\" \/>\n<meta property=\"og:description\" content=\"Saiba mais sobre nosso Protocolo de Seguran\u00e7a no COVID-19 no Palafito 1326 Hotel Boutique de Castro, Chilo\u00e9, Chile. Reserva segura.\" \/>\n<meta property=\"og:url\" content=\"https:\/\/palafito1326.com\/pt-br\/atualizacao-covid-19-castro-ilha-de-chiloe\/\" \/>\n<meta property=\"og:site_name\" content=\"Palafito 1326\" \/>\n<meta property=\"article:modified_time\" content=\"2021-03-09T18:22:30+00:00\" \/>\n<meta property=\"og:image\" content=\"https:\/\/palafito1326.com\/wp-content\/uploads\/2020\/10\/Palafito-1326-Hotel-Boutique-2.jpg\" \/>\n<meta name=\"twitter:card\" content=\"summary_large_image\" \/>\n<meta name=\"twitter:label1\" content=\"Est. tempo de leitura\" \/>\n\t<meta name=\"twitter:data1\" content=\"3 minutos\" \/>\n<script type=\"application\/ld+json\" class=\"yoast-schema-graph\">{\"@context\":\"https:\/\/schema.org\",\"@graph\":[{\"@type\":\"WebPage\",\"@id\":\"https:\/\/palafito1326.com\/pt-br\/atualizacao-covid-19-castro-ilha-de-chiloe\/\",\"url\":\"https:\/\/palafito1326.com\/pt-br\/atualizacao-covid-19-castro-ilha-de-chiloe\/\",\"name\":\"Atualiza\u00e7\u00e3o COVID-19 - Palafito 1326\",\"isPartOf\":{\"@id\":\"https:\/\/palafito1326.com\/pt-br\/#website\"},\"primaryImageOfPage\":{\"@id\":\"https:\/\/palafito1326.com\/pt-br\/atualizacao-covid-19-castro-ilha-de-chiloe\/#primaryimage\"},\"image\":{\"@id\":\"https:\/\/palafito1326.com\/pt-br\/atualizacao-covid-19-castro-ilha-de-chiloe\/#primaryimage\"},\"thumbnailUrl\":\"https:\/\/palafito1326.com\/wp-content\/uploads\/2020\/11\/palafito1326-banner1.jpg\",\"datePublished\":\"2020-11-05T04:46:43+00:00\",\"dateModified\":\"2021-03-09T18:22:30+00:00\",\"description\":\"Saiba mais sobre nosso Protocolo de Seguran\u00e7a no COVID-19 no Palafito 1326 Hotel Boutique de Castro, Chilo\u00e9, Chile. Reserva segura.\",\"breadcrumb\":{\"@id\":\"https:\/\/palafito1326.com\/pt-br\/atualizacao-covid-19-castro-ilha-de-chiloe\/#breadcrumb\"},\"inLanguage\":\"pt-BR\",\"potentialAction\":[{\"@type\":\"ReadAction\",\"target\":[\"https:\/\/palafito1326.com\/pt-br\/atualizacao-covid-19-castro-ilha-de-chiloe\/\"]}]},{\"@type\":\"ImageObject\",\"inLanguage\":\"pt-BR\",\"@id\":\"https:\/\/palafito1326.com\/pt-br\/atualizacao-covid-19-castro-ilha-de-chiloe\/#primaryimage\",\"url\":\"https:\/\/palafito1326.com\/wp-content\/uploads\/2020\/11\/palafito1326-banner1.jpg\",\"contentUrl\":\"https:\/\/palafito1326.com\/wp-content\/uploads\/2020\/11\/palafito1326-banner1.jpg\",\"width\":1440,\"height\":250,\"caption\":\"Palafito 1326 Hotel Boutique Castro Chilo\u00e9 Chile Reservas de Alojamiento Patagonia Chile\"},{\"@type\":\"BreadcrumbList\",\"@id\":\"https:\/\/palafito1326.com\/pt-br\/atualizacao-covid-19-castro-ilha-de-chiloe\/#breadcrumb\",\"itemListElement\":[{\"@type\":\"ListItem\",\"position\":1,\"name\":\"Portada\",\"item\":\"https:\/\/palafito1326.com\/pt-br\/\"},{\"@type\":\"ListItem\",\"position\":2,\"name\":\"Atualiza\u00e7\u00e3o COVID-19\"}]},{\"@type\":\"WebSite\",\"@id\":\"https:\/\/palafito1326.com\/pt-br\/#website\",\"url\":\"https:\/\/palafito1326.com\/pt-br\/\",\"name\":\"Palafito 1326\",\"description\":\"Boutique Hotel\",\"publisher\":{\"@id\":\"https:\/\/palafito1326.com\/pt-br\/#organization\"},\"potentialAction\":[{\"@type\":\"SearchAction\",\"target\":{\"@type\":\"EntryPoint\",\"urlTemplate\":\"https:\/\/palafito1326.com\/pt-br\/?s={search_term_string}\"},\"query-input\":{\"@type\":\"PropertyValueSpecification\",\"valueRequired\":true,\"valueName\":\"search_term_string\"}}],\"inLanguage\":\"pt-BR\"},{\"@type\":\"Organization\",\"@id\":\"https:\/\/palafito1326.com\/pt-br\/#organization\",\"name\":\"Palafito 1326 Hotel Boutique\",\"url\":\"https:\/\/palafito1326.com\/pt-br\/\",\"logo\":{\"@type\":\"ImageObject\",\"inLanguage\":\"pt-BR\",\"@id\":\"https:\/\/palafito1326.com\/pt-br\/#\/schema\/logo\/image\/\",\"url\":\"https:\/\/palafito1326.com\/wp-content\/uploads\/2020\/10\/Palafito-1326-c.svg\",\"contentUrl\":\"https:\/\/palafito1326.com\/wp-content\/uploads\/2020\/10\/Palafito-1326-c.svg\",\"width\":202,\"height\":48,\"caption\":\"Palafito 1326 Hotel Boutique\"},\"image\":{\"@id\":\"https:\/\/palafito1326.com\/pt-br\/#\/schema\/logo\/image\/\"}}]}<\/script>\n<!-- \/ Yoast SEO plugin. -->","yoast_head_json":{"title":"Atualiza\u00e7\u00e3o COVID-19 - Palafito 1326","description":"Saiba mais sobre nosso Protocolo de Seguran\u00e7a no COVID-19 no Palafito 1326 Hotel Boutique de Castro, Chilo\u00e9, Chile. Reserva segura.","robots":{"index":"index","follow":"follow","max-snippet":"max-snippet:-1","max-image-preview":"max-image-preview:large","max-video-preview":"max-video-preview:-1"},"canonical":"https:\/\/palafito1326.com\/pt-br\/atualizacao-covid-19-castro-ilha-de-chiloe\/","og_locale":"pt_BR","og_type":"article","og_title":"Atualiza\u00e7\u00e3o COVID-19 - Palafito 1326","og_description":"Saiba mais sobre nosso Protocolo de Seguran\u00e7a no COVID-19 no Palafito 1326 Hotel Boutique de Castro, Chilo\u00e9, Chile. Reserva segura.","og_url":"https:\/\/palafito1326.com\/pt-br\/atualizacao-covid-19-castro-ilha-de-chiloe\/","og_site_name":"Palafito 1326","article_modified_time":"2021-03-09T18:22:30+00:00","og_image":[{"url":"https:\/\/palafito1326.com\/wp-content\/uploads\/2020\/10\/Palafito-1326-Hotel-Boutique-2.jpg","type":"","width":"","height":""}],"twitter_card":"summary_large_image","twitter_misc":{"Est. tempo de leitura":"3 minutos"},"schema":{"@context":"https:\/\/schema.org","@graph":[{"@type":"WebPage","@id":"https:\/\/palafito1326.com\/pt-br\/atualizacao-covid-19-castro-ilha-de-chiloe\/","url":"https:\/\/palafito1326.com\/pt-br\/atualizacao-covid-19-castro-ilha-de-chiloe\/","name":"Atualiza\u00e7\u00e3o COVID-19 - Palafito 1326","isPartOf":{"@id":"https:\/\/palafito1326.com\/pt-br\/#website"},"primaryImageOfPage":{"@id":"https:\/\/palafito1326.com\/pt-br\/atualizacao-covid-19-castro-ilha-de-chiloe\/#primaryimage"},"image":{"@id":"https:\/\/palafito1326.com\/pt-br\/atualizacao-covid-19-castro-ilha-de-chiloe\/#primaryimage"},"thumbnailUrl":"https:\/\/palafito1326.com\/wp-content\/uploads\/2020\/11\/palafito1326-banner1.jpg","datePublished":"2020-11-05T04:46:43+00:00","dateModified":"2021-03-09T18:22:30+00:00","description":"Saiba mais sobre nosso Protocolo de Seguran\u00e7a no COVID-19 no Palafito 1326 Hotel Boutique de Castro, Chilo\u00e9, Chile. Reserva segura.","breadcrumb":{"@id":"https:\/\/palafito1326.com\/pt-br\/atualizacao-covid-19-castro-ilha-de-chiloe\/#breadcrumb"},"inLanguage":"pt-BR","potentialAction":[{"@type":"ReadAction","target":["https:\/\/palafito1326.com\/pt-br\/atualizacao-covid-19-castro-ilha-de-chiloe\/"]}]},{"@type":"ImageObject","inLanguage":"pt-BR","@id":"https:\/\/palafito1326.com\/pt-br\/atualizacao-covid-19-castro-ilha-de-chiloe\/#primaryimage","url":"https:\/\/palafito1326.com\/wp-content\/uploads\/2020\/11\/palafito1326-banner1.jpg","contentUrl":"https:\/\/palafito1326.com\/wp-content\/uploads\/2020\/11\/palafito1326-banner1.jpg","width":1440,"height":250,"caption":"Palafito 1326 Hotel Boutique Castro Chilo\u00e9 Chile Reservas de Alojamiento Patagonia Chile"},{"@type":"BreadcrumbList","@id":"https:\/\/palafito1326.com\/pt-br\/atualizacao-covid-19-castro-ilha-de-chiloe\/#breadcrumb","itemListElement":[{"@type":"ListItem","position":1,"name":"Portada","item":"https:\/\/palafito1326.com\/pt-br\/"},{"@type":"ListItem","position":2,"name":"Atualiza\u00e7\u00e3o COVID-19"}]},{"@type":"WebSite","@id":"https:\/\/palafito1326.com\/pt-br\/#website","url":"https:\/\/palafito1326.com\/pt-br\/","name":"Palafito 1326","description":"Boutique Hotel","publisher":{"@id":"https:\/\/palafito1326.com\/pt-br\/#organization"},"potentialAction":[{"@type":"SearchAction","target":{"@type":"EntryPoint","urlTemplate":"https:\/\/palafito1326.com\/pt-br\/?s={search_term_string}"},"query-input":{"@type":"PropertyValueSpecification","valueRequired":true,"valueName":"search_term_string"}}],"inLanguage":"pt-BR"},{"@type":"Organization","@id":"https:\/\/palafito1326.com\/pt-br\/#organization","name":"Palafito 1326 Hotel Boutique","url":"https:\/\/palafito1326.com\/pt-br\/","logo":{"@type":"ImageObject","inLanguage":"pt-BR","@id":"https:\/\/palafito1326.com\/pt-br\/#\/schema\/logo\/image\/","url":"https:\/\/palafito1326.com\/wp-content\/uploads\/2020\/10\/Palafito-1326-c.svg","contentUrl":"https:\/\/palafito1326.com\/wp-content\/uploads\/2020\/10\/Palafito-1326-c.svg","width":202,"height":48,"caption":"Palafito 1326 Hotel Boutique"},"image":{"@id":"https:\/\/palafito1326.com\/pt-br\/#\/schema\/logo\/image\/"}}]}},"_links":{"self":[{"href":"https:\/\/palafito1326.com\/pt-br\/wp-json\/wp\/v2\/pages\/1471","targetHints":{"allow":["GET"]}}],"collection":[{"href":"https:\/\/palafito1326.com\/pt-br\/wp-json\/wp\/v2\/pages"}],"about":[{"href":"https:\/\/palafito1326.com\/pt-br\/wp-json\/wp\/v2\/types\/page"}],"author":[{"embeddable":true,"href":"https:\/\/palafito1326.com\/pt-br\/wp-json\/wp\/v2\/users\/1"}],"replies":[{"embeddable":true,"href":"https:\/\/palafito1326.com\/pt-br\/wp-json\/wp\/v2\/comments?post=1471"}],"version-history":[{"count":17,"href":"https:\/\/palafito1326.com\/pt-br\/wp-json\/wp\/v2\/pages\/1471\/revisions"}],"predecessor-version":[{"id":150274,"href":"https:\/\/palafito1326.com\/pt-br\/wp-json\/wp\/v2\/pages\/1471\/revisions\/150274"}],"wp:featuredmedia":[{"embeddable":true,"href":"https:\/\/palafito1326.com\/pt-br\/wp-json\/wp\/v2\/media\/758"}],"wp:attachment":[{"href":"https:\/\/palafito1326.com\/pt-br\/wp-json\/wp\/v2\/media?parent=1471"}],"curies":[{"name":"wp","href":"https:\/\/api.w.org\/{rel}","templated":true}]}}