{"id":1479,"date":"2020-11-05T00:24:51","date_gmt":"2020-11-05T04:24:51","guid":{"rendered":"https:\/\/palafito1326.com\/preguntas-frecuentes\/"},"modified":"2023-03-20T17:42:04","modified_gmt":"2023-03-20T20:42:04","slug":"perguntas-frequentes","status":"publish","type":"page","link":"https:\/\/palafito1326.com\/pt-br\/perguntas-frequentes\/","title":{"rendered":"Perguntas Frequentes"},"content":{"rendered":"\t\t<div data-elementor-type=\"wp-page\" data-elementor-id=\"1479\" class=\"elementor elementor-1479 elementor-596\">\n\t\t\t\t\t\t<section class=\"elementor-section elementor-top-section elementor-element elementor-element-4e49e51 elementor-section-boxed elementor-section-height-default elementor-section-height-default\" data-id=\"4e49e51\" data-element_type=\"section\" data-e-type=\"section\">\n\t\t\t\t\t\t<div class=\"elementor-container elementor-column-gap-default\">\n\t\t\t\t\t<div class=\"elementor-column elementor-col-100 elementor-top-column elementor-element elementor-element-5fe8f5c\" data-id=\"5fe8f5c\" data-element_type=\"column\" data-e-type=\"column\">\n\t\t\t<div class=\"elementor-widget-wrap elementor-element-populated\">\n\t\t\t\t\t\t<div class=\"elementor-element elementor-element-a0d4cde elementor-widget elementor-widget-toggle\" data-id=\"a0d4cde\" data-element_type=\"widget\" data-e-type=\"widget\" data-widget_type=\"toggle.default\">\n\t\t\t\t<div class=\"elementor-widget-container\">\n\t\t\t\t\t\t\t<div class=\"elementor-toggle\">\n\t\t\t\t\t\t\t<div class=\"elementor-toggle-item\">\n\t\t\t\t\t<div id=\"elementor-tab-title-1681\" class=\"elementor-tab-title\" data-tab=\"1\" role=\"button\" aria-controls=\"elementor-tab-content-1681\" aria-expanded=\"false\">\n\t\t\t\t\t\t\t\t\t\t\t\t<span class=\"elementor-toggle-icon elementor-toggle-icon-left\" aria-hidden=\"true\">\n\t\t\t\t\t\t\t\t\t\t\t\t\t\t\t<span class=\"elementor-toggle-icon-closed\"><i class=\"fas fa-caret-right\"><\/i><\/span>\n\t\t\t\t\t\t\t\t<span class=\"elementor-toggle-icon-opened\"><i class=\"elementor-toggle-icon-opened fas fa-caret-up\"><\/i><\/span>\n\t\t\t\t\t\t\t\t\t\t\t\t\t<\/span>\n\t\t\t\t\t\t\t\t\t\t\t\t<a class=\"elementor-toggle-title\" tabindex=\"0\">Quais s\u00e3o os hor\u00e1rios de check-in e check-out no hotel?<\/a>\n\t\t\t\t\t<\/div>\n\n\t\t\t\t\t<div id=\"elementor-tab-content-1681\" class=\"elementor-tab-content elementor-clearfix\" data-tab=\"1\" role=\"region\" aria-labelledby=\"elementor-tab-title-1681\"><p>O check-in \u00e9 a partir das 14h00 e o check-out at\u00e9 \u00e0s 12h00<\/p><\/div>\n\t\t\t\t<\/div>\n\t\t\t\t\t\t\t<div class=\"elementor-toggle-item\">\n\t\t\t\t\t<div id=\"elementor-tab-title-1682\" class=\"elementor-tab-title\" data-tab=\"2\" role=\"button\" aria-controls=\"elementor-tab-content-1682\" aria-expanded=\"false\">\n\t\t\t\t\t\t\t\t\t\t\t\t<span class=\"elementor-toggle-icon elementor-toggle-icon-left\" aria-hidden=\"true\">\n\t\t\t\t\t\t\t\t\t\t\t\t\t\t\t<span class=\"elementor-toggle-icon-closed\"><i class=\"fas fa-caret-right\"><\/i><\/span>\n\t\t\t\t\t\t\t\t<span class=\"elementor-toggle-icon-opened\"><i class=\"elementor-toggle-icon-opened fas fa-caret-up\"><\/i><\/span>\n\t\t\t\t\t\t\t\t\t\t\t\t\t<\/span>\n\t\t\t\t\t\t\t\t\t\t\t\t<a class=\"elementor-toggle-title\" tabindex=\"0\">O hotel tem caf\u00e9 da manh\u00e3 incluso?<\/a>\n\t\t\t\t\t<\/div>\n\n\t\t\t\t\t<div id=\"elementor-tab-content-1682\" class=\"elementor-tab-content elementor-clearfix\" data-tab=\"2\" role=\"region\" aria-labelledby=\"elementor-tab-title-1682\"><p>O buffet de caf\u00e9 da manh\u00e3 est\u00e1 inclu\u00eddo no valor da di\u00e1ria, servido no sal\u00e3o compartilhado com vista para o mar.<\/p><\/div>\n\t\t\t\t<\/div>\n\t\t\t\t\t\t\t<div class=\"elementor-toggle-item\">\n\t\t\t\t\t<div id=\"elementor-tab-title-1683\" class=\"elementor-tab-title\" data-tab=\"3\" role=\"button\" aria-controls=\"elementor-tab-content-1683\" aria-expanded=\"false\">\n\t\t\t\t\t\t\t\t\t\t\t\t<span class=\"elementor-toggle-icon elementor-toggle-icon-left\" aria-hidden=\"true\">\n\t\t\t\t\t\t\t\t\t\t\t\t\t\t\t<span class=\"elementor-toggle-icon-closed\"><i class=\"fas fa-caret-right\"><\/i><\/span>\n\t\t\t\t\t\t\t\t<span class=\"elementor-toggle-icon-opened\"><i class=\"elementor-toggle-icon-opened fas fa-caret-up\"><\/i><\/span>\n\t\t\t\t\t\t\t\t\t\t\t\t\t<\/span>\n\t\t\t\t\t\t\t\t\t\t\t\t<a class=\"elementor-toggle-title\" tabindex=\"0\">O hotel tem estacionamento?<\/a>\n\t\t\t\t\t<\/div>\n\n\t\t\t\t\t<div id=\"elementor-tab-content-1683\" class=\"elementor-tab-content elementor-clearfix\" data-tab=\"3\" role=\"region\" aria-labelledby=\"elementor-tab-title-1683\"><p>O hotel disp\u00f5e de estacionamento privado com custo adicional, no momento do check-in dever\u00e1 solicitar informa\u00e7\u00e3o sobre a localiza\u00e7\u00e3o.<\/p><\/div>\n\t\t\t\t<\/div>\n\t\t\t\t\t\t\t<div class=\"elementor-toggle-item\">\n\t\t\t\t\t<div id=\"elementor-tab-title-1684\" class=\"elementor-tab-title\" data-tab=\"4\" role=\"button\" aria-controls=\"elementor-tab-content-1684\" aria-expanded=\"false\">\n\t\t\t\t\t\t\t\t\t\t\t\t<span class=\"elementor-toggle-icon elementor-toggle-icon-left\" aria-hidden=\"true\">\n\t\t\t\t\t\t\t\t\t\t\t\t\t\t\t<span class=\"elementor-toggle-icon-closed\"><i class=\"fas fa-caret-right\"><\/i><\/span>\n\t\t\t\t\t\t\t\t<span class=\"elementor-toggle-icon-opened\"><i class=\"elementor-toggle-icon-opened fas fa-caret-up\"><\/i><\/span>\n\t\t\t\t\t\t\t\t\t\t\t\t\t<\/span>\n\t\t\t\t\t\t\t\t\t\t\t\t<a class=\"elementor-toggle-title\" tabindex=\"0\">Os quartos t\u00eam TV?<\/a>\n\t\t\t\t\t<\/div>\n\n\t\t\t\t\t<div id=\"elementor-tab-content-1684\" class=\"elementor-tab-content elementor-clearfix\" data-tab=\"4\" role=\"region\" aria-labelledby=\"elementor-tab-title-1684\"><p>Para o melhor descanso e contempla\u00e7\u00e3o da natureza, o Palafito 1326 n\u00e3o disp\u00f5e de televis\u00e3o em suas instala\u00e7\u00f5es, nem de servi\u00e7o de quarto ou mensageiro.<\/p><\/div>\n\t\t\t\t<\/div>\n\t\t\t\t\t\t\t<div class=\"elementor-toggle-item\">\n\t\t\t\t\t<div id=\"elementor-tab-title-1685\" class=\"elementor-tab-title\" data-tab=\"5\" role=\"button\" aria-controls=\"elementor-tab-content-1685\" aria-expanded=\"false\">\n\t\t\t\t\t\t\t\t\t\t\t\t<span class=\"elementor-toggle-icon elementor-toggle-icon-left\" aria-hidden=\"true\">\n\t\t\t\t\t\t\t\t\t\t\t\t\t\t\t<span class=\"elementor-toggle-icon-closed\"><i class=\"fas fa-caret-right\"><\/i><\/span>\n\t\t\t\t\t\t\t\t<span class=\"elementor-toggle-icon-opened\"><i class=\"elementor-toggle-icon-opened fas fa-caret-up\"><\/i><\/span>\n\t\t\t\t\t\t\t\t\t\t\t\t\t<\/span>\n\t\t\t\t\t\t\t\t\t\t\t\t<a class=\"elementor-toggle-title\" tabindex=\"0\">\u00c9 permitido fumar na quarto?<\/a>\n\t\t\t\t\t<\/div>\n\n\t\t\t\t\t<div id=\"elementor-tab-content-1685\" class=\"elementor-tab-content elementor-clearfix\" data-tab=\"5\" role=\"region\" aria-labelledby=\"elementor-tab-title-1685\"><p>N\u00e3o \u00e9 permitido fumar nos quartos do hotel, s\u00f3 se pode fumar em espa\u00e7os abertos, como terra\u00e7os e varandas do palafito.<\/p><\/div>\n\t\t\t\t<\/div>\n\t\t\t\t\t\t\t<div class=\"elementor-toggle-item\">\n\t\t\t\t\t<div id=\"elementor-tab-title-1686\" class=\"elementor-tab-title\" data-tab=\"6\" role=\"button\" aria-controls=\"elementor-tab-content-1686\" aria-expanded=\"false\">\n\t\t\t\t\t\t\t\t\t\t\t\t<span class=\"elementor-toggle-icon elementor-toggle-icon-left\" aria-hidden=\"true\">\n\t\t\t\t\t\t\t\t\t\t\t\t\t\t\t<span class=\"elementor-toggle-icon-closed\"><i class=\"fas fa-caret-right\"><\/i><\/span>\n\t\t\t\t\t\t\t\t<span class=\"elementor-toggle-icon-opened\"><i class=\"elementor-toggle-icon-opened fas fa-caret-up\"><\/i><\/span>\n\t\t\t\t\t\t\t\t\t\t\t\t\t<\/span>\n\t\t\t\t\t\t\t\t\t\t\t\t<a class=\"elementor-toggle-title\" tabindex=\"0\">Animais de estima\u00e7\u00e3o s\u00e3o permitidos?<\/a>\n\t\t\t\t\t<\/div>\n\n\t\t\t\t\t<div id=\"elementor-tab-content-1686\" class=\"elementor-tab-content elementor-clearfix\" data-tab=\"6\" role=\"region\" aria-labelledby=\"elementor-tab-title-1686\"><p>O Palafito 1326 n\u00e3o permite animais de estima\u00e7\u00e3o.<\/p><\/div>\n\t\t\t\t<\/div>\n\t\t\t\t\t\t\t<div class=\"elementor-toggle-item\">\n\t\t\t\t\t<div id=\"elementor-tab-title-1687\" class=\"elementor-tab-title\" data-tab=\"7\" role=\"button\" aria-controls=\"elementor-tab-content-1687\" aria-expanded=\"false\">\n\t\t\t\t\t\t\t\t\t\t\t\t<span class=\"elementor-toggle-icon elementor-toggle-icon-left\" aria-hidden=\"true\">\n\t\t\t\t\t\t\t\t\t\t\t\t\t\t\t<span class=\"elementor-toggle-icon-closed\"><i class=\"fas fa-caret-right\"><\/i><\/span>\n\t\t\t\t\t\t\t\t<span class=\"elementor-toggle-icon-opened\"><i class=\"elementor-toggle-icon-opened fas fa-caret-up\"><\/i><\/span>\n\t\t\t\t\t\t\t\t\t\t\t\t\t<\/span>\n\t\t\t\t\t\t\t\t\t\t\t\t<a class=\"elementor-toggle-title\" tabindex=\"0\">O hotel tem servi\u00e7o de lavanderia?<\/a>\n\t\t\t\t\t<\/div>\n\n\t\t\t\t\t<div id=\"elementor-tab-content-1687\" class=\"elementor-tab-content elementor-clearfix\" data-tab=\"7\" role=\"region\" aria-labelledby=\"elementor-tab-title-1687\"><p>O hotel disp\u00f5e de servi\u00e7o de lavandaria, poder\u00e1 solicit\u00e1-lo na recep\u00e7\u00e3o durante a sua estadia.<\/p><\/div>\n\t\t\t\t<\/div>\n\t\t\t\t\t\t\t<div class=\"elementor-toggle-item\">\n\t\t\t\t\t<div id=\"elementor-tab-title-1688\" class=\"elementor-tab-title\" data-tab=\"8\" role=\"button\" aria-controls=\"elementor-tab-content-1688\" aria-expanded=\"false\">\n\t\t\t\t\t\t\t\t\t\t\t\t<span class=\"elementor-toggle-icon elementor-toggle-icon-left\" aria-hidden=\"true\">\n\t\t\t\t\t\t\t\t\t\t\t\t\t\t\t<span class=\"elementor-toggle-icon-closed\"><i class=\"fas fa-caret-right\"><\/i><\/span>\n\t\t\t\t\t\t\t\t<span class=\"elementor-toggle-icon-opened\"><i class=\"elementor-toggle-icon-opened fas fa-caret-up\"><\/i><\/span>\n\t\t\t\t\t\t\t\t\t\t\t\t\t<\/span>\n\t\t\t\t\t\t\t\t\t\t\t\t<a class=\"elementor-toggle-title\" tabindex=\"0\">Posso deixar minhas malas no hotel para peg\u00e1-las mais tarde?<\/a>\n\t\t\t\t\t<\/div>\n\n\t\t\t\t\t<div id=\"elementor-tab-content-1688\" class=\"elementor-tab-content elementor-clearfix\" data-tab=\"8\" role=\"region\" aria-labelledby=\"elementor-tab-title-1688\"><p>Sim. O Palafito 1326 tem maleiro para guardar suas malas e bagagens, voc\u00ea pode deix\u00e1-las no hotel antes do check-in ou ap\u00f3s o check-out e retir\u00e1-las durante o dia.<\/p><\/div>\n\t\t\t\t<\/div>\n\t\t\t\t\t\t\t<div class=\"elementor-toggle-item\">\n\t\t\t\t\t<div id=\"elementor-tab-title-1689\" class=\"elementor-tab-title\" data-tab=\"9\" role=\"button\" aria-controls=\"elementor-tab-content-1689\" aria-expanded=\"false\">\n\t\t\t\t\t\t\t\t\t\t\t\t<span class=\"elementor-toggle-icon elementor-toggle-icon-left\" aria-hidden=\"true\">\n\t\t\t\t\t\t\t\t\t\t\t\t\t\t\t<span class=\"elementor-toggle-icon-closed\"><i class=\"fas fa-caret-right\"><\/i><\/span>\n\t\t\t\t\t\t\t\t<span class=\"elementor-toggle-icon-opened\"><i class=\"elementor-toggle-icon-opened fas fa-caret-up\"><\/i><\/span>\n\t\t\t\t\t\t\t\t\t\t\t\t\t<\/span>\n\t\t\t\t\t\t\t\t\t\t\t\t<a class=\"elementor-toggle-title\" tabindex=\"0\">Como chegar ao hotel saindo do Terminal de Castro?<\/a>\n\t\t\t\t\t<\/div>\n\n\t\t\t\t\t<div id=\"elementor-tab-content-1689\" class=\"elementor-tab-content elementor-clearfix\" data-tab=\"9\" role=\"region\" aria-labelledby=\"elementor-tab-title-1689\"><p>A partir dos dois terminais de \u00f4nibus do centro de Castro, pode-se caminhar em sentido ao miradouro \u201cPalafitos de Gamboa\u201d. Ou, tomando o micro \u00f4nibus urbano para a Gamboa ou Nercon. Voc\u00ea tamb\u00e9m pode pegar um t\u00e1xi ou um &#8220;coletivo&#8221;, que \u00e9 um t\u00e1xi compartilhado.<\/p><\/div>\n\t\t\t\t<\/div>\n\t\t\t\t\t\t\t<div class=\"elementor-toggle-item\">\n\t\t\t\t\t<div id=\"elementor-tab-title-16810\" class=\"elementor-tab-title\" data-tab=\"10\" role=\"button\" aria-controls=\"elementor-tab-content-16810\" aria-expanded=\"false\">\n\t\t\t\t\t\t\t\t\t\t\t\t<span class=\"elementor-toggle-icon elementor-toggle-icon-left\" aria-hidden=\"true\">\n\t\t\t\t\t\t\t\t\t\t\t\t\t\t\t<span class=\"elementor-toggle-icon-closed\"><i class=\"fas fa-caret-right\"><\/i><\/span>\n\t\t\t\t\t\t\t\t<span class=\"elementor-toggle-icon-opened\"><i class=\"elementor-toggle-icon-opened fas fa-caret-up\"><\/i><\/span>\n\t\t\t\t\t\t\t\t\t\t\t\t\t<\/span>\n\t\t\t\t\t\t\t\t\t\t\t\t<a class=\"elementor-toggle-title\" tabindex=\"0\">Como chegar ao hotel saindo do aeroporto de Chilo\u00e9 Mocopulli?<\/a>\n\t\t\t\t\t<\/div>\n\n\t\t\t\t\t<div id=\"elementor-tab-content-16810\" class=\"elementor-tab-content elementor-clearfix\" data-tab=\"10\" role=\"region\" aria-labelledby=\"elementor-tab-title-16810\"><p>O Aeroporto Mocupulli-Dalcahue, que serve a cidade de Castro, fica a aproximadamente 20 minutos do Palafito 1326 Hotel Boutique. Voc\u00ea pode pegar \u00f4nibus, transfer ou t\u00e1xi.<\/p><\/div>\n\t\t\t\t<\/div>\n\t\t\t\t\t\t\t\t<\/div>\n\t\t\t\t\t\t<\/div>\n\t\t\t\t<\/div>\n\t\t\t\t\t<\/div>\n\t\t<\/div>\n\t\t\t\t\t<\/div>\n\t\t<\/section>\n\t\t\t\t<\/div>\n\t\t","protected":false},"excerpt":{"rendered":"<p>Quais s\u00e3o os hor\u00e1rios de check-in e check-out no hotel? O check-in \u00e9 a partir das 14h00 e o check-out at\u00e9 \u00e0s 12h00 O hotel tem caf\u00e9 da manh\u00e3 incluso? O buffet de caf\u00e9 da manh\u00e3 est\u00e1 inclu\u00eddo no valor da di\u00e1ria, servido no sal\u00e3o compartilhado com vista para o mar. O hotel tem estacionamento? &hellip; <a href=\"https:\/\/palafito1326.com\/pt-br\/perguntas-frequentes\/\" class=\"more-link\">Continue reading<span class=\"screen-reader-text\"> &#8220;Perguntas Frequentes&#8221;<\/span><\/a><\/p>\n","protected":false},"author":1,"featured_media":136643,"parent":0,"menu_order":0,"comment_status":"closed","ping_status":"closed","template":"template-full-width-grid-page.php","meta":{"footnotes":""},"class_list":["post-1479","page","type-page","status-publish","has-post-thumbnail","hentry"],"yoast_head":"<!-- This site is optimized with the Yoast SEO plugin v27.2 - https:\/\/yoast.com\/product\/yoast-seo-wordpress\/ -->\n<title>Visite nossa se\u00e7\u00e3o de Perguntas Freq\u00fcentes | Palafito 1326 Hotel<\/title>\n<meta name=\"description\" content=\"Conhe\u00e7a todos sobre o Palafito 1326 Hotel Boutique em Castro, Chilo\u00e9, Chile.\" \/>\n<meta name=\"robots\" content=\"index, follow, max-snippet:-1, max-image-preview:large, max-video-preview:-1\" \/>\n<link rel=\"canonical\" href=\"https:\/\/palafito1326.com\/pt-br\/perguntas-frequentes\/\" \/>\n<meta property=\"og:locale\" content=\"pt_BR\" \/>\n<meta property=\"og:type\" content=\"article\" \/>\n<meta property=\"og:title\" content=\"Visita nuestra secci\u00f3n de Preguntas Frecuentes\" \/>\n<meta property=\"og:description\" content=\"Conoce m\u00e1s a cerca de Palafito 1326 Hotel Boutique en Chilo\u00e9\" \/>\n<meta property=\"og:url\" content=\"https:\/\/palafito1326.com\/pt-br\/perguntas-frequentes\/\" \/>\n<meta property=\"og:site_name\" content=\"Palafito 1326\" \/>\n<meta property=\"article:modified_time\" content=\"2023-03-20T20:42:04+00:00\" \/>\n<meta property=\"og:image\" content=\"https:\/\/palafito1326.com\/wp-content\/uploads\/2021\/01\/reception-hotel.jpg\" \/>\n<meta name=\"twitter:card\" content=\"summary_large_image\" \/>\n<meta name=\"twitter:label1\" content=\"Est. tempo de leitura\" \/>\n\t<meta name=\"twitter:data1\" content=\"2 minutos\" \/>\n<script type=\"application\/ld+json\" class=\"yoast-schema-graph\">{\"@context\":\"https:\/\/schema.org\",\"@graph\":[{\"@type\":\"WebPage\",\"@id\":\"https:\/\/palafito1326.com\/pt-br\/perguntas-frequentes\/\",\"url\":\"https:\/\/palafito1326.com\/pt-br\/perguntas-frequentes\/\",\"name\":\"Visite nossa se\u00e7\u00e3o de Perguntas Freq\u00fcentes | Palafito 1326 Hotel\",\"isPartOf\":{\"@id\":\"https:\/\/palafito1326.com\/pt-br\/#website\"},\"primaryImageOfPage\":{\"@id\":\"https:\/\/palafito1326.com\/pt-br\/perguntas-frequentes\/#primaryimage\"},\"image\":{\"@id\":\"https:\/\/palafito1326.com\/pt-br\/perguntas-frequentes\/#primaryimage\"},\"thumbnailUrl\":\"https:\/\/palafito1326.com\/wp-content\/uploads\/2021\/03\/banner-faq.jpg\",\"datePublished\":\"2020-11-05T04:24:51+00:00\",\"dateModified\":\"2023-03-20T20:42:04+00:00\",\"description\":\"Conhe\u00e7a todos sobre o Palafito 1326 Hotel Boutique em Castro, Chilo\u00e9, Chile.\",\"breadcrumb\":{\"@id\":\"https:\/\/palafito1326.com\/pt-br\/perguntas-frequentes\/#breadcrumb\"},\"inLanguage\":\"pt-BR\",\"potentialAction\":[{\"@type\":\"ReadAction\",\"target\":[\"https:\/\/palafito1326.com\/pt-br\/perguntas-frequentes\/\"]}]},{\"@type\":\"ImageObject\",\"inLanguage\":\"pt-BR\",\"@id\":\"https:\/\/palafito1326.com\/pt-br\/perguntas-frequentes\/#primaryimage\",\"url\":\"https:\/\/palafito1326.com\/wp-content\/uploads\/2021\/03\/banner-faq.jpg\",\"contentUrl\":\"https:\/\/palafito1326.com\/wp-content\/uploads\/2021\/03\/banner-faq.jpg\",\"width\":1440,\"height\":450},{\"@type\":\"BreadcrumbList\",\"@id\":\"https:\/\/palafito1326.com\/pt-br\/perguntas-frequentes\/#breadcrumb\",\"itemListElement\":[{\"@type\":\"ListItem\",\"position\":1,\"name\":\"Portada\",\"item\":\"https:\/\/palafito1326.com\/pt-br\/\"},{\"@type\":\"ListItem\",\"position\":2,\"name\":\"Perguntas Frequentes\"}]},{\"@type\":\"WebSite\",\"@id\":\"https:\/\/palafito1326.com\/pt-br\/#website\",\"url\":\"https:\/\/palafito1326.com\/pt-br\/\",\"name\":\"Palafito 1326\",\"description\":\"Boutique Hotel\",\"publisher\":{\"@id\":\"https:\/\/palafito1326.com\/pt-br\/#organization\"},\"potentialAction\":[{\"@type\":\"SearchAction\",\"target\":{\"@type\":\"EntryPoint\",\"urlTemplate\":\"https:\/\/palafito1326.com\/pt-br\/?s={search_term_string}\"},\"query-input\":{\"@type\":\"PropertyValueSpecification\",\"valueRequired\":true,\"valueName\":\"search_term_string\"}}],\"inLanguage\":\"pt-BR\"},{\"@type\":\"Organization\",\"@id\":\"https:\/\/palafito1326.com\/pt-br\/#organization\",\"name\":\"Palafito 1326 Hotel Boutique\",\"url\":\"https:\/\/palafito1326.com\/pt-br\/\",\"logo\":{\"@type\":\"ImageObject\",\"inLanguage\":\"pt-BR\",\"@id\":\"https:\/\/palafito1326.com\/pt-br\/#\/schema\/logo\/image\/\",\"url\":\"https:\/\/palafito1326.com\/wp-content\/uploads\/2020\/10\/Palafito-1326-c.svg\",\"contentUrl\":\"https:\/\/palafito1326.com\/wp-content\/uploads\/2020\/10\/Palafito-1326-c.svg\",\"width\":202,\"height\":48,\"caption\":\"Palafito 1326 Hotel Boutique\"},\"image\":{\"@id\":\"https:\/\/palafito1326.com\/pt-br\/#\/schema\/logo\/image\/\"}}]}<\/script>\n<!-- \/ Yoast SEO plugin. -->","yoast_head_json":{"title":"Visite nossa se\u00e7\u00e3o de Perguntas Freq\u00fcentes | Palafito 1326 Hotel","description":"Conhe\u00e7a todos sobre o Palafito 1326 Hotel Boutique em Castro, Chilo\u00e9, Chile.","robots":{"index":"index","follow":"follow","max-snippet":"max-snippet:-1","max-image-preview":"max-image-preview:large","max-video-preview":"max-video-preview:-1"},"canonical":"https:\/\/palafito1326.com\/pt-br\/perguntas-frequentes\/","og_locale":"pt_BR","og_type":"article","og_title":"Visita nuestra secci\u00f3n de Preguntas Frecuentes","og_description":"Conoce m\u00e1s a cerca de Palafito 1326 Hotel Boutique en Chilo\u00e9","og_url":"https:\/\/palafito1326.com\/pt-br\/perguntas-frequentes\/","og_site_name":"Palafito 1326","article_modified_time":"2023-03-20T20:42:04+00:00","og_image":[{"url":"https:\/\/palafito1326.com\/wp-content\/uploads\/2021\/01\/reception-hotel.jpg","type":"","width":"","height":""}],"twitter_card":"summary_large_image","twitter_misc":{"Est. tempo de leitura":"2 minutos"},"schema":{"@context":"https:\/\/schema.org","@graph":[{"@type":"WebPage","@id":"https:\/\/palafito1326.com\/pt-br\/perguntas-frequentes\/","url":"https:\/\/palafito1326.com\/pt-br\/perguntas-frequentes\/","name":"Visite nossa se\u00e7\u00e3o de Perguntas Freq\u00fcentes | Palafito 1326 Hotel","isPartOf":{"@id":"https:\/\/palafito1326.com\/pt-br\/#website"},"primaryImageOfPage":{"@id":"https:\/\/palafito1326.com\/pt-br\/perguntas-frequentes\/#primaryimage"},"image":{"@id":"https:\/\/palafito1326.com\/pt-br\/perguntas-frequentes\/#primaryimage"},"thumbnailUrl":"https:\/\/palafito1326.com\/wp-content\/uploads\/2021\/03\/banner-faq.jpg","datePublished":"2020-11-05T04:24:51+00:00","dateModified":"2023-03-20T20:42:04+00:00","description":"Conhe\u00e7a todos sobre o Palafito 1326 Hotel Boutique em Castro, Chilo\u00e9, Chile.","breadcrumb":{"@id":"https:\/\/palafito1326.com\/pt-br\/perguntas-frequentes\/#breadcrumb"},"inLanguage":"pt-BR","potentialAction":[{"@type":"ReadAction","target":["https:\/\/palafito1326.com\/pt-br\/perguntas-frequentes\/"]}]},{"@type":"ImageObject","inLanguage":"pt-BR","@id":"https:\/\/palafito1326.com\/pt-br\/perguntas-frequentes\/#primaryimage","url":"https:\/\/palafito1326.com\/wp-content\/uploads\/2021\/03\/banner-faq.jpg","contentUrl":"https:\/\/palafito1326.com\/wp-content\/uploads\/2021\/03\/banner-faq.jpg","width":1440,"height":450},{"@type":"BreadcrumbList","@id":"https:\/\/palafito1326.com\/pt-br\/perguntas-frequentes\/#breadcrumb","itemListElement":[{"@type":"ListItem","position":1,"name":"Portada","item":"https:\/\/palafito1326.com\/pt-br\/"},{"@type":"ListItem","position":2,"name":"Perguntas Frequentes"}]},{"@type":"WebSite","@id":"https:\/\/palafito1326.com\/pt-br\/#website","url":"https:\/\/palafito1326.com\/pt-br\/","name":"Palafito 1326","description":"Boutique Hotel","publisher":{"@id":"https:\/\/palafito1326.com\/pt-br\/#organization"},"potentialAction":[{"@type":"SearchAction","target":{"@type":"EntryPoint","urlTemplate":"https:\/\/palafito1326.com\/pt-br\/?s={search_term_string}"},"query-input":{"@type":"PropertyValueSpecification","valueRequired":true,"valueName":"search_term_string"}}],"inLanguage":"pt-BR"},{"@type":"Organization","@id":"https:\/\/palafito1326.com\/pt-br\/#organization","name":"Palafito 1326 Hotel Boutique","url":"https:\/\/palafito1326.com\/pt-br\/","logo":{"@type":"ImageObject","inLanguage":"pt-BR","@id":"https:\/\/palafito1326.com\/pt-br\/#\/schema\/logo\/image\/","url":"https:\/\/palafito1326.com\/wp-content\/uploads\/2020\/10\/Palafito-1326-c.svg","contentUrl":"https:\/\/palafito1326.com\/wp-content\/uploads\/2020\/10\/Palafito-1326-c.svg","width":202,"height":48,"caption":"Palafito 1326 Hotel Boutique"},"image":{"@id":"https:\/\/palafito1326.com\/pt-br\/#\/schema\/logo\/image\/"}}]}},"_links":{"self":[{"href":"https:\/\/palafito1326.com\/pt-br\/wp-json\/wp\/v2\/pages\/1479","targetHints":{"allow":["GET"]}}],"collection":[{"href":"https:\/\/palafito1326.com\/pt-br\/wp-json\/wp\/v2\/pages"}],"about":[{"href":"https:\/\/palafito1326.com\/pt-br\/wp-json\/wp\/v2\/types\/page"}],"author":[{"embeddable":true,"href":"https:\/\/palafito1326.com\/pt-br\/wp-json\/wp\/v2\/users\/1"}],"replies":[{"embeddable":true,"href":"https:\/\/palafito1326.com\/pt-br\/wp-json\/wp\/v2\/comments?post=1479"}],"version-history":[{"count":8,"href":"https:\/\/palafito1326.com\/pt-br\/wp-json\/wp\/v2\/pages\/1479\/revisions"}],"predecessor-version":[{"id":163862,"href":"https:\/\/palafito1326.com\/pt-br\/wp-json\/wp\/v2\/pages\/1479\/revisions\/163862"}],"wp:featuredmedia":[{"embeddable":true,"href":"https:\/\/palafito1326.com\/pt-br\/wp-json\/wp\/v2\/media\/136643"}],"wp:attachment":[{"href":"https:\/\/palafito1326.com\/pt-br\/wp-json\/wp\/v2\/media?parent=1479"}],"curies":[{"name":"wp","href":"https:\/\/api.w.org\/{rel}","templated":true}]}}