{"id":156925,"date":"2022-01-28T22:31:33","date_gmt":"2022-01-29T01:31:33","guid":{"rendered":"https:\/\/palafito1326.com\/?post_type=product&#038;p=156925"},"modified":"2023-07-10T13:35:23","modified_gmt":"2023-07-10T17:35:23","slug":"plato-vegano","status":"publish","type":"product","link":"https:\/\/palafito1326.com\/pt-br\/producto\/plato-vegano\/","title":{"rendered":"Plato vegano"},"content":{"rendered":"<div><i>Arroz en emulsi\u00f3n de zapallo, verduras y setas salteadas en aceite de carb\u00f3n y terminado con queso vegano a base de ma\u00edz <\/i><\/div>\n","protected":false},"excerpt":{"rendered":"<p>Arroz en emulsi\u00f3n de zapallo, verduras y setas salteadas en aceite de carb\u00f3n y terminado con queso vegano a base de ma\u00edz y semillas.<\/p>\n","protected":false},"featured_media":164072,"template":"","meta":[],"product_brand":[],"product_cat":[154],"product_tag":[],"class_list":{"0":"post-156925","1":"product","2":"type-product","3":"status-publish","4":"has-post-thumbnail","6":"product_cat-nuestros-platos-veganos","7":"wpcafe_location-castro","9":"first","10":"instock","11":"shipping-taxable","12":"purchasable","13":"product-type-simple"},"yoast_head":"<!-- This site is optimized with the Yoast SEO plugin v27.2 - https:\/\/yoast.com\/product\/yoast-seo-wordpress\/ -->\n<title>Plato vegano - Palafito 1326<\/title>\n<meta name=\"robots\" content=\"index, follow, max-snippet:-1, max-image-preview:large, max-video-preview:-1\" \/>\n<link rel=\"canonical\" href=\"https:\/\/palafito1326.com\/pt-br\/producto\/plato-vegano\/\" \/>\n<meta property=\"og:locale\" content=\"pt_BR\" \/>\n<meta property=\"og:type\" content=\"article\" \/>\n<meta property=\"og:title\" content=\"Plato vegano - Palafito 1326\" \/>\n<meta property=\"og:description\" content=\"Arroz en emulsi\u00f3n de zapallo, verduras y setas salteadas en aceite de carb\u00f3n y terminado con queso vegano a base de ma\u00edz y semillas.\" \/>\n<meta property=\"og:url\" content=\"https:\/\/palafito1326.com\/pt-br\/producto\/plato-vegano\/\" \/>\n<meta property=\"og:site_name\" content=\"Palafito 1326\" \/>\n<meta property=\"article:modified_time\" content=\"2023-07-10T17:35:23+00:00\" \/>\n<meta property=\"og:image\" content=\"https:\/\/palafito1326.com\/wp-content\/uploads\/2022\/01\/WhatsApp-Image-2023-03-29-at-12.43.00-e1680209465380.jpeg\" \/>\n\t<meta property=\"og:image:width\" content=\"1200\" \/>\n\t<meta property=\"og:image:height\" content=\"1100\" \/>\n\t<meta property=\"og:image:type\" content=\"image\/jpeg\" \/>\n<meta name=\"twitter:card\" content=\"summary_large_image\" \/>\n<meta name=\"twitter:label1\" content=\"Est. tempo de leitura\" \/>\n\t<meta name=\"twitter:data1\" content=\"1 minuto\" \/>\n<script type=\"application\/ld+json\" class=\"yoast-schema-graph\">{\"@context\":\"https:\/\/schema.org\",\"@graph\":[{\"@type\":\"WebPage\",\"@id\":\"https:\/\/palafito1326.com\/pt-br\/producto\/plato-vegano\/\",\"url\":\"https:\/\/palafito1326.com\/pt-br\/producto\/plato-vegano\/\",\"name\":\"Plato vegano - Palafito 1326\",\"isPartOf\":{\"@id\":\"https:\/\/palafito1326.com\/pt-br\/#website\"},\"primaryImageOfPage\":{\"@id\":\"https:\/\/palafito1326.com\/pt-br\/producto\/plato-vegano\/#primaryimage\"},\"image\":{\"@id\":\"https:\/\/palafito1326.com\/pt-br\/producto\/plato-vegano\/#primaryimage\"},\"thumbnailUrl\":\"https:\/\/palafito1326.com\/wp-content\/uploads\/2022\/01\/WhatsApp-Image-2023-03-29-at-12.43.00-e1680209465380.jpeg\",\"datePublished\":\"2022-01-29T01:31:33+00:00\",\"dateModified\":\"2023-07-10T17:35:23+00:00\",\"breadcrumb\":{\"@id\":\"https:\/\/palafito1326.com\/pt-br\/producto\/plato-vegano\/#breadcrumb\"},\"inLanguage\":\"pt-BR\",\"potentialAction\":[{\"@type\":\"ReadAction\",\"target\":[\"https:\/\/palafito1326.com\/pt-br\/producto\/plato-vegano\/\"]}]},{\"@type\":\"ImageObject\",\"inLanguage\":\"pt-BR\",\"@id\":\"https:\/\/palafito1326.com\/pt-br\/producto\/plato-vegano\/#primaryimage\",\"url\":\"https:\/\/palafito1326.com\/wp-content\/uploads\/2022\/01\/WhatsApp-Image-2023-03-29-at-12.43.00-e1680209465380.jpeg\",\"contentUrl\":\"https:\/\/palafito1326.com\/wp-content\/uploads\/2022\/01\/WhatsApp-Image-2023-03-29-at-12.43.00-e1680209465380.jpeg\",\"width\":1200,\"height\":1100},{\"@type\":\"BreadcrumbList\",\"@id\":\"https:\/\/palafito1326.com\/pt-br\/producto\/plato-vegano\/#breadcrumb\",\"itemListElement\":[{\"@type\":\"ListItem\",\"position\":1,\"name\":\"Portada\",\"item\":\"https:\/\/palafito1326.com\/pt-br\/\"},{\"@type\":\"ListItem\",\"position\":2,\"name\":\"Plato vegano\"}]},{\"@type\":\"WebSite\",\"@id\":\"https:\/\/palafito1326.com\/pt-br\/#website\",\"url\":\"https:\/\/palafito1326.com\/pt-br\/\",\"name\":\"Palafito 1326\",\"description\":\"Boutique Hotel\",\"publisher\":{\"@id\":\"https:\/\/palafito1326.com\/pt-br\/#organization\"},\"potentialAction\":[{\"@type\":\"SearchAction\",\"target\":{\"@type\":\"EntryPoint\",\"urlTemplate\":\"https:\/\/palafito1326.com\/pt-br\/?s={search_term_string}\"},\"query-input\":{\"@type\":\"PropertyValueSpecification\",\"valueRequired\":true,\"valueName\":\"search_term_string\"}}],\"inLanguage\":\"pt-BR\"},{\"@type\":\"Organization\",\"@id\":\"https:\/\/palafito1326.com\/pt-br\/#organization\",\"name\":\"Palafito 1326 Hotel Boutique\",\"url\":\"https:\/\/palafito1326.com\/pt-br\/\",\"logo\":{\"@type\":\"ImageObject\",\"inLanguage\":\"pt-BR\",\"@id\":\"https:\/\/palafito1326.com\/pt-br\/#\/schema\/logo\/image\/\",\"url\":\"https:\/\/palafito1326.com\/wp-content\/uploads\/2020\/10\/Palafito-1326-c.svg\",\"contentUrl\":\"https:\/\/palafito1326.com\/wp-content\/uploads\/2020\/10\/Palafito-1326-c.svg\",\"width\":202,\"height\":48,\"caption\":\"Palafito 1326 Hotel Boutique\"},\"image\":{\"@id\":\"https:\/\/palafito1326.com\/pt-br\/#\/schema\/logo\/image\/\"}}]}<\/script>\n<!-- \/ Yoast SEO plugin. -->","yoast_head_json":{"title":"Plato vegano - Palafito 1326","robots":{"index":"index","follow":"follow","max-snippet":"max-snippet:-1","max-image-preview":"max-image-preview:large","max-video-preview":"max-video-preview:-1"},"canonical":"https:\/\/palafito1326.com\/pt-br\/producto\/plato-vegano\/","og_locale":"pt_BR","og_type":"article","og_title":"Plato vegano - Palafito 1326","og_description":"Arroz en emulsi\u00f3n de zapallo, verduras y setas salteadas en aceite de carb\u00f3n y terminado con queso vegano a base de ma\u00edz y semillas.","og_url":"https:\/\/palafito1326.com\/pt-br\/producto\/plato-vegano\/","og_site_name":"Palafito 1326","article_modified_time":"2023-07-10T17:35:23+00:00","og_image":[{"width":1200,"height":1100,"url":"https:\/\/palafito1326.com\/wp-content\/uploads\/2022\/01\/WhatsApp-Image-2023-03-29-at-12.43.00-e1680209465380.jpeg","type":"image\/jpeg"}],"twitter_card":"summary_large_image","twitter_misc":{"Est. tempo de leitura":"1 minuto"},"schema":{"@context":"https:\/\/schema.org","@graph":[{"@type":"WebPage","@id":"https:\/\/palafito1326.com\/pt-br\/producto\/plato-vegano\/","url":"https:\/\/palafito1326.com\/pt-br\/producto\/plato-vegano\/","name":"Plato vegano - Palafito 1326","isPartOf":{"@id":"https:\/\/palafito1326.com\/pt-br\/#website"},"primaryImageOfPage":{"@id":"https:\/\/palafito1326.com\/pt-br\/producto\/plato-vegano\/#primaryimage"},"image":{"@id":"https:\/\/palafito1326.com\/pt-br\/producto\/plato-vegano\/#primaryimage"},"thumbnailUrl":"https:\/\/palafito1326.com\/wp-content\/uploads\/2022\/01\/WhatsApp-Image-2023-03-29-at-12.43.00-e1680209465380.jpeg","datePublished":"2022-01-29T01:31:33+00:00","dateModified":"2023-07-10T17:35:23+00:00","breadcrumb":{"@id":"https:\/\/palafito1326.com\/pt-br\/producto\/plato-vegano\/#breadcrumb"},"inLanguage":"pt-BR","potentialAction":[{"@type":"ReadAction","target":["https:\/\/palafito1326.com\/pt-br\/producto\/plato-vegano\/"]}]},{"@type":"ImageObject","inLanguage":"pt-BR","@id":"https:\/\/palafito1326.com\/pt-br\/producto\/plato-vegano\/#primaryimage","url":"https:\/\/palafito1326.com\/wp-content\/uploads\/2022\/01\/WhatsApp-Image-2023-03-29-at-12.43.00-e1680209465380.jpeg","contentUrl":"https:\/\/palafito1326.com\/wp-content\/uploads\/2022\/01\/WhatsApp-Image-2023-03-29-at-12.43.00-e1680209465380.jpeg","width":1200,"height":1100},{"@type":"BreadcrumbList","@id":"https:\/\/palafito1326.com\/pt-br\/producto\/plato-vegano\/#breadcrumb","itemListElement":[{"@type":"ListItem","position":1,"name":"Portada","item":"https:\/\/palafito1326.com\/pt-br\/"},{"@type":"ListItem","position":2,"name":"Plato vegano"}]},{"@type":"WebSite","@id":"https:\/\/palafito1326.com\/pt-br\/#website","url":"https:\/\/palafito1326.com\/pt-br\/","name":"Palafito 1326","description":"Boutique Hotel","publisher":{"@id":"https:\/\/palafito1326.com\/pt-br\/#organization"},"potentialAction":[{"@type":"SearchAction","target":{"@type":"EntryPoint","urlTemplate":"https:\/\/palafito1326.com\/pt-br\/?s={search_term_string}"},"query-input":{"@type":"PropertyValueSpecification","valueRequired":true,"valueName":"search_term_string"}}],"inLanguage":"pt-BR"},{"@type":"Organization","@id":"https:\/\/palafito1326.com\/pt-br\/#organization","name":"Palafito 1326 Hotel Boutique","url":"https:\/\/palafito1326.com\/pt-br\/","logo":{"@type":"ImageObject","inLanguage":"pt-BR","@id":"https:\/\/palafito1326.com\/pt-br\/#\/schema\/logo\/image\/","url":"https:\/\/palafito1326.com\/wp-content\/uploads\/2020\/10\/Palafito-1326-c.svg","contentUrl":"https:\/\/palafito1326.com\/wp-content\/uploads\/2020\/10\/Palafito-1326-c.svg","width":202,"height":48,"caption":"Palafito 1326 Hotel Boutique"},"image":{"@id":"https:\/\/palafito1326.com\/pt-br\/#\/schema\/logo\/image\/"}}]}},"_links":{"self":[{"href":"https:\/\/palafito1326.com\/pt-br\/wp-json\/wp\/v2\/product\/156925","targetHints":{"allow":["GET"]}}],"collection":[{"href":"https:\/\/palafito1326.com\/pt-br\/wp-json\/wp\/v2\/product"}],"about":[{"href":"https:\/\/palafito1326.com\/pt-br\/wp-json\/wp\/v2\/types\/product"}],"version-history":[{"count":5,"href":"https:\/\/palafito1326.com\/pt-br\/wp-json\/wp\/v2\/product\/156925\/revisions"}],"predecessor-version":[{"id":164078,"href":"https:\/\/palafito1326.com\/pt-br\/wp-json\/wp\/v2\/product\/156925\/revisions\/164078"}],"wp:featuredmedia":[{"embeddable":true,"href":"https:\/\/palafito1326.com\/pt-br\/wp-json\/wp\/v2\/media\/164072"}],"wp:attachment":[{"href":"https:\/\/palafito1326.com\/pt-br\/wp-json\/wp\/v2\/media?parent=156925"}],"wp:term":[{"taxonomy":"product_brand","embeddable":true,"href":"https:\/\/palafito1326.com\/pt-br\/wp-json\/wp\/v2\/product_brand?post=156925"},{"taxonomy":"product_cat","embeddable":true,"href":"https:\/\/palafito1326.com\/pt-br\/wp-json\/wp\/v2\/product_cat?post=156925"},{"taxonomy":"product_tag","embeddable":true,"href":"https:\/\/palafito1326.com\/pt-br\/wp-json\/wp\/v2\/product_tag?post=156925"}],"curies":[{"name":"wp","href":"https:\/\/api.w.org\/{rel}","templated":true}]}}