{"id":156927,"date":"2022-01-28T22:35:23","date_gmt":"2022-01-29T01:35:23","guid":{"rendered":"https:\/\/palafito1326.com\/?post_type=product&#038;p=156927"},"modified":"2023-10-20T16:28:01","modified_gmt":"2023-10-20T19:28:01","slug":"atun-y-papa-chilota","status":"publish","type":"product","link":"https:\/\/palafito1326.com\/pt-br\/producto\/atun-y-papa-chilota\/","title":{"rendered":"At\u00fan y papa chilota"},"content":{"rendered":"","protected":false},"excerpt":{"rendered":"<p>At\u00fan sellado en su punto, con una salsa de camarones y servido con una lasa\u00f1a de papa chilota.<\/p>\n","protected":false},"featured_media":166038,"template":"","meta":[],"product_brand":[],"product_cat":[142],"product_tag":[],"class_list":{"0":"post-156927","1":"product","2":"type-product","3":"status-publish","4":"has-post-thumbnail","6":"product_cat-platos-principales","7":"wpcafe_location-castro","9":"first","10":"instock","11":"shipping-taxable","12":"purchasable","13":"product-type-simple"},"yoast_head":"<!-- This site is optimized with the Yoast SEO plugin v27.2 - https:\/\/yoast.com\/product\/yoast-seo-wordpress\/ -->\n<title>At\u00fan y papa chilota - Palafito 1326<\/title>\n<meta name=\"robots\" content=\"index, follow, max-snippet:-1, max-image-preview:large, max-video-preview:-1\" \/>\n<link rel=\"canonical\" href=\"https:\/\/palafito1326.com\/pt-br\/producto\/atun-y-papa-chilota\/\" \/>\n<meta property=\"og:locale\" content=\"pt_BR\" \/>\n<meta property=\"og:type\" content=\"article\" \/>\n<meta property=\"og:title\" content=\"At\u00fan y papa chilota - Palafito 1326\" \/>\n<meta property=\"og:description\" content=\"At\u00fan sellado en su punto, con una salsa de camarones y servido con una lasa\u00f1a de papa chilota.\" \/>\n<meta property=\"og:url\" content=\"https:\/\/palafito1326.com\/pt-br\/producto\/atun-y-papa-chilota\/\" \/>\n<meta property=\"og:site_name\" content=\"Palafito 1326\" \/>\n<meta property=\"article:modified_time\" content=\"2023-10-20T19:28:01+00:00\" \/>\n<meta property=\"og:image\" content=\"https:\/\/palafito1326.com\/wp-content\/uploads\/2022\/01\/IMG_2728-2.jpg\" \/>\n\t<meta property=\"og:image:width\" content=\"1440\" \/>\n\t<meta property=\"og:image:height\" content=\"960\" \/>\n\t<meta property=\"og:image:type\" content=\"image\/jpeg\" \/>\n<meta name=\"twitter:card\" content=\"summary_large_image\" \/>\n<script type=\"application\/ld+json\" class=\"yoast-schema-graph\">{\"@context\":\"https:\/\/schema.org\",\"@graph\":[{\"@type\":\"WebPage\",\"@id\":\"https:\/\/palafito1326.com\/pt-br\/producto\/atun-y-papa-chilota\/\",\"url\":\"https:\/\/palafito1326.com\/pt-br\/producto\/atun-y-papa-chilota\/\",\"name\":\"At\u00fan y papa chilota - Palafito 1326\",\"isPartOf\":{\"@id\":\"https:\/\/palafito1326.com\/pt-br\/#website\"},\"primaryImageOfPage\":{\"@id\":\"https:\/\/palafito1326.com\/pt-br\/producto\/atun-y-papa-chilota\/#primaryimage\"},\"image\":{\"@id\":\"https:\/\/palafito1326.com\/pt-br\/producto\/atun-y-papa-chilota\/#primaryimage\"},\"thumbnailUrl\":\"https:\/\/palafito1326.com\/wp-content\/uploads\/2022\/01\/IMG_2728-2.jpg\",\"datePublished\":\"2022-01-29T01:35:23+00:00\",\"dateModified\":\"2023-10-20T19:28:01+00:00\",\"breadcrumb\":{\"@id\":\"https:\/\/palafito1326.com\/pt-br\/producto\/atun-y-papa-chilota\/#breadcrumb\"},\"inLanguage\":\"pt-BR\",\"potentialAction\":[{\"@type\":\"ReadAction\",\"target\":[\"https:\/\/palafito1326.com\/pt-br\/producto\/atun-y-papa-chilota\/\"]}]},{\"@type\":\"ImageObject\",\"inLanguage\":\"pt-BR\",\"@id\":\"https:\/\/palafito1326.com\/pt-br\/producto\/atun-y-papa-chilota\/#primaryimage\",\"url\":\"https:\/\/palafito1326.com\/wp-content\/uploads\/2022\/01\/IMG_2728-2.jpg\",\"contentUrl\":\"https:\/\/palafito1326.com\/wp-content\/uploads\/2022\/01\/IMG_2728-2.jpg\",\"width\":1440,\"height\":960},{\"@type\":\"BreadcrumbList\",\"@id\":\"https:\/\/palafito1326.com\/pt-br\/producto\/atun-y-papa-chilota\/#breadcrumb\",\"itemListElement\":[{\"@type\":\"ListItem\",\"position\":1,\"name\":\"Portada\",\"item\":\"https:\/\/palafito1326.com\/pt-br\/\"},{\"@type\":\"ListItem\",\"position\":2,\"name\":\"At\u00fan y papa chilota\"}]},{\"@type\":\"WebSite\",\"@id\":\"https:\/\/palafito1326.com\/pt-br\/#website\",\"url\":\"https:\/\/palafito1326.com\/pt-br\/\",\"name\":\"Palafito 1326\",\"description\":\"Boutique Hotel\",\"publisher\":{\"@id\":\"https:\/\/palafito1326.com\/pt-br\/#organization\"},\"potentialAction\":[{\"@type\":\"SearchAction\",\"target\":{\"@type\":\"EntryPoint\",\"urlTemplate\":\"https:\/\/palafito1326.com\/pt-br\/?s={search_term_string}\"},\"query-input\":{\"@type\":\"PropertyValueSpecification\",\"valueRequired\":true,\"valueName\":\"search_term_string\"}}],\"inLanguage\":\"pt-BR\"},{\"@type\":\"Organization\",\"@id\":\"https:\/\/palafito1326.com\/pt-br\/#organization\",\"name\":\"Palafito 1326 Hotel Boutique\",\"url\":\"https:\/\/palafito1326.com\/pt-br\/\",\"logo\":{\"@type\":\"ImageObject\",\"inLanguage\":\"pt-BR\",\"@id\":\"https:\/\/palafito1326.com\/pt-br\/#\/schema\/logo\/image\/\",\"url\":\"https:\/\/palafito1326.com\/wp-content\/uploads\/2020\/10\/Palafito-1326-c.svg\",\"contentUrl\":\"https:\/\/palafito1326.com\/wp-content\/uploads\/2020\/10\/Palafito-1326-c.svg\",\"width\":202,\"height\":48,\"caption\":\"Palafito 1326 Hotel Boutique\"},\"image\":{\"@id\":\"https:\/\/palafito1326.com\/pt-br\/#\/schema\/logo\/image\/\"}}]}<\/script>\n<!-- \/ Yoast SEO plugin. -->","yoast_head_json":{"title":"At\u00fan y papa chilota - Palafito 1326","robots":{"index":"index","follow":"follow","max-snippet":"max-snippet:-1","max-image-preview":"max-image-preview:large","max-video-preview":"max-video-preview:-1"},"canonical":"https:\/\/palafito1326.com\/pt-br\/producto\/atun-y-papa-chilota\/","og_locale":"pt_BR","og_type":"article","og_title":"At\u00fan y papa chilota - Palafito 1326","og_description":"At\u00fan sellado en su punto, con una salsa de camarones y servido con una lasa\u00f1a de papa chilota.","og_url":"https:\/\/palafito1326.com\/pt-br\/producto\/atun-y-papa-chilota\/","og_site_name":"Palafito 1326","article_modified_time":"2023-10-20T19:28:01+00:00","og_image":[{"width":1440,"height":960,"url":"https:\/\/palafito1326.com\/wp-content\/uploads\/2022\/01\/IMG_2728-2.jpg","type":"image\/jpeg"}],"twitter_card":"summary_large_image","schema":{"@context":"https:\/\/schema.org","@graph":[{"@type":"WebPage","@id":"https:\/\/palafito1326.com\/pt-br\/producto\/atun-y-papa-chilota\/","url":"https:\/\/palafito1326.com\/pt-br\/producto\/atun-y-papa-chilota\/","name":"At\u00fan y papa chilota - Palafito 1326","isPartOf":{"@id":"https:\/\/palafito1326.com\/pt-br\/#website"},"primaryImageOfPage":{"@id":"https:\/\/palafito1326.com\/pt-br\/producto\/atun-y-papa-chilota\/#primaryimage"},"image":{"@id":"https:\/\/palafito1326.com\/pt-br\/producto\/atun-y-papa-chilota\/#primaryimage"},"thumbnailUrl":"https:\/\/palafito1326.com\/wp-content\/uploads\/2022\/01\/IMG_2728-2.jpg","datePublished":"2022-01-29T01:35:23+00:00","dateModified":"2023-10-20T19:28:01+00:00","breadcrumb":{"@id":"https:\/\/palafito1326.com\/pt-br\/producto\/atun-y-papa-chilota\/#breadcrumb"},"inLanguage":"pt-BR","potentialAction":[{"@type":"ReadAction","target":["https:\/\/palafito1326.com\/pt-br\/producto\/atun-y-papa-chilota\/"]}]},{"@type":"ImageObject","inLanguage":"pt-BR","@id":"https:\/\/palafito1326.com\/pt-br\/producto\/atun-y-papa-chilota\/#primaryimage","url":"https:\/\/palafito1326.com\/wp-content\/uploads\/2022\/01\/IMG_2728-2.jpg","contentUrl":"https:\/\/palafito1326.com\/wp-content\/uploads\/2022\/01\/IMG_2728-2.jpg","width":1440,"height":960},{"@type":"BreadcrumbList","@id":"https:\/\/palafito1326.com\/pt-br\/producto\/atun-y-papa-chilota\/#breadcrumb","itemListElement":[{"@type":"ListItem","position":1,"name":"Portada","item":"https:\/\/palafito1326.com\/pt-br\/"},{"@type":"ListItem","position":2,"name":"At\u00fan y papa chilota"}]},{"@type":"WebSite","@id":"https:\/\/palafito1326.com\/pt-br\/#website","url":"https:\/\/palafito1326.com\/pt-br\/","name":"Palafito 1326","description":"Boutique Hotel","publisher":{"@id":"https:\/\/palafito1326.com\/pt-br\/#organization"},"potentialAction":[{"@type":"SearchAction","target":{"@type":"EntryPoint","urlTemplate":"https:\/\/palafito1326.com\/pt-br\/?s={search_term_string}"},"query-input":{"@type":"PropertyValueSpecification","valueRequired":true,"valueName":"search_term_string"}}],"inLanguage":"pt-BR"},{"@type":"Organization","@id":"https:\/\/palafito1326.com\/pt-br\/#organization","name":"Palafito 1326 Hotel Boutique","url":"https:\/\/palafito1326.com\/pt-br\/","logo":{"@type":"ImageObject","inLanguage":"pt-BR","@id":"https:\/\/palafito1326.com\/pt-br\/#\/schema\/logo\/image\/","url":"https:\/\/palafito1326.com\/wp-content\/uploads\/2020\/10\/Palafito-1326-c.svg","contentUrl":"https:\/\/palafito1326.com\/wp-content\/uploads\/2020\/10\/Palafito-1326-c.svg","width":202,"height":48,"caption":"Palafito 1326 Hotel Boutique"},"image":{"@id":"https:\/\/palafito1326.com\/pt-br\/#\/schema\/logo\/image\/"}}]}},"_links":{"self":[{"href":"https:\/\/palafito1326.com\/pt-br\/wp-json\/wp\/v2\/product\/156927","targetHints":{"allow":["GET"]}}],"collection":[{"href":"https:\/\/palafito1326.com\/pt-br\/wp-json\/wp\/v2\/product"}],"about":[{"href":"https:\/\/palafito1326.com\/pt-br\/wp-json\/wp\/v2\/types\/product"}],"version-history":[{"count":4,"href":"https:\/\/palafito1326.com\/pt-br\/wp-json\/wp\/v2\/product\/156927\/revisions"}],"predecessor-version":[{"id":161370,"href":"https:\/\/palafito1326.com\/pt-br\/wp-json\/wp\/v2\/product\/156927\/revisions\/161370"}],"wp:featuredmedia":[{"embeddable":true,"href":"https:\/\/palafito1326.com\/pt-br\/wp-json\/wp\/v2\/media\/166038"}],"wp:attachment":[{"href":"https:\/\/palafito1326.com\/pt-br\/wp-json\/wp\/v2\/media?parent=156927"}],"wp:term":[{"taxonomy":"product_brand","embeddable":true,"href":"https:\/\/palafito1326.com\/pt-br\/wp-json\/wp\/v2\/product_brand?post=156927"},{"taxonomy":"product_cat","embeddable":true,"href":"https:\/\/palafito1326.com\/pt-br\/wp-json\/wp\/v2\/product_cat?post=156927"},{"taxonomy":"product_tag","embeddable":true,"href":"https:\/\/palafito1326.com\/pt-br\/wp-json\/wp\/v2\/product_tag?post=156927"}],"curies":[{"name":"wp","href":"https:\/\/api.w.org\/{rel}","templated":true}]}}